{"id":52584,"date":"2019-05-29T12:25:30","date_gmt":"2019-05-29T10:25:30","guid":{"rendered":"http:\/\/www.libraria-occitana.org\/product\/los-contes-de-lagaca-les-contes-de-la-pie\/"},"modified":"2026-04-03T05:46:53","modified_gmt":"2026-04-03T03:46:53","slug":"los-contes-de-lagaca-les-contes-de-la-pie","status":"publish","type":"product","link":"https:\/\/www.libraria-occitana.org\/oc\/produch\/los-contes-de-lagaca-les-contes-de-la-pie\/","title":{"rendered":"Los contes de l&#8217;aga\u00e7a &#8211; Les contes de la pie"},"content":{"rendered":"<p>Si je veux me souvenir au mieux de notre langue d\u2019oc telle qu\u2019on la parlait dans le temps en P\u00e9rigord, si je veux la retrouver dans toute sa saveur, j\u2019ai besoin, moi, de revoir par la m\u00e9moire les gens d\u2019autrefois en train de discuter. Revivent ainsi devant mes yeux tous ces hommes et femmes qui allaient et venaient autour de moi dans le Bergeracois lorsque j\u2019\u00e9tais gosse.<\/p>\n<p>Consid\u00e9rant alors dans mes souvenirs ce qui s\u2019\u00e9tait pass\u00e9 pr\u00e8s de moi \u00e0 l\u2019\u00e9poque, ou ce qui, enfant, se racontait en ma pr\u00e9sence, souvent le miracle se produit : j\u2019entends encore parler tous ces anciens, aujourd\u2019hui disparus. Je puis ainsi \u00e9couter \u00e0 nouveau ce qui s\u2019\u00e9tait dit \u00e0 cet instant ! Et parmi tout ce que je r\u00e9entends, il n\u2019est pas rare que je retrouve une expression, une mani\u00e8re de dire ou un mot que j\u2019avais oubli\u00e9.<\/p>\n<p>Mais, vous le savez comme moi, la m\u00e9moire, assez souvent, se souvient mieux de ce qui sort un peu de l\u2019ordinaire. C\u2019est ainsi que me sont revenus peu \u00e0 peu, l\u2019un apr\u00e8s l\u2019autre, tous ces exploits, petits ou grands, des fac\u00e9ties le plus souvent, mais pas toujours, que j\u2019ai aussit\u00f4t not\u00e9s. Si bien qu\u2019enfin j\u2019ai song\u00e9 \u00e0 les rassembler dans un livre que j\u2019ai appel\u00e9 \u00ab les contes de la pie \u00bb. Je l\u2019ai fait parce que, je me suis aper\u00e7u qu\u2019\u00e0 travers toutes ces histoires, quelque chose d\u2019autre apparaissait : une foi, un sens de la vie, une civilisation, oserais-je dire, en somme un peu du c\u0153ur le plus profond et de l\u2019\u00e2me de nos anciens. Le plus beau, c\u2019est que ces contes sont presque tous r\u00e9els\u2026 ou me furent donn\u00e9s pour tels. Et, connaissant les P\u00e9rigourdins comme ils \u00e9taient \u00e0 l\u2019\u00e9poque, oui, tous ou \u00e0 peu pr\u00e8s, pourraient bien \u00eatre vrais !<\/p>\n<p>Alors je ne vois pas pourquoi vous ne devriez pas en profiter vous aussi.<\/p>\n","protected":false},"excerpt":{"rendered":"<p>Si je veux me souvenir au mieux de notre langue d\u2019oc telle qu\u2019on la parlait dans le temps en P\u00e9rigord, si je veux la retrouver dans toute sa saveur, j\u2019ai besoin, moi, de revoir par la m\u00e9moire les gens d\u2019autrefois en train de discuter. Revivent ainsi devant mes yeux tous ces hommes et femmes qui [&hellip;]<\/p>\n","protected":false},"featured_media":52573,"template":"","meta":{"_acf_changed":false,"_genesis_hide_title":false,"_genesis_hide_breadcrumbs":false,"_genesis_hide_singular_image":false,"_genesis_hide_footer_widgets":false,"_genesis_custom_body_class":"","_genesis_custom_post_class":"","_genesis_layout":""},"product_brand":[],"product_cat":[7177,7133,7175],"product_tag":[],"class_list":{"0":"post-52584","1":"product","2":"type-product","3":"status-publish","4":"has-post-thumbnail","6":"product_cat-contes-fablas-oc","7":"product_cat-libres-oc","8":"product_cat-literatura-oc","9":"pa_auteur-chalmel-patrick-oc","10":"pa_editeur-lo-bornat-dau-perigord-oc","11":"pa_langue-occitan-lengadocian-oc","12":"pa_langue-occitan-francais-oc","13":"entry","15":"first","16":"instock","17":"shipping-taxable","18":"purchasable","19":"product-type-simple"},"acf":[],"_links":{"self":[{"href":"https:\/\/www.libraria-occitana.org\/oc\/wp-json\/wp\/v2\/product\/52584","targetHints":{"allow":["GET"]}}],"collection":[{"href":"https:\/\/www.libraria-occitana.org\/oc\/wp-json\/wp\/v2\/product"}],"about":[{"href":"https:\/\/www.libraria-occitana.org\/oc\/wp-json\/wp\/v2\/types\/product"}],"wp:featuredmedia":[{"embeddable":true,"href":"https:\/\/www.libraria-occitana.org\/oc\/wp-json\/wp\/v2\/media\/52573"}],"wp:attachment":[{"href":"https:\/\/www.libraria-occitana.org\/oc\/wp-json\/wp\/v2\/media?parent=52584"}],"wp:term":[{"taxonomy":"product_brand","embeddable":true,"href":"https:\/\/www.libraria-occitana.org\/oc\/wp-json\/wp\/v2\/product_brand?post=52584"},{"taxonomy":"product_cat","embeddable":true,"href":"https:\/\/www.libraria-occitana.org\/oc\/wp-json\/wp\/v2\/product_cat?post=52584"},{"taxonomy":"product_tag","embeddable":true,"href":"https:\/\/www.libraria-occitana.org\/oc\/wp-json\/wp\/v2\/product_tag?post=52584"}],"curies":[{"name":"wp","href":"https:\/\/api.w.org\/{rel}","templated":true}]}}