{"id":52587,"date":"2020-09-29T14:47:10","date_gmt":"2020-09-29T12:47:10","guid":{"rendered":"http:\/\/www.libraria-occitana.org\/?post_type=product&#038;p=52587"},"modified":"2026-04-13T22:12:03","modified_gmt":"2026-04-13T20:12:03","slug":"la-dame-graal-chansons-de-rigaud-de-barbezieux","status":"publish","type":"product","link":"https:\/\/www.libraria-occitana.org\/oc\/produch\/la-dame-graal-chansons-de-rigaud-de-barbezieux\/","title":{"rendered":"Les braves heures du Moine de Montaudon"},"content":{"rendered":"<blockquote>\n<p>E si merces no.m pot valer<br \/>\nab vos, domna, c&#8217;us messagiers privatz<br \/>\nparles per mi, qu&#8217;eu no.n sui azinatz<br \/>\ns&#8217;eu n&#8217;ai passat u pauc vostres comans<br \/>\nperdonatz me, bona domna presans,<br \/>\nqu&#8217;eu vos tramis u messatg&#8217; avinen<br \/>\nmon cor, l&#8217;autrier, que.m laisset en durmen<br \/>\nab vos remas, domna, et ab vos es<br \/>\nde bon loc moc &#8211; mal en meillor s&#8217;es mes.<\/p>\n<p>Et si merci ne peux rien me valoir<br \/>\nde vous, dame, qu&#8217;un messager secret<br \/>\nparle pour moi qui n&#8217;y suis dispos\u00e9.<br \/>\nSi j&#8217;ai enfreint un peu votre consigne<br \/>\npardonnez-moi, bonne dame insigne<br \/>\ncar je vous offre un messager charmant<br \/>\nmon c\u0153ur, l&#8217;autre soir endormi me quittant<br \/>\nalla chez vous, dame, et chez vous demeure ;<br \/>\nd&#8217;un bon lieu pris, s&#8217;est mis en un meilleur.<\/p>\n<\/blockquote>\n<p>Un moine troubadour, et pourquoi pas ? Musique et po\u00e9sie s&#8217;apprenaient bien jadis dans les monast\u00e8res\u2026 Quant \u00e0 la <em>fin&#8217;amor<\/em>, loin d&#8217;\u00eatre r\u00e9serv\u00e9e aux la\u00efcs, elle rayonne sur toute la soci\u00e9t\u00e9 en cette fin du XIIe si\u00e8cle si joyeusement \u00e9prise de beaut\u00e9, d&#8217;alacrit\u00e9 d&#8217;esprit, et d&#8217;impertinence. C&#8217;est donc des confins d&#8217;Auvergne pr\u00e8s d&#8217;Aurillac, que se leva notre Moine vers 1190 pour tenir son r\u00f4le d&#8217;amant empreint de d\u00e9votion, d&#8217;arbitre du bel usage du verbe et du geste en Cour du Puy, enfin le pol\u00e9miste ac\u00e9r\u00e9, y compris sur les dames, jusque dans les confins\u2026 du Paradis.<\/p>\n<p>\u00c0 cela s&#8217;ajoutent les saillies d&#8217;humeur et d&#8217;humour qui lui inspirent la fameuse satire de ses confr\u00e8res troubadours. Ce qui n&#8217;emp\u00eachera pas notre po\u00e8te en bure de pr\u00eacher l&#8217;\u00c9vangile aussi simplement que le compagnon du Poverello d&#8217;Assise qu&#8217;il aurait pu \u00eatre\u2026 Ce m\u00e9lange des genres nous a tant plu qu&#8217;il nous fallait partager les saveurs de ce \u00ab Livre d&#8217;heures monastiques \u00bb aux pages inattendues.<\/p>\n<p style=\"text-align: right;\">Luc de Goustine<\/p>\n","protected":false},"excerpt":{"rendered":"<p>E si merces no.m pot valer ab vos, domna, c&#8217;us messagiers privatz parles per mi, qu&#8217;eu no.n sui azinatz s&#8217;eu n&#8217;ai passat u pauc vostres comans perdonatz me, bona domna presans, qu&#8217;eu vos tramis u messatg&#8217; avinen mon cor, l&#8217;autrier, que.m laisset en durmen ab vos remas, domna, et ab vos es de bon loc [&hellip;]<\/p>\n","protected":false},"featured_media":52576,"template":"","meta":{"_acf_changed":false,"_genesis_hide_title":false,"_genesis_hide_breadcrumbs":false,"_genesis_hide_singular_image":false,"_genesis_hide_footer_widgets":false,"_genesis_custom_body_class":"","_genesis_custom_post_class":"","_genesis_layout":""},"product_brand":[],"product_cat":[7133,7175,7181],"product_tag":[],"class_list":{"0":"post-52587","1":"product","2":"type-product","3":"status-publish","4":"has-post-thumbnail","6":"product_cat-libres-oc","7":"product_cat-literatura-oc","8":"product_cat-poesia-oc","9":"pa_auteur-moine-de-montaudon-oc","10":"pa_editeur-federop-oc","11":"pa_illustrateur-goustine-luc-de-oc","12":"pa_langue-occitan-medievau-oc","13":"pa_langue-occitan-francais-oc","14":"entry","16":"first","17":"instock","18":"shipping-taxable","19":"purchasable","20":"product-type-simple"},"acf":[],"_links":{"self":[{"href":"https:\/\/www.libraria-occitana.org\/oc\/wp-json\/wp\/v2\/product\/52587","targetHints":{"allow":["GET"]}}],"collection":[{"href":"https:\/\/www.libraria-occitana.org\/oc\/wp-json\/wp\/v2\/product"}],"about":[{"href":"https:\/\/www.libraria-occitana.org\/oc\/wp-json\/wp\/v2\/types\/product"}],"wp:featuredmedia":[{"embeddable":true,"href":"https:\/\/www.libraria-occitana.org\/oc\/wp-json\/wp\/v2\/media\/52576"}],"wp:attachment":[{"href":"https:\/\/www.libraria-occitana.org\/oc\/wp-json\/wp\/v2\/media?parent=52587"}],"wp:term":[{"taxonomy":"product_brand","embeddable":true,"href":"https:\/\/www.libraria-occitana.org\/oc\/wp-json\/wp\/v2\/product_brand?post=52587"},{"taxonomy":"product_cat","embeddable":true,"href":"https:\/\/www.libraria-occitana.org\/oc\/wp-json\/wp\/v2\/product_cat?post=52587"},{"taxonomy":"product_tag","embeddable":true,"href":"https:\/\/www.libraria-occitana.org\/oc\/wp-json\/wp\/v2\/product_tag?post=52587"}],"curies":[{"name":"wp","href":"https:\/\/api.w.org\/{rel}","templated":true}]}}