{"id":52650,"date":"2020-10-15T11:11:01","date_gmt":"2020-10-15T09:11:01","guid":{"rendered":"http:\/\/www.libraria-occitana.org\/?post_type=product&#038;p=52650"},"modified":"2026-04-29T07:06:07","modified_gmt":"2026-04-29T05:06:07","slug":"travaux-darcheologie-limousine-tome-40","status":"publish","type":"product","link":"https:\/\/www.libraria-occitana.org\/oc\/produch\/travaux-darcheologie-limousine-tome-40\/","title":{"rendered":"Travaux d&#8217;arch\u00e9ologie limousine Tome 40"},"content":{"rendered":"<p><strong>Pr\u00e9histoire et protohistoire<\/strong><\/p>\n<ul>\n<li>Claude Mouret, Le site arch\u00e9ologique de Chabr\u00e9ly (c. de Benayes, Corr\u00e8ze)<\/li>\n<\/ul>\n<p>&nbsp;<\/p>\n<p><strong>Antiquit\u00e9<\/strong><\/p>\n<ul>\n<li>Jean-Pierre Loustaud, Le faste des \u00e9lites urbaines l\u00e9movices. \u00c9l\u00e9ments de d\u00e9cors en <em>opus sectile<\/em> dans deux grandes demeures aristocratiques d&#8217;<em>Augustoritum<\/em>\/Limoges<\/li>\n<li>Jean-Pierre Bost, Snobisme onomastique \u00e0 <em>Augustoritum<\/em> ?<\/li>\n<li>Paul Facq et Jean-Pierre Floc&#8217;h, D\u00e9couverte d&#8217;un vestige de borne routi\u00e8re romaine massive dans le bourg de Rancon (H.-V.)<\/li>\n<li>Jean-Michel Desbordes, Les arpenteurs romains furent-ils \u00e0 l&#8217;origine des limites de l&#8217;ancien dioc\u00e8se de Limoges ?<\/li>\n<li>Laurent Pelpel, L&#8217;aqueduc gallo-romain de Limoges\/<em>Augustoritum<\/em>, d&#8217;apr\u00e8s un plan de 1769<\/li>\n<li>Robert Bedon, Apports de la correspondance de Ruricius, \u00e9v\u00eaque de Limoges (fin du Ve &#8211; d\u00e9but du VIe si\u00e8cle) \u00e0 l&#8217;arch\u00e9ologie limousine<\/li>\n<\/ul>\n<p>&nbsp;<\/p>\n<p><strong>Moyen \u00c2ge<\/strong><\/p>\n<ul>\n<li>Philippe Racinet, Sites castraux pr\u00e9coces et mottes multiples : le site du village des Mottes (c. de Saint-Oradoux-de-Chirouze, Creuse) et quelques comparaisons creusoises<\/li>\n<li>Christophe Maniquet, Toulx-Sainte-Croix (Creuse) et ses \u00e9glises : une longue histoire marqu\u00e9e par saint Martial<\/li>\n<li>Christian Davy, Les d\u00e9cors peints de la commanderie de Paulhac (c. de Fursac, Creuse)<\/li>\n<li>Nicole Raynaud, Recherche de l&#8217;aire de diffusion des sarcophages en br\u00e8che de Chassenon<\/li>\n<\/ul>\n","protected":false},"excerpt":{"rendered":"<p>Pr\u00e9histoire et protohistoire Claude Mouret, Le site arch\u00e9ologique de Chabr\u00e9ly (c. de Benayes, Corr\u00e8ze) &nbsp; Antiquit\u00e9 Jean-Pierre Loustaud, Le faste des \u00e9lites urbaines l\u00e9movices. \u00c9l\u00e9ments de d\u00e9cors en opus sectile dans deux grandes demeures aristocratiques d&#8217;Augustoritum\/Limoges Jean-Pierre Bost, Snobisme onomastique \u00e0 Augustoritum ? Paul Facq et Jean-Pierre Floc&#8217;h, D\u00e9couverte d&#8217;un vestige de borne routi\u00e8re romaine [&hellip;]<\/p>\n","protected":false},"featured_media":52653,"template":"","meta":{"_acf_changed":false,"_genesis_hide_title":false,"_genesis_hide_breadcrumbs":false,"_genesis_hide_singular_image":false,"_genesis_hide_footer_widgets":false,"_genesis_custom_body_class":"","_genesis_custom_post_class":"","_genesis_layout":""},"product_brand":[],"product_cat":[7155,7161,7149,7133],"product_tag":[],"class_list":{"0":"post-52650","1":"product","2":"type-product","3":"status-publish","4":"has-post-thumbnail","6":"product_cat-istoria-antica-oc","7":"product_cat-istoria-medievala-oc","8":"product_cat-istoria-geografia-oc","9":"product_cat-libres-oc","10":"pa_auteur-collectiu-oc-2","11":"pa_editeur-archeologie-en-limousin-oc","12":"pa_langue-francais-oc","13":"entry","15":"first","16":"instock","17":"shipping-taxable","18":"purchasable","19":"product-type-simple"},"acf":[],"_links":{"self":[{"href":"https:\/\/www.libraria-occitana.org\/oc\/wp-json\/wp\/v2\/product\/52650","targetHints":{"allow":["GET"]}}],"collection":[{"href":"https:\/\/www.libraria-occitana.org\/oc\/wp-json\/wp\/v2\/product"}],"about":[{"href":"https:\/\/www.libraria-occitana.org\/oc\/wp-json\/wp\/v2\/types\/product"}],"wp:featuredmedia":[{"embeddable":true,"href":"https:\/\/www.libraria-occitana.org\/oc\/wp-json\/wp\/v2\/media\/52653"}],"wp:attachment":[{"href":"https:\/\/www.libraria-occitana.org\/oc\/wp-json\/wp\/v2\/media?parent=52650"}],"wp:term":[{"taxonomy":"product_brand","embeddable":true,"href":"https:\/\/www.libraria-occitana.org\/oc\/wp-json\/wp\/v2\/product_brand?post=52650"},{"taxonomy":"product_cat","embeddable":true,"href":"https:\/\/www.libraria-occitana.org\/oc\/wp-json\/wp\/v2\/product_cat?post=52650"},{"taxonomy":"product_tag","embeddable":true,"href":"https:\/\/www.libraria-occitana.org\/oc\/wp-json\/wp\/v2\/product_tag?post=52650"}],"curies":[{"name":"wp","href":"https:\/\/api.w.org\/{rel}","templated":true}]}}