{"id":52674,"date":"2020-10-22T10:55:16","date_gmt":"2020-10-22T08:55:16","guid":{"rendered":"http:\/\/www.libraria-occitana.org\/?post_type=product&#038;p=52674"},"modified":"2026-04-17T02:06:37","modified_gmt":"2026-04-17T00:06:37","slug":"grammaire-limousine-lemouzi-n223-bis","status":"publish","type":"product","link":"https:\/\/www.libraria-occitana.org\/oc\/produch\/grammaire-limousine-lemouzi-n223-bis\/","title":{"rendered":"Grammaire limousine \/ Lemouzi N\u00b0223 bis"},"content":{"rendered":"<p style=\"text-align: left;\">\u00ab [&#8230;] la <em>Grammaire limousine<\/em>, dans sa quatri\u00e8me version, ob\u00e9it \u00e0 une m\u00e9thode simple, cantonn\u00e9e \u00e0 l&#8217;essentiel mais qui permet n\u00e9anmoins une bonne introduction \u00e0 la connaissance de la langue d&#8217;oc du Limousin. \u00bb<\/p>\n<p style=\"text-align: right;\">Michel Tintou<\/p>\n","protected":false},"excerpt":{"rendered":"<p>\u00ab [&#8230;] la Grammaire limousine, dans sa quatri\u00e8me version, ob\u00e9it \u00e0 une m\u00e9thode simple, cantonn\u00e9e \u00e0 l&#8217;essentiel mais qui permet n\u00e9anmoins une bonne introduction \u00e0 la connaissance de la langue d&#8217;oc du Limousin. \u00bb Michel Tintou<\/p>\n","protected":false},"featured_media":52677,"template":"","meta":{"_acf_changed":false,"_genesis_hide_title":false,"_genesis_hide_breadcrumbs":false,"_genesis_hide_singular_image":false,"_genesis_hide_footer_widgets":false,"_genesis_custom_body_class":"","_genesis_custom_post_class":"","_genesis_layout":""},"product_brand":[],"product_cat":[7139,7137,7133],"product_tag":[],"class_list":{"0":"post-52674","1":"product","2":"type-product","3":"status-publish","4":"has-post-thumbnail","6":"product_cat-diccionaris-gramaticas-oc","7":"product_cat-diccionaris-lenga-escolar-oc","8":"product_cat-libres-oc","9":"pa_auteur-tintou-michel-oc","10":"pa_editeur-lemouzi-oc","11":"pa_langue-francais-oc","12":"pa_langue-occitan-oc","13":"pa_langue-occitan-lemosin-oc","14":"entry","16":"first","17":"instock","18":"shipping-taxable","19":"purchasable","20":"product-type-simple"},"acf":[],"_links":{"self":[{"href":"https:\/\/www.libraria-occitana.org\/oc\/wp-json\/wp\/v2\/product\/52674","targetHints":{"allow":["GET"]}}],"collection":[{"href":"https:\/\/www.libraria-occitana.org\/oc\/wp-json\/wp\/v2\/product"}],"about":[{"href":"https:\/\/www.libraria-occitana.org\/oc\/wp-json\/wp\/v2\/types\/product"}],"wp:featuredmedia":[{"embeddable":true,"href":"https:\/\/www.libraria-occitana.org\/oc\/wp-json\/wp\/v2\/media\/52677"}],"wp:attachment":[{"href":"https:\/\/www.libraria-occitana.org\/oc\/wp-json\/wp\/v2\/media?parent=52674"}],"wp:term":[{"taxonomy":"product_brand","embeddable":true,"href":"https:\/\/www.libraria-occitana.org\/oc\/wp-json\/wp\/v2\/product_brand?post=52674"},{"taxonomy":"product_cat","embeddable":true,"href":"https:\/\/www.libraria-occitana.org\/oc\/wp-json\/wp\/v2\/product_cat?post=52674"},{"taxonomy":"product_tag","embeddable":true,"href":"https:\/\/www.libraria-occitana.org\/oc\/wp-json\/wp\/v2\/product_tag?post=52674"}],"curies":[{"name":"wp","href":"https:\/\/api.w.org\/{rel}","templated":true}]}}