{"id":52733,"date":"2020-10-23T14:11:24","date_gmt":"2020-10-23T12:11:24","guid":{"rendered":"http:\/\/www.libraria-occitana.org\/product\/pilula-roja\/"},"modified":"2026-04-15T22:41:53","modified_gmt":"2026-04-15T20:41:53","slug":"pilula-roja","status":"publish","type":"product","link":"https:\/\/www.libraria-occitana.org\/oc\/produch\/pilula-roja\/","title":{"rendered":"Pilula roja"},"content":{"rendered":"<p>\u00ab Adonc, ja qu\u2019avosse contribuit \u2013 o lh\u00e8u per\u2019mor qu\u2019av\u00e8 contribuit \u2013 per las soas rec\u00e8rcas a desvolopar la teoria de la gravitacion quantica d\u2019an\u00e8ths, presentada mei anar mei com ua rivau seriosa a la teoria de las c\u00f2rdas ent\u00e0 unificar la relativitat generau e los conc\u00e8ptes de fisica quantica, Matthew qu\u2019av\u00e8 sentit, aubirat o compr\u00e9s \u2013 ne s\u00e8i pas quau mot e convien lo mei \u2013 que las duas teorias, especulativas au del\u00e0, ne pod\u00e8n pas miar enl\u00f2c. E la consci\u00e9ncia aguda, dolorosa, d\u2019aquera mauescaduda de l\u2019esperit uman que\u2019u deish\u00e8, ad eth qui av\u00e8 dedicat la soa joena vita a descobrir los secrets de la mat\u00e8ria, com anequelit. \u00bb<\/p>\n<p>E si precisament e val\u00e8 mei non pas saber \u00e7\u00f2 qui s\u2019escon darr\u00e8r l\u2019apar\u00e9ncia de las causas ? Non ser\u00e9 pas mei avisat de refusar de pr\u00e9ner la pilula roja quan nse\u2019n h\u00e8n l\u2019auh\u00e8rta ? A cadun de s\u2019ac v\u00e9der. Ua causa qu\u2019ei segura : qu\u2019ei un anar shens tornar.<\/p>\n","protected":false},"excerpt":{"rendered":"<p>\u00ab Adonc, ja qu\u2019avosse contribuit \u2013 o lh\u00e8u per\u2019mor qu\u2019av\u00e8 contribuit \u2013 per las soas rec\u00e8rcas a desvolopar la teoria de la gravitacion quantica d\u2019an\u00e8ths, presentada mei anar mei com ua rivau seriosa a la teoria de las c\u00f2rdas ent\u00e0 unificar la relativitat generau e los conc\u00e8ptes de fisica quantica, Matthew qu\u2019av\u00e8 sentit, aubirat o [&hellip;]<\/p>\n","protected":false},"featured_media":52708,"template":"","meta":{"_acf_changed":false,"_genesis_hide_title":false,"_genesis_hide_breadcrumbs":false,"_genesis_hide_singular_image":false,"_genesis_hide_footer_widgets":false,"_genesis_custom_body_class":"","_genesis_custom_post_class":"","_genesis_layout":""},"product_brand":[],"product_cat":[7133,7175,7183],"product_tag":[],"class_list":{"0":"post-52733","1":"product","2":"type-product","3":"status-publish","4":"has-post-thumbnail","6":"product_cat-libres-oc","7":"product_cat-literatura-oc","8":"product_cat-romans-novelas-oc","9":"pa_auteur-biu-felip-oc","10":"pa_editeur-per-noste-oc","11":"pa_langue-occitan-oc","12":"pa_langue-occitan-gascon-oc","13":"entry","15":"first","16":"outofstock","17":"shipping-taxable","18":"purchasable","19":"product-type-simple"},"acf":[],"_links":{"self":[{"href":"https:\/\/www.libraria-occitana.org\/oc\/wp-json\/wp\/v2\/product\/52733","targetHints":{"allow":["GET"]}}],"collection":[{"href":"https:\/\/www.libraria-occitana.org\/oc\/wp-json\/wp\/v2\/product"}],"about":[{"href":"https:\/\/www.libraria-occitana.org\/oc\/wp-json\/wp\/v2\/types\/product"}],"wp:featuredmedia":[{"embeddable":true,"href":"https:\/\/www.libraria-occitana.org\/oc\/wp-json\/wp\/v2\/media\/52708"}],"wp:attachment":[{"href":"https:\/\/www.libraria-occitana.org\/oc\/wp-json\/wp\/v2\/media?parent=52733"}],"wp:term":[{"taxonomy":"product_brand","embeddable":true,"href":"https:\/\/www.libraria-occitana.org\/oc\/wp-json\/wp\/v2\/product_brand?post=52733"},{"taxonomy":"product_cat","embeddable":true,"href":"https:\/\/www.libraria-occitana.org\/oc\/wp-json\/wp\/v2\/product_cat?post=52733"},{"taxonomy":"product_tag","embeddable":true,"href":"https:\/\/www.libraria-occitana.org\/oc\/wp-json\/wp\/v2\/product_tag?post=52733"}],"curies":[{"name":"wp","href":"https:\/\/api.w.org\/{rel}","templated":true}]}}