{"id":52775,"date":"2020-10-29T12:18:22","date_gmt":"2020-10-29T11:18:22","guid":{"rendered":"http:\/\/www.libraria-occitana.org\/product\/contes-de-la-val-de-la-boneta-contes-de-la-vallee-de-la-bonnette-libre-cd\/"},"modified":"2026-04-29T10:19:38","modified_gmt":"2026-04-29T08:19:38","slug":"contes-de-la-val-de-la-boneta-contes-de-la-vallee-de-la-bonnette-libre-cd","status":"publish","type":"product","link":"https:\/\/www.libraria-occitana.org\/oc\/produch\/contes-de-la-val-de-la-boneta-contes-de-la-vallee-de-la-bonnette-libre-cd\/","title":{"rendered":"Contes de la val de la Boneta &#8211; Contes de la vall\u00e9e de la Bonnette (libre + CD)"},"content":{"rendered":"<p>Al comen\u00e7ament del s\u00e8gle XXen, entre Carcin e Ro\u00e8rgue, los mainatges d\u2019una esc\u00f2la de vilatge reculhisson un vintenat de contes populars.<\/p>\n<p>I trobaretz lo Rei dels Aus\u00e8ls, lo Lop, lo Rainal e la Perdic, lo Drac, Rapaton, alias lo Diable, n\u00e8cis vertadi\u00e8rs e maites que o son pas brica, curats de campanha simplasses e la rusada nebodeta que va trobar son galant, menaire de lops, la nu\u00e8ch dels Quatre Temps\u2026<br \/>\nDins una lenga viva e fresca coma un jorn de prima.<\/p>\n<p>Muriel Verni\u00e8res a enregistrats totes los contes del recu\u00e8lh (CD junt al libre).<\/p>\n","protected":false},"excerpt":{"rendered":"<p>Al comen\u00e7ament del s\u00e8gle XXen, entre Carcin e Ro\u00e8rgue, los mainatges d\u2019una esc\u00f2la de vilatge reculhisson un vintenat de contes populars. I trobaretz lo Rei dels Aus\u00e8ls, lo Lop, lo Rainal e la Perdic, lo Drac, Rapaton, alias lo Diable, n\u00e8cis vertadi\u00e8rs e maites que o son pas brica, curats de campanha simplasses e la [&hellip;]<\/p>\n","protected":false},"featured_media":52770,"template":"","meta":{"_acf_changed":false,"_genesis_hide_title":false,"_genesis_hide_breadcrumbs":false,"_genesis_hide_singular_image":false,"_genesis_hide_footer_widgets":false,"_genesis_custom_body_class":"","_genesis_custom_post_class":"","_genesis_layout":""},"product_brand":[],"product_cat":[7177,7133,7175],"product_tag":[],"class_list":{"0":"post-52775","1":"product","2":"type-product","3":"status-publish","4":"has-post-thumbnail","6":"product_cat-contes-fablas-oc","7":"product_cat-libres-oc","8":"product_cat-literatura-oc","9":"pa_auteur-collectiu-oc-2","10":"pa_editeur-letras-doc-oc","11":"pa_illustrateur-vernieres-muriel-oc","12":"pa_langue-occitan-lengadocian-oc","13":"pa_langue-occitan-francais-oc","14":"entry","16":"first","17":"instock","18":"shipping-taxable","19":"purchasable","20":"product-type-simple"},"acf":[],"_links":{"self":[{"href":"https:\/\/www.libraria-occitana.org\/oc\/wp-json\/wp\/v2\/product\/52775","targetHints":{"allow":["GET"]}}],"collection":[{"href":"https:\/\/www.libraria-occitana.org\/oc\/wp-json\/wp\/v2\/product"}],"about":[{"href":"https:\/\/www.libraria-occitana.org\/oc\/wp-json\/wp\/v2\/types\/product"}],"wp:featuredmedia":[{"embeddable":true,"href":"https:\/\/www.libraria-occitana.org\/oc\/wp-json\/wp\/v2\/media\/52770"}],"wp:attachment":[{"href":"https:\/\/www.libraria-occitana.org\/oc\/wp-json\/wp\/v2\/media?parent=52775"}],"wp:term":[{"taxonomy":"product_brand","embeddable":true,"href":"https:\/\/www.libraria-occitana.org\/oc\/wp-json\/wp\/v2\/product_brand?post=52775"},{"taxonomy":"product_cat","embeddable":true,"href":"https:\/\/www.libraria-occitana.org\/oc\/wp-json\/wp\/v2\/product_cat?post=52775"},{"taxonomy":"product_tag","embeddable":true,"href":"https:\/\/www.libraria-occitana.org\/oc\/wp-json\/wp\/v2\/product_tag?post=52775"}],"curies":[{"name":"wp","href":"https:\/\/api.w.org\/{rel}","templated":true}]}}