{"id":52778,"date":"2020-10-29T12:33:40","date_gmt":"2020-10-29T11:33:40","guid":{"rendered":"http:\/\/www.libraria-occitana.org\/product\/los-sants-innocents\/"},"modified":"2026-04-29T10:19:42","modified_gmt":"2026-04-29T08:19:42","slug":"los-sants-innocents","status":"publish","type":"product","link":"https:\/\/www.libraria-occitana.org\/oc\/produch\/los-sants-innocents\/","title":{"rendered":"Los sants innocents"},"content":{"rendered":"<p>Dins una escritura viva, ritmada, f\u00f2rta, que nos t\u00f2ca al c\u00f2r, Miguel Delibes, grand romanci\u00e8r espanh\u00f2l del s\u00e8gle XXen, nos balha amb <em>Los sants innocents<\/em>, un cap d\u2019\u00f2bra vertadi\u00e8r.<\/p>\n<p>Dins lo camp\u00e8stre d\u2019Estremadura, al temps dels grands proprietaris, m\u00e8stres e vailets vivon dins de mondes plan despari\u00e8rs. Los paures, estacats a la t\u00e8rra, enduran, cada jorn, someses a la volontat del m\u00e8stre.<br \/>\nMas, dins aquel monde, s\u2019i encontra tanben d\u2019innocents que la sauvatgina esm\u00f2u. Aital es amb Azar\u00edas que sap parlar als auc\u00e8ls e los aprivada : don estranh que ser\u00e0 lo nos del drama final d\u2019aqueste raconte realista e poetic.<\/p>\n<p>Revirat de l\u2019espanh\u00f2l per S\u00e8rgi Carles.<br \/>\nAmb un lexic occitan-franc\u00e9s.<\/p>\n","protected":false},"excerpt":{"rendered":"<p>Dins una escritura viva, ritmada, f\u00f2rta, que nos t\u00f2ca al c\u00f2r, Miguel Delibes, grand romanci\u00e8r espanh\u00f2l del s\u00e8gle XXen, nos balha amb Los sants innocents, un cap d\u2019\u00f2bra vertadi\u00e8r. Dins lo camp\u00e8stre d\u2019Estremadura, al temps dels grands proprietaris, m\u00e8stres e vailets vivon dins de mondes plan despari\u00e8rs. Los paures, estacats a la t\u00e8rra, enduran, cada [&hellip;]<\/p>\n","protected":false},"featured_media":52773,"template":"","meta":{"_acf_changed":false,"_genesis_hide_title":false,"_genesis_hide_breadcrumbs":false,"_genesis_hide_singular_image":false,"_genesis_hide_footer_widgets":false,"_genesis_custom_body_class":"","_genesis_custom_post_class":"","_genesis_layout":""},"product_brand":[],"product_cat":[7133,7175,7183],"product_tag":[],"class_list":{"0":"post-52778","1":"product","2":"type-product","3":"status-publish","4":"has-post-thumbnail","6":"product_cat-libres-oc","7":"product_cat-literatura-oc","8":"product_cat-romans-novelas-oc","9":"pa_auteur-delibes-miguel-oc","10":"pa_editeur-letras-doc-oc","11":"pa_illustrateur-carles-sergi-2-oc","12":"pa_langue-occitan-oc","13":"pa_langue-occitan-lengadocian-oc","14":"entry","16":"first","17":"instock","18":"shipping-taxable","19":"purchasable","20":"product-type-simple"},"acf":[],"_links":{"self":[{"href":"https:\/\/www.libraria-occitana.org\/oc\/wp-json\/wp\/v2\/product\/52778","targetHints":{"allow":["GET"]}}],"collection":[{"href":"https:\/\/www.libraria-occitana.org\/oc\/wp-json\/wp\/v2\/product"}],"about":[{"href":"https:\/\/www.libraria-occitana.org\/oc\/wp-json\/wp\/v2\/types\/product"}],"wp:featuredmedia":[{"embeddable":true,"href":"https:\/\/www.libraria-occitana.org\/oc\/wp-json\/wp\/v2\/media\/52773"}],"wp:attachment":[{"href":"https:\/\/www.libraria-occitana.org\/oc\/wp-json\/wp\/v2\/media?parent=52778"}],"wp:term":[{"taxonomy":"product_brand","embeddable":true,"href":"https:\/\/www.libraria-occitana.org\/oc\/wp-json\/wp\/v2\/product_brand?post=52778"},{"taxonomy":"product_cat","embeddable":true,"href":"https:\/\/www.libraria-occitana.org\/oc\/wp-json\/wp\/v2\/product_cat?post=52778"},{"taxonomy":"product_tag","embeddable":true,"href":"https:\/\/www.libraria-occitana.org\/oc\/wp-json\/wp\/v2\/product_tag?post=52778"}],"curies":[{"name":"wp","href":"https:\/\/api.w.org\/{rel}","templated":true}]}}