{"id":52829,"date":"2020-11-04T13:47:36","date_gmt":"2020-11-04T12:47:36","guid":{"rendered":"http:\/\/www.libraria-occitana.org\/product\/lepopee-perdue-de-loccitan-1983\/"},"modified":"2026-04-29T10:12:58","modified_gmt":"2026-04-29T08:12:58","slug":"lepopee-perdue-de-loccitan-1983","status":"publish","type":"product","link":"https:\/\/www.libraria-occitana.org\/oc\/produch\/lepopee-perdue-de-loccitan-1983\/","title":{"rendered":"L&#8217;\u00e9pop\u00e9e perdue de l&#8217;occitan (1983)"},"content":{"rendered":"<p>Plusieurs linguistes ont montr\u00e9 l\u2019existence d\u2019une litt\u00e9rature \u00e9pique occitane presque enti\u00e8rement perdue\u2009: Claude Fauriel, Gaston Paris, G\u00e9rard Gouiran, Robert Lafont et, pour la <em>Chanson de Roland<\/em>, Rita Lejeune.<\/p>\n<p>Le travail de Jean-Claude Dinguirard relatif \u00e0 l\u2019\u00e9pop\u00e9e perdue de l\u2019occitan agr\u00e8ge de nombreux indices \u00e0 l\u2019appui de la th\u00e8se de l\u2019existence, d\u00e8s le dixi\u00e8me si\u00e8cle, d\u2019un prototype occitan de l\u2019\u00e9pop\u00e9e de Guillaume d\u2019Orange. Parmi ces indices qui empruntent \u00e0 la linguistique, \u00e0 la philologie, \u00e0 la po\u00e9tique, \u00e0 l\u2019ethnographie et \u00e0 l\u2019histoire, l\u2019omnipr\u00e9sence de l\u2019olivier, la place des personnages f\u00e9minins, les syst\u00e8mes successoraux. L\u2019auteur alimente l\u2019enqu\u00eate onomastique sur les toponymes <em>Cornebut<\/em> et <em>Commarchis<\/em> qu\u2019il attribue \u00e0 la lecture par un traducteur de langue d\u2019o\u00efl de la forme languedocienne du toponyme gascon Comminges.<\/p>\n<p>Suivie de documents qui \u00e9clairent le sens de la d\u00e9marche de Dinguirard, <em>L\u2019\u00c9pop\u00e9e perdue de l\u2019occitan<\/em> propose de nouvelles pistes d\u2019investigation dans la qu\u00eate des litt\u00e9ratures d\u2019Oc et plus particuli\u00e8rement, de Gascogne.<\/p>\n","protected":false},"excerpt":{"rendered":"<p>Plusieurs linguistes ont montr\u00e9 l\u2019existence d\u2019une litt\u00e9rature \u00e9pique occitane presque enti\u00e8rement perdue\u2009: Claude Fauriel, Gaston Paris, G\u00e9rard Gouiran, Robert Lafont et, pour la Chanson de Roland, Rita Lejeune. Le travail de Jean-Claude Dinguirard relatif \u00e0 l\u2019\u00e9pop\u00e9e perdue de l\u2019occitan agr\u00e8ge de nombreux indices \u00e0 l\u2019appui de la th\u00e8se de l\u2019existence, d\u00e8s le dixi\u00e8me si\u00e8cle, d\u2019un [&hellip;]<\/p>\n","protected":false},"featured_media":52827,"template":"","meta":{"_acf_changed":false,"_genesis_hide_title":false,"_genesis_hide_breadcrumbs":false,"_genesis_hide_singular_image":false,"_genesis_hide_footer_widgets":false,"_genesis_custom_body_class":"","_genesis_custom_post_class":"","_genesis_layout":""},"product_brand":[],"product_cat":[7189,7133,7175],"product_tag":[],"class_list":{"0":"post-52829","1":"product","2":"type-product","3":"status-publish","4":"has-post-thumbnail","6":"product_cat-estudis-literaris-oc","7":"product_cat-libres-oc","8":"product_cat-literatura-oc","9":"pa_auteur-dinguirard-jean-claude-oc","10":"pa_editeur-lambert-lucas-oc","11":"pa_illustrateur-escude-pierre-1-oc","12":"pa_langue-francais-oc","13":"entry","15":"first","16":"outofstock","17":"shipping-taxable","18":"purchasable","19":"product-type-simple"},"acf":[],"_links":{"self":[{"href":"https:\/\/www.libraria-occitana.org\/oc\/wp-json\/wp\/v2\/product\/52829","targetHints":{"allow":["GET"]}}],"collection":[{"href":"https:\/\/www.libraria-occitana.org\/oc\/wp-json\/wp\/v2\/product"}],"about":[{"href":"https:\/\/www.libraria-occitana.org\/oc\/wp-json\/wp\/v2\/types\/product"}],"wp:featuredmedia":[{"embeddable":true,"href":"https:\/\/www.libraria-occitana.org\/oc\/wp-json\/wp\/v2\/media\/52827"}],"wp:attachment":[{"href":"https:\/\/www.libraria-occitana.org\/oc\/wp-json\/wp\/v2\/media?parent=52829"}],"wp:term":[{"taxonomy":"product_brand","embeddable":true,"href":"https:\/\/www.libraria-occitana.org\/oc\/wp-json\/wp\/v2\/product_brand?post=52829"},{"taxonomy":"product_cat","embeddable":true,"href":"https:\/\/www.libraria-occitana.org\/oc\/wp-json\/wp\/v2\/product_cat?post=52829"},{"taxonomy":"product_tag","embeddable":true,"href":"https:\/\/www.libraria-occitana.org\/oc\/wp-json\/wp\/v2\/product_tag?post=52829"}],"curies":[{"name":"wp","href":"https:\/\/api.w.org\/{rel}","templated":true}]}}