{"id":52853,"date":"2020-11-05T16:31:08","date_gmt":"2020-11-05T15:31:08","guid":{"rendered":"http:\/\/www.libraria-occitana.org\/product\/balade-patrimoniale-autour-du-lac-de-saint-pardoux\/"},"modified":"2026-04-29T10:14:57","modified_gmt":"2026-04-29T08:14:57","slug":"balade-patrimoniale-autour-du-lac-de-saint-pardoux","status":"publish","type":"product","link":"https:\/\/www.libraria-occitana.org\/oc\/produch\/balade-patrimoniale-autour-du-lac-de-saint-pardoux\/","title":{"rendered":"Balade patrimoniale autour du Lac de Saint-Pardoux"},"content":{"rendered":"<p><strong>\u201cOn m\u2019appelle le Jeantou de Saint-Pardoux\u201d<\/strong><\/p>\n<p>Jeantou, l\u2019enfant du pays, nous invite dans cet ouvrage, entre guide culturel et roman, \u00e0 partir en sa compagnie pour des balades autour du Lac. Son r\u00e9cit, profond\u00e9ment ancr\u00e9 dans ce terroir de langue d\u2019oc, donne vie aux paysages, r\u00e9v\u00e8le des lieux secrets et des richesses patrimoniales, nous raconte les l\u00e9gendes, les coutumes, un art de vivre. Il nous entra\u00eene dans l\u2019Histoire, cette histoire des villages charg\u00e9e de m\u00e9moire et rythm\u00e9e par les grands \u00e9v\u00e9nements qui ont boulevers\u00e9 des g\u00e9n\u00e9rations, transformant les modes de vie : le tram, la guerre, l\u2019arriv\u00e9e de l\u2019\u00e9lectricit\u00e9, l\u2019exode rural, la cr\u00e9ation du Lac et le d\u00e9veloppement du tourisme.<\/p>\n<p>L\u2019auteure, Nadine Van Poucke-Pardoux, r\u00e9ussit son pari de rendre cet ouvrage, soigneusement illustr\u00e9 et document\u00e9, \u00e0 la fois pratique et s\u00e9duisant. Une lecture pour vous faire d\u00e9couvrir des tr\u00e9sors mis en sc\u00e8ne dans un r\u00e9cit vivant, \u00e9mouvant et chaleureux. Un livre \u00e0 lire et relire, chez vous et sur le terrain.<\/p>\n","protected":false},"excerpt":{"rendered":"<p>\u201cOn m\u2019appelle le Jeantou de Saint-Pardoux\u201d Jeantou, l\u2019enfant du pays, nous invite dans cet ouvrage, entre guide culturel et roman, \u00e0 partir en sa compagnie pour des balades autour du Lac. Son r\u00e9cit, profond\u00e9ment ancr\u00e9 dans ce terroir de langue d\u2019oc, donne vie aux paysages, r\u00e9v\u00e8le des lieux secrets et des richesses patrimoniales, nous raconte [&hellip;]<\/p>\n","protected":false},"featured_media":52851,"template":"","meta":{"_acf_changed":false,"_genesis_hide_title":false,"_genesis_hide_breadcrumbs":false,"_genesis_hide_singular_image":false,"_genesis_hide_footer_widgets":false,"_genesis_custom_body_class":"","_genesis_custom_post_class":"","_genesis_layout":""},"product_brand":[],"product_cat":[7199,7133,7197],"product_tag":[],"class_list":{"0":"post-52853","1":"product","2":"type-product","3":"status-publish","4":"has-post-thumbnail","6":"product_cat-guides-torisme-viatge-oc","7":"product_cat-libres-oc","8":"product_cat-natura-torisme-oc","9":"pa_auteur-van-poucke-pardoux-nadine-oc","10":"pa_editeur-les-monedieres-oc","11":"pa_langue-francais-oc","12":"entry","14":"first","15":"instock","16":"shipping-taxable","17":"purchasable","18":"product-type-simple"},"acf":[],"_links":{"self":[{"href":"https:\/\/www.libraria-occitana.org\/oc\/wp-json\/wp\/v2\/product\/52853","targetHints":{"allow":["GET"]}}],"collection":[{"href":"https:\/\/www.libraria-occitana.org\/oc\/wp-json\/wp\/v2\/product"}],"about":[{"href":"https:\/\/www.libraria-occitana.org\/oc\/wp-json\/wp\/v2\/types\/product"}],"wp:featuredmedia":[{"embeddable":true,"href":"https:\/\/www.libraria-occitana.org\/oc\/wp-json\/wp\/v2\/media\/52851"}],"wp:attachment":[{"href":"https:\/\/www.libraria-occitana.org\/oc\/wp-json\/wp\/v2\/media?parent=52853"}],"wp:term":[{"taxonomy":"product_brand","embeddable":true,"href":"https:\/\/www.libraria-occitana.org\/oc\/wp-json\/wp\/v2\/product_brand?post=52853"},{"taxonomy":"product_cat","embeddable":true,"href":"https:\/\/www.libraria-occitana.org\/oc\/wp-json\/wp\/v2\/product_cat?post=52853"},{"taxonomy":"product_tag","embeddable":true,"href":"https:\/\/www.libraria-occitana.org\/oc\/wp-json\/wp\/v2\/product_tag?post=52853"}],"curies":[{"name":"wp","href":"https:\/\/api.w.org\/{rel}","templated":true}]}}