{"id":52868,"date":"2018-08-07T17:28:24","date_gmt":"2018-08-07T15:28:24","guid":{"rendered":"http:\/\/www.libraria-occitana.org\/product\/vers-la-lumiere-carnet-de-chamin\/"},"modified":"2026-04-25T01:36:38","modified_gmt":"2026-04-24T23:36:38","slug":"vers-la-lumiere-carnet-de-chamin","status":"publish","type":"product","link":"https:\/\/www.libraria-occitana.org\/oc\/produch\/vers-la-lumiere-carnet-de-chamin\/","title":{"rendered":"Vers la lumi\u00e8re : Carnet de chamin"},"content":{"rendered":"<p>Une promenade dans la nature limousine, vers la lumi\u00e8re \u00e0 travers les peintures et les textes bilingues anglais-fran\u00e7ais de Lindsay Cox.<\/p>\n<p>Ce livre, fabriqu\u00e9 de fa\u00e7on artisanale, se pr\u00e9sente sous forme de bandes pli\u00e9es en accord\u00e9on (Leporello). La couverture est en carton teint\u00e9 avec marquage \u00e0 chaud et d\u00e9coupe de fen\u00eatres.<\/p>\n","protected":false},"excerpt":{"rendered":"<p>Une promenade dans la nature limousine, vers la lumi\u00e8re \u00e0 travers les peintures et les textes bilingues anglais-fran\u00e7ais de Lindsay Cox. Ce livre, fabriqu\u00e9 de fa\u00e7on artisanale, se pr\u00e9sente sous forme de bandes pli\u00e9es en accord\u00e9on (Leporello). La couverture est en carton teint\u00e9 avec marquage \u00e0 chaud et d\u00e9coupe de fen\u00eatres.<\/p>\n","protected":false},"featured_media":52866,"template":"","meta":{"_acf_changed":false,"_genesis_hide_title":false,"_genesis_hide_breadcrumbs":false,"_genesis_hide_singular_image":false,"_genesis_hide_footer_widgets":false,"_genesis_custom_body_class":"","_genesis_custom_post_class":"","_genesis_layout":""},"product_brand":[],"product_cat":[7135,7133,7175,7197,7201,7181],"product_tag":[],"class_list":{"0":"post-52868","1":"product","2":"type-product","3":"status-publish","4":"has-post-thumbnail","6":"product_cat-arts-oc","7":"product_cat-libres-oc","8":"product_cat-literatura-oc","9":"product_cat-natura-torisme-oc","10":"product_cat-natura-vargier-oc","11":"product_cat-poesia-oc","12":"pa_auteur-cox-harris-lindsay-oc","13":"pa_editeur-apeiron-oc","14":"pa_langue-autras-lingas-oc","15":"pa_langue-francais-oc","16":"entry","18":"first","19":"outofstock","20":"shipping-taxable","21":"purchasable","22":"product-type-simple"},"acf":[],"_links":{"self":[{"href":"https:\/\/www.libraria-occitana.org\/oc\/wp-json\/wp\/v2\/product\/52868","targetHints":{"allow":["GET"]}}],"collection":[{"href":"https:\/\/www.libraria-occitana.org\/oc\/wp-json\/wp\/v2\/product"}],"about":[{"href":"https:\/\/www.libraria-occitana.org\/oc\/wp-json\/wp\/v2\/types\/product"}],"wp:featuredmedia":[{"embeddable":true,"href":"https:\/\/www.libraria-occitana.org\/oc\/wp-json\/wp\/v2\/media\/52866"}],"wp:attachment":[{"href":"https:\/\/www.libraria-occitana.org\/oc\/wp-json\/wp\/v2\/media?parent=52868"}],"wp:term":[{"taxonomy":"product_brand","embeddable":true,"href":"https:\/\/www.libraria-occitana.org\/oc\/wp-json\/wp\/v2\/product_brand?post=52868"},{"taxonomy":"product_cat","embeddable":true,"href":"https:\/\/www.libraria-occitana.org\/oc\/wp-json\/wp\/v2\/product_cat?post=52868"},{"taxonomy":"product_tag","embeddable":true,"href":"https:\/\/www.libraria-occitana.org\/oc\/wp-json\/wp\/v2\/product_tag?post=52868"}],"curies":[{"name":"wp","href":"https:\/\/api.w.org\/{rel}","templated":true}]}}