{"id":52875,"date":"2019-04-07T18:20:49","date_gmt":"2019-04-07T16:20:49","guid":{"rendered":"http:\/\/www.libraria-occitana.org\/product\/le-temps-des-forets-2-dvd\/"},"modified":"2024-07-19T00:36:29","modified_gmt":"2024-07-18T22:36:29","slug":"le-temps-des-forets-2-dvd","status":"publish","type":"product","link":"https:\/\/www.libraria-occitana.org\/oc\/produch\/le-temps-des-forets-2-dvd\/","title":{"rendered":"Le temps des for\u00eats (2 DVD)"},"content":{"rendered":"<p><strong>Le documentaire incontournable sur les enjeux de la for\u00eat de demain<\/strong><\/p>\n<p>Symbole aux yeux des urbains d&#8217;une nature authentique, la for\u00eat fran\u00e7aise vit une phase d&#8217;industrialisation sans pr\u00e9c\u00e9dent. M\u00e9canisation lourde, monocultures, engrais et pesticides, la gestion foresti\u00e8re suit \u00e0 vitesse acc\u00e9l\u00e9r\u00e9e le mod\u00e8le agricole intensif. Du Limousin aux Landes, du Morvan aux Vosges, Le Temps des for\u00eats propose un voyage au c\u0153ur de la sylviculture industrielle et de ses alternatives. For\u00eat vivante ou d\u00e9sert bois\u00e9, les choix d&#8217;aujourd&#8217;hui dessineront le paysage de demain.<\/p>\n<p><strong>Bonus exclusifs :<\/strong> <em><strong>Le temps des forestiers<\/strong><\/em>, 5 court-m\u00e9trages in\u00e9dits de Fran\u00e7ois-Xavier Drouet (2h). Cinq portraits d&#8217;acteurs du monde forestier, b\u00fbcheron, scieur, gestionnaires, engag\u00e9s pour une gestion dans le temps long de la for\u00eat et de la vie.<\/p>\n<p><iframe loading=\"lazy\" src=\"https:\/\/www.youtube.com\/embed\/QT560lu9GXo\" width=\"560\" height=\"315\" frameborder=\"0\" allowfullscreen=\"allowfullscreen\"><\/iframe><\/p>\n<p>Le temps des for\u00eats s&#8217;inscrit dans la lign\u00e9e de grands documentaires sur l&#8217;environnement comme <em>L\u2019intelligence des arbres<\/em> et <em>Demain<\/em>. Le r\u00e9alisateur Fran\u00e7ois-Xavier Drouet dresse un portrait in\u00e9dit des for\u00eats fran\u00e7aises qui questionne les d\u00e9rives industrielles et invite \u00e0 penser \u00e0 la for\u00eat de demain. Port\u00e9 par la critique, <em>Le temps des for\u00eats<\/em> s\u2019impose comme un film essentiel sur les for\u00eats et l&#8217;environnement.<\/p>\n","protected":false},"excerpt":{"rendered":"<p>Le documentaire incontournable sur les enjeux de la for\u00eat de demain Symbole aux yeux des urbains d&#8217;une nature authentique, la for\u00eat fran\u00e7aise vit une phase d&#8217;industrialisation sans pr\u00e9c\u00e9dent. M\u00e9canisation lourde, monocultures, engrais et pesticides, la gestion foresti\u00e8re suit \u00e0 vitesse acc\u00e9l\u00e9r\u00e9e le mod\u00e8le agricole intensif. Du Limousin aux Landes, du Morvan aux Vosges, Le Temps [&hellip;]<\/p>\n","protected":false},"featured_media":52873,"template":"","meta":{"_acf_changed":false,"_genesis_hide_title":false,"_genesis_hide_breadcrumbs":false,"_genesis_hide_singular_image":false,"_genesis_hide_footer_widgets":false,"_genesis_custom_body_class":"","_genesis_custom_post_class":"","_genesis_layout":""},"product_brand":[],"product_cat":[7242,7240],"product_tag":[],"class_list":{"0":"post-52875","1":"product","2":"type-product","3":"status-publish","4":"has-post-thumbnail","6":"product_cat-documentari-oc","7":"product_cat-video-oc","8":"pa_auteur-drouet-francois-xavier-oc","9":"pa_editeur-kmbo-oc","10":"pa_langue-francais-oc","11":"entry","13":"first","14":"outofstock","15":"shipping-taxable","16":"purchasable","17":"product-type-simple"},"acf":[],"_links":{"self":[{"href":"https:\/\/www.libraria-occitana.org\/oc\/wp-json\/wp\/v2\/product\/52875","targetHints":{"allow":["GET"]}}],"collection":[{"href":"https:\/\/www.libraria-occitana.org\/oc\/wp-json\/wp\/v2\/product"}],"about":[{"href":"https:\/\/www.libraria-occitana.org\/oc\/wp-json\/wp\/v2\/types\/product"}],"wp:featuredmedia":[{"embeddable":true,"href":"https:\/\/www.libraria-occitana.org\/oc\/wp-json\/wp\/v2\/media\/52873"}],"wp:attachment":[{"href":"https:\/\/www.libraria-occitana.org\/oc\/wp-json\/wp\/v2\/media?parent=52875"}],"wp:term":[{"taxonomy":"product_brand","embeddable":true,"href":"https:\/\/www.libraria-occitana.org\/oc\/wp-json\/wp\/v2\/product_brand?post=52875"},{"taxonomy":"product_cat","embeddable":true,"href":"https:\/\/www.libraria-occitana.org\/oc\/wp-json\/wp\/v2\/product_cat?post=52875"},{"taxonomy":"product_tag","embeddable":true,"href":"https:\/\/www.libraria-occitana.org\/oc\/wp-json\/wp\/v2\/product_tag?post=52875"}],"curies":[{"name":"wp","href":"https:\/\/api.w.org\/{rel}","templated":true}]}}