{"id":52934,"date":"2020-11-14T10:44:01","date_gmt":"2020-11-14T09:44:01","guid":{"rendered":"http:\/\/www.libraria-occitana.org\/?post_type=product&#038;p=52934"},"modified":"2026-04-02T20:16:01","modified_gmt":"2026-04-02T18:16:01","slug":"ques-entau-petit-manuel-des-usages-habitudes-et-autres-manies-des-honnetes-gens-du-perigord-limousin","status":"publish","type":"product","link":"https:\/\/www.libraria-occitana.org\/oc\/produch\/ques-entau-petit-manuel-des-usages-habitudes-et-autres-manies-des-honnetes-gens-du-perigord-limousin\/","title":{"rendered":"Qu&#8217;es entau : Petit manuel des usages, habitudes et autres manies des (honn\u00eates) gens du P\u00e9rigord-Limousin"},"content":{"rendered":"<p>En Peireg\u00f2rd-Lemosin, un sap far valer sos biais de viure e de dire.<br \/>\nUn i garda, plan sovent sens i\u00f2 sapcher, una identitat culturala eiretada d\u2019una lonja ist\u00f2ria occitana.<br \/>\nVeiqu\u00ed tot un monde que sira gaire malaisat a trobar si vautres prenetz lu temps de butir los cledons daus vargiers e d\u2019escoltar la gent d\u2019aqu\u00ed, de veire coma ilhs se tenen, d\u2019auvir lu franc\u00e9s locau e sas reglas de prononciacion...<br \/>\nQu\u2019es quelas pitas claus culturalas que vos convidem a sarrar sos v\u00f2stre bonet per coneitre, quante lu mament sira vengut, lu plaser de<br \/>\nbargassar e de partatjar.<\/p>\n<p>Un recuelh d'un seissantenat de cronicas en franc\u00e9s boirat d'occitan.<br \/>\nFach per l'Institut d'Estudis Occitans dau Lemosin per lo compte dau Parc Naturau Regionau Peireg\u00f2rd-Lemosin.<br \/>\nGratis.<\/p>\n","protected":false},"excerpt":{"rendered":"<p>En Peireg\u00f2rd-Lemosin, un sap far valer sos biais de viure e de dire. Un i garda, plan sovent sens i\u00f2 sapcher, una identitat culturala eiretada d\u2019una lonja ist\u00f2ria occitana. Veiqu\u00ed tot un monde que sira gaire malaisat a trobar si vautres prenetz lu temps de butir los cledons daus vargiers e d\u2019escoltar la gent d\u2019aqu\u00ed, [&hellip;]<\/p>\n","protected":false},"featured_media":52932,"template":"","meta":{"_acf_changed":false,"_genesis_hide_title":false,"_genesis_hide_breadcrumbs":false,"_genesis_hide_singular_image":false,"_genesis_hide_footer_widgets":false,"_genesis_custom_body_class":"","_genesis_custom_post_class":"","_genesis_layout":""},"product_brand":[],"product_cat":[7199,7133,7197],"product_tag":[],"class_list":{"0":"post-52934","1":"product","2":"type-product","3":"status-publish","4":"has-post-thumbnail","6":"product_cat-guides-torisme-viatge-oc","7":"product_cat-libres-oc","8":"product_cat-natura-torisme-oc","9":"pa_auteur-tixeuil-marianne-en-oc","10":"pa_auteur-vignaud-j-f-oc","11":"pa_editeur-pnr-perigord-limousin-oc","12":"pa_langue-francais-oc","13":"pa_langue-occitan-oc","14":"pa_langue-occitan-lemosin-oc","15":"entry","17":"first","18":"instock","19":"shipping-taxable","20":"purchasable","21":"product-type-simple"},"acf":[],"_links":{"self":[{"href":"https:\/\/www.libraria-occitana.org\/oc\/wp-json\/wp\/v2\/product\/52934","targetHints":{"allow":["GET"]}}],"collection":[{"href":"https:\/\/www.libraria-occitana.org\/oc\/wp-json\/wp\/v2\/product"}],"about":[{"href":"https:\/\/www.libraria-occitana.org\/oc\/wp-json\/wp\/v2\/types\/product"}],"wp:featuredmedia":[{"embeddable":true,"href":"https:\/\/www.libraria-occitana.org\/oc\/wp-json\/wp\/v2\/media\/52932"}],"wp:attachment":[{"href":"https:\/\/www.libraria-occitana.org\/oc\/wp-json\/wp\/v2\/media?parent=52934"}],"wp:term":[{"taxonomy":"product_brand","embeddable":true,"href":"https:\/\/www.libraria-occitana.org\/oc\/wp-json\/wp\/v2\/product_brand?post=52934"},{"taxonomy":"product_cat","embeddable":true,"href":"https:\/\/www.libraria-occitana.org\/oc\/wp-json\/wp\/v2\/product_cat?post=52934"},{"taxonomy":"product_tag","embeddable":true,"href":"https:\/\/www.libraria-occitana.org\/oc\/wp-json\/wp\/v2\/product_tag?post=52934"}],"curies":[{"name":"wp","href":"https:\/\/api.w.org\/{rel}","templated":true}]}}