{"id":53042,"date":"2009-01-18T16:49:05","date_gmt":"2009-01-18T15:49:05","guid":{"rendered":"http:\/\/www.libraria-occitana.org\/?post_type=product&#038;p=53042"},"modified":"2026-04-29T05:36:30","modified_gmt":"2026-04-29T03:36:30","slug":"tresors-doccitanie-bernard-lesfargues-morceaux-choisis-dits-par-lauteur","status":"publish","type":"product","link":"https:\/\/www.libraria-occitana.org\/oc\/produch\/tresors-doccitanie-bernard-lesfargues-morceaux-choisis-dits-par-lauteur\/","title":{"rendered":"Tr\u00e9sors d&#8217;Occitanie : Bernard Lesfargues, morceaux choisis dits par l&#8217;auteur"},"content":{"rendered":"<p>Bernard Lesfargues (1924-2018) \u00e9crit dans une langue occitane du P\u00e9rigord, charnelle et charnue, limpide et percutante. Avec un lyrisme rudement ma\u00eetris\u00e9, une \u00e2me se livre ici, bonne et belle, \u00e9vang\u00e9lique et contemporaine, inqui\u00e8te et meurtrie, impossible \u00e0 d\u00e9sesp\u00e9rer.<br \/>\nLe ton de sa po\u00e9sie, dite par lui dans ce disque, est celui de l\u2019\u00e9change entre l\u2019auteur et le lecteur, qu\u2019habite un \u00e9gal besoin de justice, de fraternit\u00e9, d\u2019enracinement et d\u2019espaces. Le parler des humili\u00e9s, des offens\u00e9s, des gens du commun, se charge d\u2019harmoniques natives et s\u00fbres. Nostalgie et courage font bloc. La pens\u00e9e et l\u2019art de cet \u00e9crivain sont sans \u00e9quivalents dans les lettres occitanes du XX\u00e8me si\u00e8cle. Bernard Lesfargues n\u2019est que v\u00e9rit\u00e9&#8230;<\/p>\n<p><strong>Extrachs de :<\/strong><br \/>\n&#8211; <em>Cap de l\u2019aiga (<a href=\"http:\/\/www.libraria-occitana.org\/produit\/la-brasa-e-lo-fuoc-brandal\/\">La brasa e lo fu\u00f2c brandal<\/a>)<\/em><br \/>\n&#8211; <em>C\u00f2r prendre (La brasa e lo fu\u00f2c brandal)<\/em><br \/>\n&#8211; <em>Ni cort ni costi\u00e8r<\/em> (<em>La brasa e lo fu\u00f2c brandal<\/em>)<br \/>\n&#8211; <em>Les amours des oursins (La brasa e lo fu\u00f2c brandal)<\/em><br \/>\n&#8211; <em>Finie la f\u00eate<\/em><br \/>\n&#8211; <a href=\"http:\/\/www.libraria-occitana.org\/produit\/la-plus-close-nuit\/\">La plus close nuit<\/a><\/p>\n","protected":false},"excerpt":{"rendered":"<p>Bernard Lesfargues (1924-2018) \u00e9crit dans une langue occitane du P\u00e9rigord, charnelle et charnue, limpide et percutante. Avec un lyrisme rudement ma\u00eetris\u00e9, une \u00e2me se livre ici, bonne et belle, \u00e9vang\u00e9lique et contemporaine, inqui\u00e8te et meurtrie, impossible \u00e0 d\u00e9sesp\u00e9rer. Le ton de sa po\u00e9sie, dite par lui dans ce disque, est celui de l\u2019\u00e9change entre l\u2019auteur [&hellip;]<\/p>\n","protected":false},"featured_media":53000,"template":"","meta":{"_acf_changed":false,"_genesis_hide_title":false,"_genesis_hide_breadcrumbs":false,"_genesis_hide_singular_image":false,"_genesis_hide_footer_widgets":false,"_genesis_custom_body_class":"","_genesis_custom_post_class":"","_genesis_layout":""},"product_brand":[],"product_cat":[7225,16683],"product_tag":[],"class_list":{"0":"post-53042","1":"product","2":"type-product","3":"status-publish","4":"has-post-thumbnail","6":"product_cat-litterature-musique-oc","7":"product_cat-musica-oc","8":"pa_auteur-lesfargues-bernard-oc","9":"pa_editeur-occitania-produccions-oc","10":"pa_langue-occitan-oc","11":"pa_langue-occitan-lengadocian-oc","12":"entry","14":"first","15":"instock","16":"shipping-taxable","17":"purchasable","18":"product-type-simple"},"acf":[],"_links":{"self":[{"href":"https:\/\/www.libraria-occitana.org\/oc\/wp-json\/wp\/v2\/product\/53042","targetHints":{"allow":["GET"]}}],"collection":[{"href":"https:\/\/www.libraria-occitana.org\/oc\/wp-json\/wp\/v2\/product"}],"about":[{"href":"https:\/\/www.libraria-occitana.org\/oc\/wp-json\/wp\/v2\/types\/product"}],"wp:featuredmedia":[{"embeddable":true,"href":"https:\/\/www.libraria-occitana.org\/oc\/wp-json\/wp\/v2\/media\/53000"}],"wp:attachment":[{"href":"https:\/\/www.libraria-occitana.org\/oc\/wp-json\/wp\/v2\/media?parent=53042"}],"wp:term":[{"taxonomy":"product_brand","embeddable":true,"href":"https:\/\/www.libraria-occitana.org\/oc\/wp-json\/wp\/v2\/product_brand?post=53042"},{"taxonomy":"product_cat","embeddable":true,"href":"https:\/\/www.libraria-occitana.org\/oc\/wp-json\/wp\/v2\/product_cat?post=53042"},{"taxonomy":"product_tag","embeddable":true,"href":"https:\/\/www.libraria-occitana.org\/oc\/wp-json\/wp\/v2\/product_tag?post=53042"}],"curies":[{"name":"wp","href":"https:\/\/api.w.org\/{rel}","templated":true}]}}