{"id":53045,"date":"2006-01-18T17:01:47","date_gmt":"2006-01-18T16:01:47","guid":{"rendered":"http:\/\/www.libraria-occitana.org\/?post_type=product&#038;p=53045"},"modified":"2026-04-25T06:16:15","modified_gmt":"2026-04-25T04:16:15","slug":"tresors-doccitanie-philippe-gardy-morceaux-choisis-dits-par-lauteur-copie","status":"publish","type":"product","link":"https:\/\/www.libraria-occitana.org\/oc\/produch\/tresors-doccitanie-philippe-gardy-morceaux-choisis-dits-par-lauteur-copie\/","title":{"rendered":"Tr\u00e9sors d&#8217;Occitanie : Philippe Gardy, morceaux choisis dits par l&#8217;auteur"},"content":{"rendered":"<p>N\u00e9 en 1948, Philippe Gardy est nouvelliste et d&#8217;abord po\u00e8te. \u00c9crivain du silence et de la voix dissimul\u00e9e du monde, dans ses compositions po\u00e9tiques qui oscillent entre le sonnet et le \u00ab long po\u00e8me \u00bb volontiers non figuratif, il cherche avant tout \u00e0 saisir le mouvement int\u00e9rieur des paysages et des \u00e9motions.<\/p>\n<p><strong>Extrachs de :<\/strong><br \/>\n&#8211; <em>Lo Pa\u00efsatge endemic<\/em><br \/>\n&#8211; <em>Dan\u00e7ars dau pofre<\/em><br \/>\n&#8211; <em>Pich\u00f2ta cosmogonia de l&#8217;enrevers<\/em><br \/>\n&#8211; <em>Quinze noms de lu\u00f2cs<\/em><br \/>\n&#8211; <em>Per tantei fugidas egipciacas<\/em><br \/>\n&#8211; <em>La Dicha de la figuiera<\/em><br \/>\n&#8211; <em>\u00d2 civadassa !<\/em><br \/>\n&#8211; <em>Mitologicas<\/em><br \/>\n&#8211; <em>A la negada<br \/>\n<\/em>Inedit<\/p>\n","protected":false},"excerpt":{"rendered":"<p>N\u00e9 en 1948, Philippe Gardy est nouvelliste et d&#8217;abord po\u00e8te. \u00c9crivain du silence et de la voix dissimul\u00e9e du monde, dans ses compositions po\u00e9tiques qui oscillent entre le sonnet et le \u00ab long po\u00e8me \u00bb volontiers non figuratif, il cherche avant tout \u00e0 saisir le mouvement int\u00e9rieur des paysages et des \u00e9motions. Extrachs de : [&hellip;]<\/p>\n","protected":false},"featured_media":53015,"template":"","meta":{"_acf_changed":false,"_genesis_hide_title":false,"_genesis_hide_breadcrumbs":false,"_genesis_hide_singular_image":false,"_genesis_hide_footer_widgets":false,"_genesis_custom_body_class":"","_genesis_custom_post_class":"","_genesis_layout":""},"product_brand":[],"product_cat":[7225,16683],"product_tag":[],"class_list":{"0":"post-53045","1":"product","2":"type-product","3":"status-publish","4":"has-post-thumbnail","6":"product_cat-litterature-musique-oc","7":"product_cat-musica-oc","8":"pa_auteur-gardy-philippe-oc","9":"pa_editeur-occitania-produccions-oc","10":"pa_langue-occitan-oc","11":"pa_langue-occitan-provencau-oc","12":"entry","14":"first","15":"outofstock","16":"shipping-taxable","17":"purchasable","18":"product-type-simple"},"acf":[],"_links":{"self":[{"href":"https:\/\/www.libraria-occitana.org\/oc\/wp-json\/wp\/v2\/product\/53045","targetHints":{"allow":["GET"]}}],"collection":[{"href":"https:\/\/www.libraria-occitana.org\/oc\/wp-json\/wp\/v2\/product"}],"about":[{"href":"https:\/\/www.libraria-occitana.org\/oc\/wp-json\/wp\/v2\/types\/product"}],"wp:featuredmedia":[{"embeddable":true,"href":"https:\/\/www.libraria-occitana.org\/oc\/wp-json\/wp\/v2\/media\/53015"}],"wp:attachment":[{"href":"https:\/\/www.libraria-occitana.org\/oc\/wp-json\/wp\/v2\/media?parent=53045"}],"wp:term":[{"taxonomy":"product_brand","embeddable":true,"href":"https:\/\/www.libraria-occitana.org\/oc\/wp-json\/wp\/v2\/product_brand?post=53045"},{"taxonomy":"product_cat","embeddable":true,"href":"https:\/\/www.libraria-occitana.org\/oc\/wp-json\/wp\/v2\/product_cat?post=53045"},{"taxonomy":"product_tag","embeddable":true,"href":"https:\/\/www.libraria-occitana.org\/oc\/wp-json\/wp\/v2\/product_tag?post=53045"}],"curies":[{"name":"wp","href":"https:\/\/api.w.org\/{rel}","templated":true}]}}