{"id":53063,"date":"2020-11-18T18:26:44","date_gmt":"2020-11-18T17:26:44","guid":{"rendered":"http:\/\/www.libraria-occitana.org\/?post_type=product&#038;p=53063"},"modified":"2026-04-29T05:26:49","modified_gmt":"2026-04-29T03:26:49","slug":"jorn","status":"publish","type":"product","link":"https:\/\/www.libraria-occitana.org\/oc\/produch\/jorn\/","title":{"rendered":"Jorn"},"content":{"rendered":"<p><strong>Pascal Caumont, Fabrice Lapeyrere, R\u00e9gis Latapie, Bastien Zaoui :<\/strong> Voix<\/p>\n<p>Sep\u00adti\u00e8me album de Vox Bigerri. Promesse d\u2019un jour nou\u00adveau en ces temps trop obs\u00adcurs, <em>Jorn<\/em> alterne cr\u00e9a\u00adtions du groupe (comme le titre \u00e9ponyme), r\u00e9in\u00adter\u00adpr\u00e9\u00adta\u00adtions de chants tra\u00addi\u00adtion\u00adnels de Bigorre et de B\u00e9arn et chant sacr\u00e9. Un pro\u00adgramme \u00e0 l\u2019image de ce qu\u2019est le groupe aujourd&#8217;hui, apr\u00e8s 15 ans d\u2019exis\u00adtence et six albums au comp\u00adteur : engag\u00e9, cr\u00e9a\u00adtif, inno\u00advant, pr\u00e9cis et extr\u00ea\u00adme\u00adment inven\u00adtif dans son son.<\/p>\n<p><iframe loading=\"lazy\" title=\"vimeo-player\" src=\"https:\/\/player.vimeo.com\/video\/423961677\" width=\"640\" height=\"360\" frameborder=\"0\" allowfullscreen=\"allowfullscreen\"><\/iframe><\/p>\n<p><strong>Titres :<\/strong><br \/>\n1. Jorn (P. Caumont, F. Lapeyrere) 5&#8217;48<br \/>\n2. Send\u00e8rs de t\u00e8rra nera (P. Caumont, J.C. Coudouy) 3&#8217;56<br \/>\n3. Lo purm\u00e8r de mar\u00e7 (trad., trad.) 4&#8217;09<br \/>\n4. Me promenant \u00e0 l&#8217;ombrage (trad., trad.) 4&#8217;18<br \/>\n5. La n\u00f2vis n&#8217;a la corona li tomba (trad., trad.) 4&#8217;09<br \/>\n6. Sanctus &#8211; Benedictus (trad., trad.) 4&#8217;45<br \/>\n7. Lo primtemps qu&#8217;ei arribat (trad., trad.) 4&#8217;02<br \/>\n8. Aquesta neit n&#8217;\u00e8i h\u00e8it un r\u00e8ve (trad., trad.) 4&#8217;13<br \/>\n9. Montsegur (S. Rafart, P. Caumont) 4&#8217;25<br \/>\n10. La can\u00e7on de Grang\u00e8r (trad., trad.) 4&#8217;24<br \/>\n11. La canta d&#8217;Abitenh (trad., trad.) 3&#8217;46<br \/>\n12. Kyrie Eleison (Henri Du Mont, trad.) 4&#8217;17<br \/>\n13. Strange fruit (A. Meeropol, A. Meeropol, F. Lapeyrere) 6&#8217;12<\/p>\n","protected":false},"excerpt":{"rendered":"<p>Pascal Caumont, Fabrice Lapeyrere, R\u00e9gis Latapie, Bastien Zaoui : Voix Sep\u00adti\u00e8me album de Vox Bigerri. Promesse d\u2019un jour nou\u00adveau en ces temps trop obs\u00adcurs, Jorn alterne cr\u00e9a\u00adtions du groupe (comme le titre \u00e9ponyme), r\u00e9in\u00adter\u00adpr\u00e9\u00adta\u00adtions de chants tra\u00addi\u00adtion\u00adnels de Bigorre et de B\u00e9arn et chant sacr\u00e9. Un pro\u00adgramme \u00e0 l\u2019image de ce qu\u2019est le groupe aujourd&#8217;hui, [&hellip;]<\/p>\n","protected":false},"featured_media":53066,"template":"","meta":{"_acf_changed":false,"_genesis_hide_title":false,"_genesis_hide_breadcrumbs":false,"_genesis_hide_singular_image":false,"_genesis_hide_footer_widgets":false,"_genesis_custom_body_class":"","_genesis_custom_post_class":"","_genesis_layout":""},"product_brand":[],"product_cat":[16683,7231],"product_tag":[],"class_list":{"0":"post-53063","1":"product","2":"type-product","3":"status-publish","4":"has-post-thumbnail","6":"product_cat-musica-oc","7":"product_cat-polifonias-oc","8":"pa_auteur-vox-bigerri-oc","9":"pa_editeur-le-fil-oc","10":"pa_langue-autras-lingas-oc","11":"pa_langue-francais-oc","12":"pa_langue-occitan-oc","13":"pa_langue-occitan-gascon-oc","14":"entry","16":"first","17":"instock","18":"shipping-taxable","19":"purchasable","20":"product-type-simple"},"acf":[],"_links":{"self":[{"href":"https:\/\/www.libraria-occitana.org\/oc\/wp-json\/wp\/v2\/product\/53063","targetHints":{"allow":["GET"]}}],"collection":[{"href":"https:\/\/www.libraria-occitana.org\/oc\/wp-json\/wp\/v2\/product"}],"about":[{"href":"https:\/\/www.libraria-occitana.org\/oc\/wp-json\/wp\/v2\/types\/product"}],"wp:featuredmedia":[{"embeddable":true,"href":"https:\/\/www.libraria-occitana.org\/oc\/wp-json\/wp\/v2\/media\/53066"}],"wp:attachment":[{"href":"https:\/\/www.libraria-occitana.org\/oc\/wp-json\/wp\/v2\/media?parent=53063"}],"wp:term":[{"taxonomy":"product_brand","embeddable":true,"href":"https:\/\/www.libraria-occitana.org\/oc\/wp-json\/wp\/v2\/product_brand?post=53063"},{"taxonomy":"product_cat","embeddable":true,"href":"https:\/\/www.libraria-occitana.org\/oc\/wp-json\/wp\/v2\/product_cat?post=53063"},{"taxonomy":"product_tag","embeddable":true,"href":"https:\/\/www.libraria-occitana.org\/oc\/wp-json\/wp\/v2\/product_tag?post=53063"}],"curies":[{"name":"wp","href":"https:\/\/api.w.org\/{rel}","templated":true}]}}