{"id":53085,"date":"2020-11-20T13:56:32","date_gmt":"2020-11-20T12:56:32","guid":{"rendered":"http:\/\/www.libraria-occitana.org\/product\/vent-de-sable\/"},"modified":"2026-04-29T10:44:00","modified_gmt":"2026-04-29T08:44:00","slug":"vent-de-sable","status":"publish","type":"product","link":"https:\/\/www.libraria-occitana.org\/oc\/produch\/vent-de-sable\/","title":{"rendered":"Vent de sable"},"content":{"rendered":"<blockquote><p>[...]<br \/>\nUn niflament furi\u00f3s e una odor acra de fumada anonciet la \u2019ribada dau medecin Masdelb\u00f2sc, legista plan conegut per son umor macabre e sa propension a prener fu\u00f2c tres c\u00f2ps per jorn per causa de cigarretas rosselardas que laissavan tombar lutas e papier mau tuat sus de las chamisas traucadas come per dau pitit plomb tirat a bot tucant. \u00ab Merda, mas quo es Rodilha\u2026 \u00bb Eu tanben l\u2019aimava bien lo vielh trainamis\u00e8ria que \u2019vi\u00e1 menat de sab\u2019 pas ente un pil\u00f2t de nh\u00f2rlas pebradas e vulgaras que lo medecin, a l\u2019ocasion, aimava se far contar per las tornar dire quante, d\u2019astre, era convidat dins lo monde. Despacientat, se doblet per dess\u00fas las bandas rossas e rojas e aguet lo mesme geste que Le Goff. \u00ab Filh de vessa, l\u2019a pas mancat\u2026 \u00bb Son uelh, \u2019bituat a la mis\u00e8ria, avi\u00e1 tanben conegut de las marcas de viol\u00e9ncia sus la chara desj\u00e0 naturalament ben pro uflada dau paubre tipe. Deguet pertant esperar que los dos dan\u00e7aires de claquetas aguessen \u2019chabat lor rec\u00f2lta per rentrar sus la scena dau crime. Le Goff se desviret per pas veire las \u00f2rras manipulacions que lo medecin s\u2019i liurava, aprep aver desfach lo badalhon.<br \/>\nLo pitit Riublandon avi\u00e1 desj\u00e0 quauqua id\u00e8ia sus \u00e7\u00f2 que s\u2019era passat.<br \/>\n[...]<\/p><\/blockquote>\n<p>Qui aguissi\u00e1 talament lo paubre Rodilha, trainabia\u00e7a e indicator lo mielhs aimat dau comissariat de Maraval, per li drubir la cronh\u00f2la sus son pil\u00f2t de retrum ? Un estranh tatoatge vai botar lo comissari Darnaudguilhem sus una dralha que vai far tornar daus vielhs sovenirs.<br \/>\nQui se remembra dau Bengara, queu bocin d'erm conquist per Occitania au segle XIX ? Quo es pertant de lai que s'es levat un meschant vent de sable.<\/p>\n","protected":false},"excerpt":{"rendered":"<p>[&#8230;] Un niflament furi\u00f3s e una odor acra de fumada anonciet la \u2019ribada dau medecin Masdelb\u00f2sc, legista plan conegut per son umor macabre e sa propension a prener fu\u00f2c tres c\u00f2ps per jorn per causa de cigarretas rosselardas que laissavan tombar lutas e papier mau tuat sus de las chamisas traucadas come per dau pitit [&hellip;]<\/p>\n","protected":false},"featured_media":53083,"template":"","meta":{"_acf_changed":false,"_genesis_hide_title":false,"_genesis_hide_breadcrumbs":false,"_genesis_hide_singular_image":false,"_genesis_hide_footer_widgets":false,"_genesis_custom_body_class":"","_genesis_custom_post_class":"","_genesis_layout":""},"product_brand":[],"product_cat":[7133,7175,7183],"product_tag":[],"class_list":{"0":"post-53085","1":"product","2":"type-product","3":"status-publish","4":"has-post-thumbnail","6":"product_cat-libres-oc","7":"product_cat-literatura-oc","8":"product_cat-romans-novelas-oc","9":"pa_auteur-ganhaire-joan-oc","10":"pa_editeur-ieo-fr-oc","11":"pa_editeur-ieo-perigord-novelum-oc","12":"pa_langue-occitan-oc","13":"pa_langue-occitan-lemosin-oc","14":"entry","16":"first","17":"instock","18":"shipping-taxable","19":"purchasable","20":"product-type-simple"},"acf":[],"_links":{"self":[{"href":"https:\/\/www.libraria-occitana.org\/oc\/wp-json\/wp\/v2\/product\/53085","targetHints":{"allow":["GET"]}}],"collection":[{"href":"https:\/\/www.libraria-occitana.org\/oc\/wp-json\/wp\/v2\/product"}],"about":[{"href":"https:\/\/www.libraria-occitana.org\/oc\/wp-json\/wp\/v2\/types\/product"}],"wp:featuredmedia":[{"embeddable":true,"href":"https:\/\/www.libraria-occitana.org\/oc\/wp-json\/wp\/v2\/media\/53083"}],"wp:attachment":[{"href":"https:\/\/www.libraria-occitana.org\/oc\/wp-json\/wp\/v2\/media?parent=53085"}],"wp:term":[{"taxonomy":"product_brand","embeddable":true,"href":"https:\/\/www.libraria-occitana.org\/oc\/wp-json\/wp\/v2\/product_brand?post=53085"},{"taxonomy":"product_cat","embeddable":true,"href":"https:\/\/www.libraria-occitana.org\/oc\/wp-json\/wp\/v2\/product_cat?post=53085"},{"taxonomy":"product_tag","embeddable":true,"href":"https:\/\/www.libraria-occitana.org\/oc\/wp-json\/wp\/v2\/product_tag?post=53085"}],"curies":[{"name":"wp","href":"https:\/\/api.w.org\/{rel}","templated":true}]}}