{"id":53152,"date":"2020-11-26T16:39:42","date_gmt":"2020-11-26T15:39:42","guid":{"rendered":"http:\/\/www.libraria-occitana.org\/product\/cerc\/"},"modified":"2026-04-29T10:01:10","modified_gmt":"2026-04-29T08:01:10","slug":"cerc","status":"publish","type":"product","link":"https:\/\/www.libraria-occitana.org\/oc\/produch\/cerc\/","title":{"rendered":"Cerc"},"content":{"rendered":"<p><strong>Mat\u00e8u Baudoin :<\/strong> Chant, violon<br \/>\n<strong>Romain Baudoin :<\/strong> Vielle \u00e0 roue<br \/>\n<strong>Thomas Baudoin :<\/strong> Chant, tambourin \u00e0 cordes, synth\u00e9, percussions<br \/>\n<strong>Romain Colautti :<\/strong> Basse, chant<br \/>\n<strong>Nicolas Godin :<\/strong> Guitare, percussions, chant<br \/>\n<strong>Benjamin Rouyer :<\/strong> Sonorisation sc\u00e8ne<br \/>\n<strong>Alexis Toussaint :<\/strong> Batterie, percussions<\/p>\n<p>6e album d&#8217;Art\u00fas.<\/p>\n<p>\u00ab Viens voir, m\u2019appelle L\u00e9pineux, viens voir, \u00e7a souffle un peu ! Descendu dans la doline pour le rejoindre, il me sembla, effectivement qu\u2019un tr\u00e8s l\u00e9ger courant d\u2019air sortait par le trou, et je commen\u00e7ais \u00e0 aider Georges \u00e0 d\u00e9chausser ses pierres : un trou qui souffle ! \u00e7a veut dire une immense caverne ! \u00e7a devenait vraiment passionnant. \u00bb<br \/>\n\u2013 Jacques Labeyrie, Les d\u00e9couvreurs du Gouffre de la Pierre Saint-Martin<\/p>\n<p>\u00ab La Pierre Saint Martin \u00bb (64), un des massifs karstiques les plus r\u00e9put\u00e9s au monde, se dissout depuis des millions d\u2019ann\u00e9es, offrant 465 km de galeries \u00e0 arpenter, sans compter celles qui restent \u00e0 explorer.<br \/>\nParmi les 2 000 gouffres criblant le calcaire, dont 50 de plus de 300 m, \u00ab L\u00e9pineux \u00bb est le plus embl\u00e9matique. On y rentrerait la \u00ab tour Eiffel \u00bb et il m\u00e8ne \u00e0 l\u2019un des 4 r\u00e9seaux hydrog\u00e9ologiques drainant cette montagne pyr\u00e9n\u00e9enne.<br \/>\nEn dessous, des boyaux, des cavit\u00e9s et notamment la salle de \u00ab La Verna \u00bb qui pourrait accueillir 10 fois \u00ab Notre Dame de Paris \u00bb&#8230;<\/p>\n<p>Pourtant rien de visible en surface, juste une discr\u00e8te respiration, une sensation d\u2019inconnu, une envie d\u2019aventure.<\/p>\n<p><em>Cerc<\/em> (le cercle), s\u2019appuie sur ce p\u00e9riple de 1 400 m \u00e0 travers la roche jusqu\u2019aux gorges de Kakuetta pour \u00e9voquer \u00ab L\u2019all\u00e9gorie de la caverne \u00bb de Platon.<br \/>\nUn circuit mystique par son caract\u00e8re et mythique par ses dimensions.<br \/>\nUn immense vide rempli d\u2019un bruit blanc, dans un noir absolu.<br \/>\nL\u2019\u00eatre humain a toujours prospect\u00e9 les profondeurs invisibles de la terre, de l\u2019\u00e2me, pour d\u00e9couvrir, remonter et transmettre du v\u00e9cu, il a besoin de bousculer ses repr\u00e9sentations, de se confronter \u00e0 l\u2019infini du temps et de l\u2019espace.<\/p>\n<p><strong>Titres :<\/strong><br \/>\n1. Nigredo 10&#8217;58<br \/>\n2. L\u00e9pineux 9&#8217;11<br \/>\n3. Halha 7&#8217;09<br \/>\n4. Faust 11&#8217;22<br \/>\n5. Albedo 8&#8217;22<br \/>\n6. Las mairs apo 11&#8217;05<\/p>\n","protected":false},"excerpt":{"rendered":"<p>Mat\u00e8u Baudoin : Chant, violon Romain Baudoin : Vielle \u00e0 roue Thomas Baudoin : Chant, tambourin \u00e0 cordes, synth\u00e9, percussions Romain Colautti : Basse, chant Nicolas Godin : Guitare, percussions, chant Benjamin Rouyer : Sonorisation sc\u00e8ne Alexis Toussaint : Batterie, percussions 6e album d&#8217;Art\u00fas. \u00ab Viens voir, m\u2019appelle L\u00e9pineux, viens voir, \u00e7a souffle un peu [&hellip;]<\/p>\n","protected":false},"featured_media":53129,"template":"","meta":{"_acf_changed":false,"_genesis_hide_title":false,"_genesis_hide_breadcrumbs":false,"_genesis_hide_singular_image":false,"_genesis_hide_footer_widgets":false,"_genesis_custom_body_class":"","_genesis_custom_post_class":"","_genesis_layout":""},"product_brand":[],"product_cat":[16683,7233],"product_tag":[],"class_list":{"0":"post-53152","1":"product","2":"type-product","3":"status-publish","4":"has-post-thumbnail","6":"product_cat-musica-oc","7":"product_cat-roc-pop-oc","8":"pa_auteur-familha-artus-oc","9":"pa_editeur-pagans-oc","10":"pa_langue-occitan-oc","11":"pa_langue-occitan-gascon-oc","12":"entry","14":"first","15":"instock","16":"shipping-taxable","17":"purchasable","18":"product-type-simple"},"acf":[],"_links":{"self":[{"href":"https:\/\/www.libraria-occitana.org\/oc\/wp-json\/wp\/v2\/product\/53152","targetHints":{"allow":["GET"]}}],"collection":[{"href":"https:\/\/www.libraria-occitana.org\/oc\/wp-json\/wp\/v2\/product"}],"about":[{"href":"https:\/\/www.libraria-occitana.org\/oc\/wp-json\/wp\/v2\/types\/product"}],"wp:featuredmedia":[{"embeddable":true,"href":"https:\/\/www.libraria-occitana.org\/oc\/wp-json\/wp\/v2\/media\/53129"}],"wp:attachment":[{"href":"https:\/\/www.libraria-occitana.org\/oc\/wp-json\/wp\/v2\/media?parent=53152"}],"wp:term":[{"taxonomy":"product_brand","embeddable":true,"href":"https:\/\/www.libraria-occitana.org\/oc\/wp-json\/wp\/v2\/product_brand?post=53152"},{"taxonomy":"product_cat","embeddable":true,"href":"https:\/\/www.libraria-occitana.org\/oc\/wp-json\/wp\/v2\/product_cat?post=53152"},{"taxonomy":"product_tag","embeddable":true,"href":"https:\/\/www.libraria-occitana.org\/oc\/wp-json\/wp\/v2\/product_tag?post=53152"}],"curies":[{"name":"wp","href":"https:\/\/api.w.org\/{rel}","templated":true}]}}