{"id":53164,"date":"2020-11-26T18:54:56","date_gmt":"2020-11-26T17:54:56","guid":{"rendered":"http:\/\/www.libraria-occitana.org\/product\/le-couteau-de-nontron\/"},"modified":"2026-04-29T10:30:49","modified_gmt":"2026-04-29T08:30:49","slug":"le-couteau-de-nontron","status":"publish","type":"product","link":"https:\/\/www.libraria-occitana.org\/oc\/produch\/le-couteau-de-nontron\/","title":{"rendered":"Le couteau de Nontron"},"content":{"rendered":"<p>H\u00e9ritage d\u2019un temps o\u00f9 l\u2019homme travaillait beaucoup de ses mains, le couteau est un accessoire essentiel. Des premiers couteaux faits de pierre ou de silex, il est devenu un outil mais aussi un compagnon du quotidien.<\/p>\n<p>Le Nontron, produit artisanalement et en petites quantit\u00e9 dans le P\u00e9rigord, a travers\u00e9 le temps ; il doit sa notori\u00e9t\u00e9 \u00e0 ses fameuses miniatures qui ont fait les beaux jours des expositions universelles, \u00e0 ses couteaux g\u00e9ants, \u00e0 la patine de ses manches de buis, \u00e0 sa virole dor\u00e9e et \u00e0 son \u00e9nigmatique \u00ab mouche \u00bb pyrograv\u00e9e&#8230;<\/p>\n<p>D\u00e9couvrez la saga des grandes familles couteli\u00e8res, Petit, Bernard et Chaperon, et admirez les plus belles pi\u00e8ces, issues de collections particuli\u00e8res.<\/p>\n","protected":false},"excerpt":{"rendered":"<p>H\u00e9ritage d\u2019un temps o\u00f9 l\u2019homme travaillait beaucoup de ses mains, le couteau est un accessoire essentiel. Des premiers couteaux faits de pierre ou de silex, il est devenu un outil mais aussi un compagnon du quotidien. Le Nontron, produit artisanalement et en petites quantit\u00e9 dans le P\u00e9rigord, a travers\u00e9 le temps ; il doit sa [&hellip;]<\/p>\n","protected":false},"featured_media":53159,"template":"","meta":{"_acf_changed":false,"_genesis_hide_title":false,"_genesis_hide_breadcrumbs":false,"_genesis_hide_singular_image":false,"_genesis_hide_footer_widgets":false,"_genesis_custom_body_class":"","_genesis_custom_post_class":"","_genesis_layout":""},"product_brand":[],"product_cat":[7133,7213,7207],"product_tag":[],"class_list":{"0":"post-53164","1":"product","2":"type-product","3":"status-publish","4":"has-post-thumbnail","6":"product_cat-libres-oc","7":"product_cat-metiers-saubre-far-oc","8":"product_cat-tradicions-patrimoni-oc","9":"pa_auteur-givernaud-bernard-oc","10":"pa_editeur-de-boree-oc","11":"pa_langue-francais-oc","12":"entry","14":"first","15":"instock","16":"shipping-taxable","17":"purchasable","18":"product-type-simple"},"acf":[],"_links":{"self":[{"href":"https:\/\/www.libraria-occitana.org\/oc\/wp-json\/wp\/v2\/product\/53164","targetHints":{"allow":["GET"]}}],"collection":[{"href":"https:\/\/www.libraria-occitana.org\/oc\/wp-json\/wp\/v2\/product"}],"about":[{"href":"https:\/\/www.libraria-occitana.org\/oc\/wp-json\/wp\/v2\/types\/product"}],"wp:featuredmedia":[{"embeddable":true,"href":"https:\/\/www.libraria-occitana.org\/oc\/wp-json\/wp\/v2\/media\/53159"}],"wp:attachment":[{"href":"https:\/\/www.libraria-occitana.org\/oc\/wp-json\/wp\/v2\/media?parent=53164"}],"wp:term":[{"taxonomy":"product_brand","embeddable":true,"href":"https:\/\/www.libraria-occitana.org\/oc\/wp-json\/wp\/v2\/product_brand?post=53164"},{"taxonomy":"product_cat","embeddable":true,"href":"https:\/\/www.libraria-occitana.org\/oc\/wp-json\/wp\/v2\/product_cat?post=53164"},{"taxonomy":"product_tag","embeddable":true,"href":"https:\/\/www.libraria-occitana.org\/oc\/wp-json\/wp\/v2\/product_tag?post=53164"}],"curies":[{"name":"wp","href":"https:\/\/api.w.org\/{rel}","templated":true}]}}