{"id":53174,"date":"2020-11-28T13:54:14","date_gmt":"2020-11-28T12:54:14","guid":{"rendered":"http:\/\/www.libraria-occitana.org\/product\/melhau-lit-delpastre-lintegrale-de-la-poesie-modale\/"},"modified":"2026-04-29T02:21:58","modified_gmt":"2026-04-29T00:21:58","slug":"melhau-lit-delpastre-lintegrale-de-la-poesie-modale","status":"publish","type":"product","link":"https:\/\/www.libraria-occitana.org\/oc\/produch\/melhau-lit-delpastre-lintegrale-de-la-poesie-modale\/","title":{"rendered":"Melhau lit Delpastre : L&#8217;int\u00e9grale de la Po\u00e9sie modale"},"content":{"rendered":"<p>Coffret de 12 CD. 26 po\u00e8mes lus. En fran\u00e7ais.<\/p>\n<p>Des vingt-six longs po\u00e8mes de Marcelle Delpastre que j&#8217;ai publi\u00e9s sous le titre personnel de <em>Po\u00e9sie modale<\/em>, \u00e9crits entre 1972 et 1994, aboutissement de son \u0153uvre*, j&#8217;avais en f\u00e9vrier 2006, \u00e0 un moment tr\u00e8s particulier de ma vie, enregistr\u00e9 une dizaine dans des conditions de fortune mais non d\u00e9nu\u00e9es de qualit\u00e9. \u00c7a se voulait t\u00e9moignage, sans plus.<br \/>\nQuatorze ans plus tard, en ao\u00fbt 2020, m&#8217;est venue l&#8217;envie, ces premiers enregistrements ayant \u00e9t\u00e9 jug\u00e9s dignes d&#8217;\u00eatre livr\u00e9s au public, de les compl\u00e9ter, dans des conditions professionnelles cette fois-ci, jusqu&#8217;\u00e0 en voir grav\u00e9e l&#8217;int\u00e9gralit\u00e9 de l&#8217;\u0153uvre, car l&#8217;ensemble fait \u0153uvre.<br \/>\nPour des raisons pratiques, les po\u00e8mes, dans cet ensemble de douze CD, ne suivent pas un ordre chronologique. Je conseillerais pourtant de les \u00e9couter en le respectant.<br \/>\nLe voici :<br \/>\n1. Clytemnestre au couteau<br \/>\n2. Petits motets d&#8217;amour<br \/>\n3. Requiem pour un pendu<br \/>\n4. L&#8217;iconoclaste<br \/>\n5. Marguerite dans le miroir<br \/>\n6. Le serpent<br \/>\n7. Le chant de la chair vive<br \/>\n8. Le chant de la mort blanche<br \/>\n9. Le chant secret de la vigne<br \/>\n10. Les ailes du serpent<br \/>\n11. L&#8217;anath\u00e8me<br \/>\n12. Et incarnatus est<br \/>\n13. Salut \u00e0 la reine<br \/>\n14. L&#8217;histoire d\u00e9risoire<br \/>\n15. \u00c9lectre<br \/>\n16. Dit de la pr\u00e9cieuse vie<br \/>\n17. La mort maintenant<br \/>\n18. La fille assise<br \/>\n19. La vigne en fleur<br \/>\n20. Po\u00e8me \u00e0 l&#8217;enfant<br \/>\n21. Une brise l\u00e9g\u00e8re<br \/>\n22. L&#8217;automne sur la mer<br \/>\n23. L&#8217;insomnie<br \/>\n24. Le d\u00e9sert<br \/>\n25. Montjoie<br \/>\n26. La danse<br \/>\nDans l&#8217;\u00e9motion de la lecture \u2013 on ne sait jamais \u2013 a pu se glisser quelque erreur. C&#8217;est bien \u00e9videmment le texte \u00e9dit\u00e9 qui fait foi.<br \/>\nChaque lecture tient \u00e0 tant de choses, elle est unique. Et que dire de lectures faites \u00e0 quatorze ans d&#8217;intervalle !&#8230; N\u00e9anmoins je pense lire chaque fois ces po\u00e8mes comme le d\u00e9sirait leur auteur, du moins dans leur rythme qu&#8217;elle consid\u00e9rait \u00e0 juste titre comme essentiel ; de tout \u00e7a nous avons suffisamment parl\u00e9 ensemble et elle a eu assez souvent l&#8217;occasion d&#8217;entendre mon interpr\u00e9tation, m&#8217;en donnant quitus. N&#8217;euss\u00e9-je pas d\u00e9m\u00e9rit\u00e9 de cette \u0153uvre que je consid\u00e8re comme l&#8217;une des plus belles qui aient jamais \u00e9t\u00e9 \u00e9crites dans quelque langue et quelque si\u00e8cle que ce soit.<\/p>\n<p>* Il faudrait y ajouter quatre po\u00e8mes bilingues occitan-fran\u00e7ais et un tout en occitan, de la m\u00eame \u00e9poque et de la m\u00eame facture, publi\u00e9s dans le volume intitul\u00e9 <em>D&#8217;una lenga l&#8217;autra<\/em>, enregistr\u00e9s ailleurs.<\/p>\n<p><a href=\"http:\/\/www.libraria-occitana.org\/produit\/poesie-modale-i\/\">Po\u00e9sie modale I<\/a><br \/>\n<a href=\"http:\/\/www.libraria-occitana.org\/produit\/poesie-modale-ii\/\">Po\u00e9sie modale II<\/a><br \/>\n<a href=\"http:\/\/www.libraria-occitana.org\/produit\/poesie-modale-iii-2\/\">Po\u00e9sie modale III<\/a><\/p>\n<p>&nbsp;<\/p>\n","protected":false},"excerpt":{"rendered":"<p>Coffret de 12 CD. 26 po\u00e8mes lus. En fran\u00e7ais. Des vingt-six longs po\u00e8mes de Marcelle Delpastre que j&#8217;ai publi\u00e9s sous le titre personnel de Po\u00e9sie modale, \u00e9crits entre 1972 et 1994, aboutissement de son \u0153uvre*, j&#8217;avais en f\u00e9vrier 2006, \u00e0 un moment tr\u00e8s particulier de ma vie, enregistr\u00e9 une dizaine dans des conditions de fortune [&hellip;]<\/p>\n","protected":false},"featured_media":53171,"template":"","meta":{"_acf_changed":false,"_genesis_hide_title":false,"_genesis_hide_breadcrumbs":false,"_genesis_hide_singular_image":false,"_genesis_hide_footer_widgets":false,"_genesis_custom_body_class":"","_genesis_custom_post_class":"","_genesis_layout":""},"product_brand":[],"product_cat":[7225,16683],"product_tag":[],"class_list":{"0":"post-53174","1":"product","2":"type-product","3":"status-publish","4":"has-post-thumbnail","6":"product_cat-litterature-musique-oc","7":"product_cat-musica-oc","8":"pa_auteur-delpastre-marcela-oc","9":"pa_editeur-lo-chamin-de-sent-jaume-oc","10":"pa_illustrateur-melhau-jan-dau-oc","11":"pa_langue-francais-oc","12":"entry","14":"first","15":"instock","16":"shipping-taxable","17":"purchasable","18":"product-type-simple"},"acf":[],"_links":{"self":[{"href":"https:\/\/www.libraria-occitana.org\/oc\/wp-json\/wp\/v2\/product\/53174","targetHints":{"allow":["GET"]}}],"collection":[{"href":"https:\/\/www.libraria-occitana.org\/oc\/wp-json\/wp\/v2\/product"}],"about":[{"href":"https:\/\/www.libraria-occitana.org\/oc\/wp-json\/wp\/v2\/types\/product"}],"wp:featuredmedia":[{"embeddable":true,"href":"https:\/\/www.libraria-occitana.org\/oc\/wp-json\/wp\/v2\/media\/53171"}],"wp:attachment":[{"href":"https:\/\/www.libraria-occitana.org\/oc\/wp-json\/wp\/v2\/media?parent=53174"}],"wp:term":[{"taxonomy":"product_brand","embeddable":true,"href":"https:\/\/www.libraria-occitana.org\/oc\/wp-json\/wp\/v2\/product_brand?post=53174"},{"taxonomy":"product_cat","embeddable":true,"href":"https:\/\/www.libraria-occitana.org\/oc\/wp-json\/wp\/v2\/product_cat?post=53174"},{"taxonomy":"product_tag","embeddable":true,"href":"https:\/\/www.libraria-occitana.org\/oc\/wp-json\/wp\/v2\/product_tag?post=53174"}],"curies":[{"name":"wp","href":"https:\/\/api.w.org\/{rel}","templated":true}]}}