{"id":53242,"date":"2020-12-05T12:33:32","date_gmt":"2020-12-05T11:33:32","guid":{"rendered":"http:\/\/www.libraria-occitana.org\/product\/le-grand-livre-des-guerisseuses-leurs-pouvoirs-leurs-secrets-leur-histoire\/"},"modified":"2024-07-04T00:34:23","modified_gmt":"2024-07-03T22:34:23","slug":"le-grand-livre-des-guerisseuses-leurs-pouvoirs-leurs-secrets-leur-histoire","status":"publish","type":"product","link":"https:\/\/www.libraria-occitana.org\/oc\/produch\/le-grand-livre-des-guerisseuses-leurs-pouvoirs-leurs-secrets-leur-histoire\/","title":{"rendered":"Le grand livre des gu\u00e9risseuses : Leurs pouvoirs &#8211; Leurs secrets &#8211; Leur histoire"},"content":{"rendered":"<p>Leurs noms circulent sous le manteau. Certaines utilisent des herbes, d\u2019autres manipulent les corps et soulagent les \u00e2mes. Magn\u00e9tiseuses, coupeuses de feu, \u00e9nerg\u00e9ticiennes ou chamanes\u2026 Depuis la nuit des temps, les gu\u00e9risseuses prennent soin des autres.\u00a0 Aujourd\u2019hui on les consulte plus que jamais, mais leurs savoir-faire restent myst\u00e9rieux. Ce livre plonge au c\u0153ur de leur histoire, \u00e9claire les pratiques ancestrales et les emprunts \u00e0 d\u2019autres cultures.<br \/>\nIl \u00e9voque, du Moyen \u00c2ge \u00e0 nos jours, les gestes, incantations, formules magiques et objets que l\u2019on se transmet de g\u00e9n\u00e9ration en g\u00e9n\u00e9ration. Il raconte ces temps cruels o\u00f9 elles furent trait\u00e9es de sorci\u00e8res, rel\u00e9gu\u00e9es, discr\u00e9dit\u00e9es, par m\u00e9fiance ou m\u00e9pris. Il dit aussi leur courage, dans l\u2019ombre, pour perp\u00e9tuer cet art de gu\u00e9rir, si pr\u00e9cieux.<\/p>\n<p><strong>Un livre passionnant sur l\u2019histoire des femmes, un livre utile pour celles et ceux qui cherchent une autre mani\u00e8re de se soigner.<\/strong><\/p>\n","protected":false},"excerpt":{"rendered":"<p>Leurs noms circulent sous le manteau. Certaines utilisent des herbes, d\u2019autres manipulent les corps et soulagent les \u00e2mes. Magn\u00e9tiseuses, coupeuses de feu, \u00e9nerg\u00e9ticiennes ou chamanes\u2026 Depuis la nuit des temps, les gu\u00e9risseuses prennent soin des autres.\u00a0 Aujourd\u2019hui on les consulte plus que jamais, mais leurs savoir-faire restent myst\u00e9rieux. Ce livre plonge au c\u0153ur de leur [&hellip;]<\/p>\n","protected":false},"featured_media":53240,"template":"","meta":{"_acf_changed":false,"_genesis_hide_title":false,"_genesis_hide_breadcrumbs":false,"_genesis_hide_singular_image":false,"_genesis_hide_footer_widgets":false,"_genesis_custom_body_class":"","_genesis_custom_post_class":"","_genesis_layout":""},"product_brand":[],"product_cat":[7209,7133,7207],"product_tag":[],"class_list":{"0":"post-53242","1":"product","2":"type-product","3":"status-publish","4":"has-post-thumbnail","6":"product_cat-costumas-rites-e-cresencas-oc","7":"product_cat-libres-oc","8":"product_cat-tradicions-patrimoni-oc","9":"pa_auteur-lemonnier-clara-oc","10":"pa_editeur-liconoclaste-oc","11":"pa_langue-francais-oc","12":"entry","14":"first","15":"outofstock","16":"shipping-taxable","17":"purchasable","18":"product-type-simple"},"acf":[],"_links":{"self":[{"href":"https:\/\/www.libraria-occitana.org\/oc\/wp-json\/wp\/v2\/product\/53242","targetHints":{"allow":["GET"]}}],"collection":[{"href":"https:\/\/www.libraria-occitana.org\/oc\/wp-json\/wp\/v2\/product"}],"about":[{"href":"https:\/\/www.libraria-occitana.org\/oc\/wp-json\/wp\/v2\/types\/product"}],"wp:featuredmedia":[{"embeddable":true,"href":"https:\/\/www.libraria-occitana.org\/oc\/wp-json\/wp\/v2\/media\/53240"}],"wp:attachment":[{"href":"https:\/\/www.libraria-occitana.org\/oc\/wp-json\/wp\/v2\/media?parent=53242"}],"wp:term":[{"taxonomy":"product_brand","embeddable":true,"href":"https:\/\/www.libraria-occitana.org\/oc\/wp-json\/wp\/v2\/product_brand?post=53242"},{"taxonomy":"product_cat","embeddable":true,"href":"https:\/\/www.libraria-occitana.org\/oc\/wp-json\/wp\/v2\/product_cat?post=53242"},{"taxonomy":"product_tag","embeddable":true,"href":"https:\/\/www.libraria-occitana.org\/oc\/wp-json\/wp\/v2\/product_tag?post=53242"}],"curies":[{"name":"wp","href":"https:\/\/api.w.org\/{rel}","templated":true}]}}