{"id":53253,"date":"2020-02-05T16:59:50","date_gmt":"2020-02-05T15:59:50","guid":{"rendered":"http:\/\/www.libraria-occitana.org\/?post_type=product&#038;p=53253"},"modified":"2026-04-29T10:01:14","modified_gmt":"2026-04-29T08:01:14","slug":"puput-vinyle","status":"publish","type":"product","link":"https:\/\/www.libraria-occitana.org\/oc\/produch\/puput-vinyle\/","title":{"rendered":"Puput (Vinyle)"},"content":{"rendered":"<p><strong>Caroline Dufau, Maud Herrera, Lila Fraysse :<\/strong> Votz, percussions<\/p>\n<p>Los mots, las voses que se jocan, bronzinan, engatjan los c\u00f2s dins la dan\u00e7a. Cocanha projecta de voses timbradas portadas per la pulsacion dels tamborins de c\u00f2rdas, dels p\u00e8s e de las mans. La lenga occitana es n\u00f2stre terren de j\u00f2c per explorar de temperaments e de sonoritats singularas.<br \/>\nCocanha posa dins lo repert\u00f2ri tradicional occitan, torna botar en moviment d\u2019archius e los torna pla\u00e7ar dins lo fial de l\u2019oralitat. D\u2019unas paraulas son reescrichas, d\u2019autras inventadas, sortissent d\u2019un imaginari comun a c\u00e8l dob\u00e8rt. Los personatges de las can\u00e7ons se tornan apoderar lor pot\u00e9ncia desirosa e l\u2019afirman.<br \/>\nDins un estat franc\u00e9s centralista, del passat colonial potent, que fa calar las lengas que l\u2019abitan e formata los accents, Cocanha caus\u00eds de cantar en occitan.<\/p>\n<p><strong>Titres :<\/strong><br \/>\n<strong>F\u00e0cia A<\/strong><br \/>\n1. Suu camin de Sent Jacques 4'20<br \/>\n2. Cotelon 3'50<br \/>\n3. Colorina de r\u00f2sa 3'07<br \/>\n4. Quauque c\u00f2p 3'08<br \/>\n5. Dos branlaboi\u00e8rs 0'58<br \/>\n6. Janeta 3'20<br \/>\n7. Los auc\u00e8ls 2'47<\/p>\n<p><strong>F\u00e0cia B<\/strong><br \/>\n8. La sovenen\u00e7a 4'56<br \/>\n9. La femna d'un tambor 1'55<br \/>\n10. Lo cast\u00e8l roge 4'39<br \/>\n11. Au son deu vriolon 4'25<br \/>\n12. B\u00e8th aubre 1'59<br \/>\n13. Quauque c\u00f2p (version polifonica) 3'08<\/p>\n","protected":false},"excerpt":{"rendered":"<p>Caroline Dufau, Maud Herrera, Lila Fraysse : Votz, percussions Los mots, las voses que se jocan, bronzinan, engatjan los c\u00f2s dins la dan\u00e7a. Cocanha projecta de voses timbradas portadas per la pulsacion dels tamborins de c\u00f2rdas, dels p\u00e8s e de las mans. La lenga occitana es n\u00f2stre terren de j\u00f2c per explorar de temperaments e [&hellip;]<\/p>\n","protected":false},"featured_media":53256,"template":"","meta":{"_acf_changed":false,"_genesis_hide_title":false,"_genesis_hide_breadcrumbs":false,"_genesis_hide_singular_image":false,"_genesis_hide_footer_widgets":false,"_genesis_custom_body_class":"","_genesis_custom_post_class":"","_genesis_layout":""},"product_brand":[],"product_cat":[16683,7231],"product_tag":[],"class_list":{"0":"post-53253","1":"product","2":"type-product","3":"status-publish","4":"has-post-thumbnail","6":"product_cat-musica-oc","7":"product_cat-polifonias-oc","8":"pa_auteur-cocanha-oc","9":"pa_editeur-pagans-oc","10":"pa_langue-occitan-oc","11":"pa_langue-occitan-gascon-oc","12":"entry","14":"first","15":"outofstock","16":"shipping-taxable","17":"purchasable","18":"product-type-simple"},"acf":[],"_links":{"self":[{"href":"https:\/\/www.libraria-occitana.org\/oc\/wp-json\/wp\/v2\/product\/53253","targetHints":{"allow":["GET"]}}],"collection":[{"href":"https:\/\/www.libraria-occitana.org\/oc\/wp-json\/wp\/v2\/product"}],"about":[{"href":"https:\/\/www.libraria-occitana.org\/oc\/wp-json\/wp\/v2\/types\/product"}],"wp:featuredmedia":[{"embeddable":true,"href":"https:\/\/www.libraria-occitana.org\/oc\/wp-json\/wp\/v2\/media\/53256"}],"wp:attachment":[{"href":"https:\/\/www.libraria-occitana.org\/oc\/wp-json\/wp\/v2\/media?parent=53253"}],"wp:term":[{"taxonomy":"product_brand","embeddable":true,"href":"https:\/\/www.libraria-occitana.org\/oc\/wp-json\/wp\/v2\/product_brand?post=53253"},{"taxonomy":"product_cat","embeddable":true,"href":"https:\/\/www.libraria-occitana.org\/oc\/wp-json\/wp\/v2\/product_cat?post=53253"},{"taxonomy":"product_tag","embeddable":true,"href":"https:\/\/www.libraria-occitana.org\/oc\/wp-json\/wp\/v2\/product_tag?post=53253"}],"curies":[{"name":"wp","href":"https:\/\/api.w.org\/{rel}","templated":true}]}}