{"id":53280,"date":"2011-04-08T12:02:21","date_gmt":"2011-04-08T10:02:21","guid":{"rendered":"http:\/\/www.libraria-occitana.org\/?post_type=product&#038;p=53280"},"modified":"2026-04-23T22:01:33","modified_gmt":"2026-04-23T20:01:33","slug":"lart-de-la-vannerie-technique-et-tradition-du-panier-perigourdin-libre-cd","status":"publish","type":"product","link":"https:\/\/www.libraria-occitana.org\/oc\/produch\/lart-de-la-vannerie-technique-et-tradition-du-panier-perigourdin-libre-cd\/","title":{"rendered":"L&#8217;art de la vannerie : Technique et tradition du panier p\u00e9rigourdin (libre + CD)"},"content":{"rendered":"<p><em>L&#8217;Art de la vannerie<\/em> d\u00e9crit de mani\u00e8re pr\u00e9cise et d\u00e9taill\u00e9e la r\u00e9alisation de diff\u00e9rents paniers selon la technique traditionnelle de la spirale.<\/p>\n<p>De l&#8217;Afrique de l&#8217;Ouest \u00e0 l&#8217;ouest du Bassin m\u00e9diterran\u00e9en et au P\u00e9rigord, Eva Seidenfaden a collect\u00e9 diff\u00e9rentes mani\u00e8res de fabriquer des vanneries spiral\u00e9es, de la plus simple \u00e0 la plus \u00e9labor\u00e9e. L&#8217;auteur nous initie \u00e0 cette technique originale encore in\u00e9dite et nous invite \u00e0 rencontrer d&#8217;autres orf\u00e8vres de cet art : Norbert Faure, David Drew, Marcel Lavaud, Philippe Guerinel et \u00c9lisabeth Borch.<\/p>\n<p>Enfin, la derni\u00e8re partie de l&#8217;ouvrage offre au lecteur un univers d&#8217;objets \u00e0 d\u00e9couvrir et \u00e0 cr\u00e9er.<\/p>\n<p>Un DVD compl\u00e8te le livre et facilite l&#8217;intelligence des gestes du vannier.<\/p>\n","protected":false},"excerpt":{"rendered":"<p>L&#8217;Art de la vannerie d\u00e9crit de mani\u00e8re pr\u00e9cise et d\u00e9taill\u00e9e la r\u00e9alisation de diff\u00e9rents paniers selon la technique traditionnelle de la spirale. De l&#8217;Afrique de l&#8217;Ouest \u00e0 l&#8217;ouest du Bassin m\u00e9diterran\u00e9en et au P\u00e9rigord, Eva Seidenfaden a collect\u00e9 diff\u00e9rentes mani\u00e8res de fabriquer des vanneries spiral\u00e9es, de la plus simple \u00e0 la plus \u00e9labor\u00e9e. L&#8217;auteur nous [&hellip;]<\/p>\n","protected":false},"featured_media":53283,"template":"","meta":{"_acf_changed":false,"_genesis_hide_title":false,"_genesis_hide_breadcrumbs":false,"_genesis_hide_singular_image":false,"_genesis_hide_footer_widgets":false,"_genesis_custom_body_class":"","_genesis_custom_post_class":"","_genesis_layout":""},"product_brand":[],"product_cat":[7133,7213,7207],"product_tag":[],"class_list":{"0":"post-53280","1":"product","2":"type-product","3":"status-publish","4":"has-post-thumbnail","6":"product_cat-libres-oc","7":"product_cat-metiers-saubre-far-oc","8":"product_cat-tradicions-patrimoni-oc","9":"pa_auteur-seidenfaden-eva-oc","10":"pa_editeur-actes-sud-oc","11":"pa_langue-francais-oc","12":"entry","14":"first","15":"outofstock","16":"shipping-taxable","17":"purchasable","18":"product-type-simple"},"acf":[],"_links":{"self":[{"href":"https:\/\/www.libraria-occitana.org\/oc\/wp-json\/wp\/v2\/product\/53280","targetHints":{"allow":["GET"]}}],"collection":[{"href":"https:\/\/www.libraria-occitana.org\/oc\/wp-json\/wp\/v2\/product"}],"about":[{"href":"https:\/\/www.libraria-occitana.org\/oc\/wp-json\/wp\/v2\/types\/product"}],"wp:featuredmedia":[{"embeddable":true,"href":"https:\/\/www.libraria-occitana.org\/oc\/wp-json\/wp\/v2\/media\/53283"}],"wp:attachment":[{"href":"https:\/\/www.libraria-occitana.org\/oc\/wp-json\/wp\/v2\/media?parent=53280"}],"wp:term":[{"taxonomy":"product_brand","embeddable":true,"href":"https:\/\/www.libraria-occitana.org\/oc\/wp-json\/wp\/v2\/product_brand?post=53280"},{"taxonomy":"product_cat","embeddable":true,"href":"https:\/\/www.libraria-occitana.org\/oc\/wp-json\/wp\/v2\/product_cat?post=53280"},{"taxonomy":"product_tag","embeddable":true,"href":"https:\/\/www.libraria-occitana.org\/oc\/wp-json\/wp\/v2\/product_tag?post=53280"}],"curies":[{"name":"wp","href":"https:\/\/api.w.org\/{rel}","templated":true}]}}