{"id":53304,"date":"2020-12-09T13:05:05","date_gmt":"2020-12-09T12:05:05","guid":{"rendered":"http:\/\/www.libraria-occitana.org\/product\/bon-present-bon-cadeau\/"},"modified":"2020-12-18T11:48:26","modified_gmt":"2020-12-18T10:48:26","slug":"bon-present-bon-cadeau","status":"publish","type":"product","link":"https:\/\/www.libraria-occitana.org\/oc\/produch\/bon-present-bon-cadeau\/","title":{"rendered":"BON PER UN PRESENT &#8211; BON CADEAU"},"content":{"rendered":"<p><strong>Ufrissetz un bon per un present a la Librari\u00e1 occitana a qui voletz !<\/strong><\/p>\n<p>P\u00f2t servir a la botica nonmas (42 Rua Viena Nauta - 87000 Lim\u00f2tges).<\/p>\n","protected":false},"excerpt":{"rendered":"<p>Ufrissetz un bon per un present a la Librari\u00e1 occitana a qui voletz ! P\u00f2t servir a la botica nonmas (42 Rua Viena Nauta &#8211; 87000 Lim\u00f2tges).<\/p>\n","protected":false},"featured_media":53311,"template":"","meta":{"_acf_changed":false,"_genesis_hide_title":false,"_genesis_hide_breadcrumbs":false,"_genesis_hide_singular_image":false,"_genesis_hide_footer_widgets":false,"_genesis_custom_body_class":"","_genesis_custom_post_class":"","_genesis_layout":""},"product_brand":[],"product_cat":[7167,7135,7131,7169,7219,7177,7211,7209,7139,7137,7242,7171,7145,7235,7195,7189,7244,7151,7153,7199,7221,7155,7157,7161,7159,7149,13695,7246,7223,7165,7133,7141,7225,7175,7179,7213,7143,16683,7227,7191,7248,7197,7201,7163,7229,7193,7215,7181,7231,7203,7239,7205,7233,7183,7185,7187,7237,7207,7173,7240,7147],"product_tag":[],"class_list":{"0":"post-53304","1":"product","2":"type-product","3":"status-publish","4":"has-post-thumbnail","6":"product_cat-ados-oc","7":"product_cat-arts-oc","8":"product_cat-autre-oc","9":"product_cat-benda-dessenhada-oc","10":"product_cat-chancon-oc","11":"product_cat-contes-fablas-oc","12":"product_cat-cosina-gastronomia-oc","13":"product_cat-costumas-rites-e-cresencas-oc","14":"product_cat-diccionaris-gramaticas-oc","15":"product_cat-diccionaris-lenga-escolar-oc","16":"product_cat-documentari-oc","17":"product_cat-drolles-oc","18":"product_cat-escolar-pedagogia-oc","19":"product_cat-eska-reggae-dub-oc","20":"product_cat-estudis-oc","21":"product_cat-estudis-literaris-oc","22":"product_cat-ficcion-oc","23":"product_cat-genealogia-eraldica-oc","24":"product_cat-geografia-oc","25":"product_cat-guides-torisme-viatge-oc","26":"product_cat-hip-hop-electro-oc","27":"product_cat-istoria-antica-oc","28":"product_cat-istoria-generala-oc","29":"product_cat-istoria-medievala-oc","30":"product_cat-istoria-moderna-e-contemporala-oc","31":"product_cat-istoria-geografia-oc","32":"product_cat-jazz-oc","33":"product_cat-jounessa-videos-2-oc","34":"product_cat-jounessa-oc","35":"product_cat-jounessa-bd-umor","36":"product_cat-libres-oc","37":"product_cat-linguistica-oc","38":"product_cat-litterature-musique-oc","39":"product_cat-literatura-oc","40":"product_cat-literatura-occitana-en-frances-oc","41":"product_cat-metiers-saubre-far-oc","42":"product_cat-metodes-oc","43":"product_cat-musica-oc","44":"product_cat-musica-classica-trobadors-oc","45":"product_cat-musica-danca-oc","46":"product_cat-musica-literatura-oc","47":"product_cat-natura-torisme-oc","48":"product_cat-natura-vargier-oc","49":"product_cat-noms-de-luocs-noms-de-personas-oc","50":"product_cat-novela-tradicion-oc","51":"product_cat-particions-paraulas-de-chancons-oc","52":"product_cat-patrimoni-bastit-oc","53":"product_cat-poesia-oc","54":"product_cat-polifonias-oc","55":"product_cat-politica-sociologia-actualitat-oc","56":"product_cat-promos-oc","57":"product_cat-religion-espiritualitat-oc","58":"product_cat-roc-pop-oc","59":"product_cat-romans-novelas-oc","60":"product_cat-teatre-oc","61":"product_cat-temonhatges-memoris-oc","62":"product_cat-tradicion-oc","63":"product_cat-tradicions-patrimoni-oc","64":"product_cat-umor-oc","65":"product_cat-video-oc","66":"product_cat-vocabulari-biais-de-dire-oc","67":"entry","69":"first","70":"instock","71":"featured","72":"shipping-taxable","73":"purchasable","74":"product-type-simple"},"acf":[],"_links":{"self":[{"href":"https:\/\/www.libraria-occitana.org\/oc\/wp-json\/wp\/v2\/product\/53304","targetHints":{"allow":["GET"]}}],"collection":[{"href":"https:\/\/www.libraria-occitana.org\/oc\/wp-json\/wp\/v2\/product"}],"about":[{"href":"https:\/\/www.libraria-occitana.org\/oc\/wp-json\/wp\/v2\/types\/product"}],"wp:featuredmedia":[{"embeddable":true,"href":"https:\/\/www.libraria-occitana.org\/oc\/wp-json\/wp\/v2\/media\/53311"}],"wp:attachment":[{"href":"https:\/\/www.libraria-occitana.org\/oc\/wp-json\/wp\/v2\/media?parent=53304"}],"wp:term":[{"taxonomy":"product_brand","embeddable":true,"href":"https:\/\/www.libraria-occitana.org\/oc\/wp-json\/wp\/v2\/product_brand?post=53304"},{"taxonomy":"product_cat","embeddable":true,"href":"https:\/\/www.libraria-occitana.org\/oc\/wp-json\/wp\/v2\/product_cat?post=53304"},{"taxonomy":"product_tag","embeddable":true,"href":"https:\/\/www.libraria-occitana.org\/oc\/wp-json\/wp\/v2\/product_tag?post=53304"}],"curies":[{"name":"wp","href":"https:\/\/api.w.org\/{rel}","templated":true}]}}