{"id":53325,"date":"2020-12-10T11:31:55","date_gmt":"2020-12-10T10:31:55","guid":{"rendered":"http:\/\/www.libraria-occitana.org\/?post_type=product&#038;p=53325"},"modified":"2026-04-29T04:41:41","modified_gmt":"2026-04-29T02:41:41","slug":"planete-paysanne-echos-de-correze-3-dvd","status":"publish","type":"product","link":"https:\/\/www.libraria-occitana.org\/oc\/produch\/planete-paysanne-echos-de-correze-3-dvd\/","title":{"rendered":"Plan\u00e8te paysanne, \u00e9chos de Corr\u00e8ze (3 DVD)"},"content":{"rendered":"<p><strong>Une trilogie autour du monde paysan<\/strong><\/p>\n<p>Face \u00e0 l\u2019importance et \u00e0 l\u2019urgence des enjeux \u00e9cologiques, \u00e9conomiques, soci\u00e9taux, le monde de demain nous questionne. Et si le monde d\u2019hier, celui de la paysannerie traditionnelle, avec ses capacit\u00e9s de r\u00e9sistance et de r\u00e9silience, pouvait contribuer \u00e0 notre \u00e9clairage ?<\/p>\n<p>La Gaillarde pr\u00e9sente trois films documentaires tourn\u00e9s entre 2001 et 2019, \u00e0 Meilhards, village de cinq cents \u00e2mes au c\u0153ur du Limousin, en Corr\u00e8ze.<br \/>\nUne \u00e9vocation de diff\u00e9rents aspects de la culture paysanne dans une commune rurale comme tant d&#8217;autres en France&#8230;<\/p>\n<p>Ce coffret DVD r\u00e9unit ces trois documentaires r\u00e9alis\u00e9s par Sylvain Trousselle et Florence Evrard, accompagn\u00e9s d\u2019un livret proposant le regard de deux ethnologues ; V\u00e9ronique Dassi\u00e9 et Sergio Dalla Bernardina, et celui des initiateurs du projet : Florence Evrard et Philippe Bertin.<\/p>\n<ul>\n<li><strong>L&#8217;engrangeur \/ r\u00e9alisation Sylvain Trousselle &#8211; 56 min &#8211; 2019<br \/>\n<\/strong>Portrait d&#8217;un homme d&#8217;exception, R\u00e9gis Coudert, paysan dans l&#8217;\u00e2me, et collectionneur insatiable. Cet \u00e9leveur visionnaire qui a contribu\u00e9 \u00e0 l&#8217;essor de la race limousine s&#8217;est passionn\u00e9 pour la sauvegarde d&#8217;outils devenus orphelins.<\/li>\n<\/ul>\n<ul>\n<li><strong>De la t\u00eate \u00e0 la queue \/ r\u00e9alisation Florence Evrard &#8211; 52 min &#8211; 2001<br \/>\n<\/strong>Ann\u00e9e 2001, dans la petite ferme familiale des Juille, on tue encore le cochon comme autrefois, mais cette fois-ci, c&#8217;est la derni\u00e8re fois. Le film explore les nombreuses \u00e9tapes, du sacrifice de l&#8217;animal jusqu&#8217;\u00e0 sa transformation en nourriture.<\/li>\n<\/ul>\n<ul>\n<li><strong>Le sentier des \u00e2mes \/ r\u00e9alisation Sylvain Trousselle &#8211; 52 min &#8211; 2018<br \/>\n<\/strong>Une enqu\u00eate ethno-artistique sur les traces et l&#8217;effacement de la Grande Guerre dans un village corr\u00e9zien, r\u00e9alis\u00e9e \u00e0 partir des t\u00e9moignages d&#8217;une quinzaine d&#8217;habitants de Meilhards.<\/li>\n<\/ul>\n","protected":false},"excerpt":{"rendered":"<p>Une trilogie autour du monde paysan Face \u00e0 l\u2019importance et \u00e0 l\u2019urgence des enjeux \u00e9cologiques, \u00e9conomiques, soci\u00e9taux, le monde de demain nous questionne. Et si le monde d\u2019hier, celui de la paysannerie traditionnelle, avec ses capacit\u00e9s de r\u00e9sistance et de r\u00e9silience, pouvait contribuer \u00e0 notre \u00e9clairage ? La Gaillarde pr\u00e9sente trois films documentaires tourn\u00e9s entre [&hellip;]<\/p>\n","protected":false},"featured_media":53323,"template":"","meta":{"_acf_changed":false,"_genesis_hide_title":false,"_genesis_hide_breadcrumbs":false,"_genesis_hide_singular_image":false,"_genesis_hide_footer_widgets":false,"_genesis_custom_body_class":"","_genesis_custom_post_class":"","_genesis_layout":""},"product_brand":[],"product_cat":[7242,7240],"product_tag":[],"class_list":{"0":"post-53325","1":"product","2":"type-product","3":"status-publish","4":"has-post-thumbnail","6":"product_cat-documentari-oc","7":"product_cat-video-oc","8":"pa_auteur-evrard-florence-oc","9":"pa_auteur-trousselle-sylvain-oc","10":"pa_editeur-la-gaillarde-oc","11":"pa_editeur-productions-grand-angle-oc","12":"pa_langue-francais-oc","13":"entry","15":"first","16":"instock","17":"shipping-taxable","18":"purchasable","19":"product-type-simple"},"acf":[],"_links":{"self":[{"href":"https:\/\/www.libraria-occitana.org\/oc\/wp-json\/wp\/v2\/product\/53325","targetHints":{"allow":["GET"]}}],"collection":[{"href":"https:\/\/www.libraria-occitana.org\/oc\/wp-json\/wp\/v2\/product"}],"about":[{"href":"https:\/\/www.libraria-occitana.org\/oc\/wp-json\/wp\/v2\/types\/product"}],"wp:featuredmedia":[{"embeddable":true,"href":"https:\/\/www.libraria-occitana.org\/oc\/wp-json\/wp\/v2\/media\/53323"}],"wp:attachment":[{"href":"https:\/\/www.libraria-occitana.org\/oc\/wp-json\/wp\/v2\/media?parent=53325"}],"wp:term":[{"taxonomy":"product_brand","embeddable":true,"href":"https:\/\/www.libraria-occitana.org\/oc\/wp-json\/wp\/v2\/product_brand?post=53325"},{"taxonomy":"product_cat","embeddable":true,"href":"https:\/\/www.libraria-occitana.org\/oc\/wp-json\/wp\/v2\/product_cat?post=53325"},{"taxonomy":"product_tag","embeddable":true,"href":"https:\/\/www.libraria-occitana.org\/oc\/wp-json\/wp\/v2\/product_tag?post=53325"}],"curies":[{"name":"wp","href":"https:\/\/api.w.org\/{rel}","templated":true}]}}