{"id":53394,"date":"2020-12-16T17:31:41","date_gmt":"2020-12-16T16:31:41","guid":{"rendered":"http:\/\/www.libraria-occitana.org\/product\/chansons-dauvergne-cancons-de-la-vida-libre-cd\/"},"modified":"2026-04-29T11:05:15","modified_gmt":"2026-04-29T09:05:15","slug":"chansons-dauvergne-cancons-de-la-vida-libre-cd","status":"publish","type":"product","link":"https:\/\/www.libraria-occitana.org\/oc\/produch\/chansons-dauvergne-cancons-de-la-vida-libre-cd\/","title":{"rendered":"Chansons d&#8217;Auvergne : Can\u00e7ons de la vida (libre + CD)"},"content":{"rendered":"<p><strong>Edicion nov\u00e8la, revista e augmentada amb CD.<\/strong><\/p>\n<p>Cent vint can\u00e7ons, culhidas al fial de vint ans de coll\u00e8ctas fachas mai que mai per l\u2019Institut d\u2019Estudis occitans del Cantal, e tanben en collaboracion amb l\u2019Agence des Musiques traditionnelles d\u2019Auvergne (AMTA), mai d\u2019autres apassionats de la cultura occitana.<br \/>\nAquesta segonda edicion es destinada a un public larg que desira de retrobar o de descobrir un repert\u00f2ri de can\u00e7ons occitanas, que la part m\u00e0ger son de tradicion orala, per las cantar se meteis.<br \/>\nAmb las particions, los t\u00e8xtes de las can\u00e7ons son donats dins las versions div\u00e8rsas culhidas, e acompanhats de reviradas francesas pels t\u00e8xtes en lenga d\u2019\u00f2c, de que contentar los lectors pas occitanoparlants, mai tanben los debutants en occitan. E coma aqueste recu\u00e8lh v\u00f2l donar una vista d\u2019ensemble de la can\u00e7on populara occitana en Auv\u00e8rnhe, i trobraretz tanben qualques classics d\u2019autors encara presats, per exemple Raimond Four e Lo\u00eds Debrons.<\/p>\n<p>Lo libre es acompanhat d'enregistraments sus CD : se i poir\u00e0 ausir lo primi\u00e8r coblet de caduna de las 125 can\u00e7ons, que son regropadas en 99 t\u00edtols sul CD, en causa de rasons tecnicas. Una ajuda per las aprene (especialament se legiss\u00e8tz pas gaire la musica escricha) o per se reviscolar la mem\u00f2ria. Una ajuda tanben per la lectura e la prononciacion de las paraulas. La can\u00e7ons son interpretadas per Jean-Louis Deygas, cantaire e musician, del grop Somia f\u00e8stas e de Cantal\u00e0s (CMdT 15), animator d'estagis de cant occitan, de passejadas cantadas e de velhadas.<\/p>\n","protected":false},"excerpt":{"rendered":"<p>Edicion nov\u00e8la, revista e augmentada amb CD. Cent vint can\u00e7ons, culhidas al fial de vint ans de coll\u00e8ctas fachas mai que mai per l\u2019Institut d\u2019Estudis occitans del Cantal, e tanben en collaboracion amb l\u2019Agence des Musiques traditionnelles d\u2019Auvergne (AMTA), mai d\u2019autres apassionats de la cultura occitana. Aquesta segonda edicion es destinada a un public larg [&hellip;]<\/p>\n","protected":false},"featured_media":53386,"template":"","meta":{"_acf_changed":false,"_genesis_hide_title":false,"_genesis_hide_breadcrumbs":false,"_genesis_hide_singular_image":false,"_genesis_hide_footer_widgets":false,"_genesis_custom_body_class":"","_genesis_custom_post_class":"","_genesis_layout":""},"product_brand":[],"product_cat":[7133,7191,7193],"product_tag":[],"class_list":{"0":"post-53394","1":"product","2":"type-product","3":"status-publish","4":"has-post-thumbnail","6":"product_cat-libres-oc","7":"product_cat-musica-danca-oc","8":"product_cat-particions-paraulas-de-chancons-oc","9":"pa_auteur-bruel-alain-oc","10":"pa_auteur-huguet-didier-oc","11":"pa_auteur-rocher-jean-claude-oc","12":"pa_editeur-lostal-del-libre-oc","13":"pa_langue-francais-oc","14":"pa_langue-occitan-auvernhat-oc","15":"pa_langue-occitan-lengadocian-oc","16":"pa_langue-occitan-francais-oc","17":"entry","19":"first","20":"outofstock","21":"shipping-taxable","22":"purchasable","23":"product-type-simple"},"acf":[],"_links":{"self":[{"href":"https:\/\/www.libraria-occitana.org\/oc\/wp-json\/wp\/v2\/product\/53394","targetHints":{"allow":["GET"]}}],"collection":[{"href":"https:\/\/www.libraria-occitana.org\/oc\/wp-json\/wp\/v2\/product"}],"about":[{"href":"https:\/\/www.libraria-occitana.org\/oc\/wp-json\/wp\/v2\/types\/product"}],"wp:featuredmedia":[{"embeddable":true,"href":"https:\/\/www.libraria-occitana.org\/oc\/wp-json\/wp\/v2\/media\/53386"}],"wp:attachment":[{"href":"https:\/\/www.libraria-occitana.org\/oc\/wp-json\/wp\/v2\/media?parent=53394"}],"wp:term":[{"taxonomy":"product_brand","embeddable":true,"href":"https:\/\/www.libraria-occitana.org\/oc\/wp-json\/wp\/v2\/product_brand?post=53394"},{"taxonomy":"product_cat","embeddable":true,"href":"https:\/\/www.libraria-occitana.org\/oc\/wp-json\/wp\/v2\/product_cat?post=53394"},{"taxonomy":"product_tag","embeddable":true,"href":"https:\/\/www.libraria-occitana.org\/oc\/wp-json\/wp\/v2\/product_tag?post=53394"}],"curies":[{"name":"wp","href":"https:\/\/api.w.org\/{rel}","templated":true}]}}