{"id":53401,"date":"1987-05-16T18:07:14","date_gmt":"1987-05-16T16:07:14","guid":{"rendered":"http:\/\/www.libraria-occitana.org\/product\/les-omes-de-lecir\/"},"modified":"2026-04-29T10:39:25","modified_gmt":"2026-04-29T08:39:25","slug":"les-omes-de-lecir","status":"publish","type":"product","link":"https:\/\/www.libraria-occitana.org\/oc\/produch\/les-omes-de-lecir\/","title":{"rendered":"Les \u00f2mes de l&#8217;ecir"},"content":{"rendered":"<p>Una ti\u00e8ra de nov\u00e8las contemporan\u00e8as en occitan. F\u00e8li\u00e7 Daval p\u00f2rta testimoniatge de la realitat d\u2019aquela societat, la sieuna, escartairada entre autenticitat e modernitat. Sa paraula es la d\u2019un \u00f2me qu\u2019interr\u00f2ga son pa\u00eds, e Cantal sembla un miralh ont se rev\u00e8rtan los probl\u00e8mas universals : l\u2019identitat, lo racisme, la desertificacion del monde rural...<br \/>\nLa segonda \u00f2bra romanesca de l'autor, apr\u00e8s lo brave succ\u00e8s de son premi\u00e8r libre, <a href=\"http:\/\/www.libraria-occitana.org\/produit\/les-fraisses-eran-tombats\/\"><em>Les Fraisses \u00e8ran tombats<\/em><\/a>.<br \/>\nAmbe n\u00f2tas en franc\u00e9s pel vocabulari mai local.<br \/>\nUna de las nov\u00e8las dels <em>\u00d2mes de l'ecir<\/em> es estada adaptada pel cinema : veire <a href=\"http:\/\/www.libraria-occitana.org\/produit\/paure-baptista\/\"><em>Paure Baptista<\/em><\/a>.<\/p>\n","protected":false},"excerpt":{"rendered":"<p>Una ti\u00e8ra de nov\u00e8las contemporan\u00e8as en occitan. F\u00e8li\u00e7 Daval p\u00f2rta testimoniatge de la realitat d\u2019aquela societat, la sieuna, escartairada entre autenticitat e modernitat. Sa paraula es la d\u2019un \u00f2me qu\u2019interr\u00f2ga son pa\u00eds, e Cantal sembla un miralh ont se rev\u00e8rtan los probl\u00e8mas universals : l\u2019identitat, lo racisme, la desertificacion del monde rural&#8230; La segonda \u00f2bra [&hellip;]<\/p>\n","protected":false},"featured_media":53399,"template":"","meta":{"_acf_changed":false,"_genesis_hide_title":false,"_genesis_hide_breadcrumbs":false,"_genesis_hide_singular_image":false,"_genesis_hide_footer_widgets":false,"_genesis_custom_body_class":"","_genesis_custom_post_class":"","_genesis_layout":""},"product_brand":[],"product_cat":[7133,7175,7183],"product_tag":[],"class_list":{"0":"post-53401","1":"product","2":"type-product","3":"status-publish","4":"has-post-thumbnail","6":"product_cat-libres-oc","7":"product_cat-literatura-oc","8":"product_cat-romans-novelas-oc","9":"pa_auteur-daval-felic-oc","10":"pa_editeur-lostal-del-libre-oc","11":"pa_langue-occitan-oc","12":"pa_langue-occitan-lengadocian-oc","13":"entry","15":"first","16":"instock","17":"shipping-taxable","18":"purchasable","19":"product-type-simple"},"acf":[],"_links":{"self":[{"href":"https:\/\/www.libraria-occitana.org\/oc\/wp-json\/wp\/v2\/product\/53401","targetHints":{"allow":["GET"]}}],"collection":[{"href":"https:\/\/www.libraria-occitana.org\/oc\/wp-json\/wp\/v2\/product"}],"about":[{"href":"https:\/\/www.libraria-occitana.org\/oc\/wp-json\/wp\/v2\/types\/product"}],"wp:featuredmedia":[{"embeddable":true,"href":"https:\/\/www.libraria-occitana.org\/oc\/wp-json\/wp\/v2\/media\/53399"}],"wp:attachment":[{"href":"https:\/\/www.libraria-occitana.org\/oc\/wp-json\/wp\/v2\/media?parent=53401"}],"wp:term":[{"taxonomy":"product_brand","embeddable":true,"href":"https:\/\/www.libraria-occitana.org\/oc\/wp-json\/wp\/v2\/product_brand?post=53401"},{"taxonomy":"product_cat","embeddable":true,"href":"https:\/\/www.libraria-occitana.org\/oc\/wp-json\/wp\/v2\/product_cat?post=53401"},{"taxonomy":"product_tag","embeddable":true,"href":"https:\/\/www.libraria-occitana.org\/oc\/wp-json\/wp\/v2\/product_tag?post=53401"}],"curies":[{"name":"wp","href":"https:\/\/api.w.org\/{rel}","templated":true}]}}