{"id":53410,"date":"2020-12-17T11:27:19","date_gmt":"2020-12-17T10:27:19","guid":{"rendered":"http:\/\/www.libraria-occitana.org\/product\/lutz\/"},"modified":"2026-04-09T02:16:59","modified_gmt":"2026-04-09T00:16:59","slug":"lutz","status":"publish","type":"product","link":"https:\/\/www.libraria-occitana.org\/oc\/produch\/lutz\/","title":{"rendered":"Lutz"},"content":{"rendered":"<p><strong>Joachim Montbord :<\/strong> Chant, mandole, cistre, percussions, boha<br \/>\n<strong>Gilles de Becdeli\u00e8vre :<\/strong> Accord\u00e9on diatonique, ch\u0153urs<br \/>\n<strong>J\u00e9r\u00f4me Dubois :<\/strong> Bugle, trompette, coquillages, ch\u0153urs<\/p>\n<p>La \u00ab Man Encantada \u00bb, c\u2019est la main du chaman qui trouble la volont\u00e9 et le discernement. On ne sait plus si le chanteur \u00e0 la mandole nous tra\u00eene dans les rades des quais de Bordeaux ou dans quelque bayou d\u2019un delta imaginaire, dans les longues pluies de novembre sur la lande de Gascogne, ou sous une lanterne rouge du port de Shanga\u00ef. L\u2019accord\u00e9on pompe comme on respire apr\u00e8s l\u2019\u00e9treinte d\u2019une danse, tandis que le bugle fait r\u00e9sonner sa chaleur cuivr\u00e9e, ici et ce soir. Mais, de la mandragore \u00e0 l\u2019\u00e9tal de Mayan, la fille perdue du port, Asmodet veille toujours sur cette dr\u00f4le d\u2019amulette en forme de main.<\/p>\n<p>Vous trouverez dans cet album de belles chansons gasconnes, des m\u00e9lodies pour la danse, des compositions, des invit\u00e9s, des traditionnels r\u00e9arrang\u00e9s, et des textes in\u00e9dits du r\u00e9pertoire bordelais mis en musique.<br \/>\nLe livret illustr\u00e9 qui se lit comme un livre de contes, ainsi que les paroles des chansons en occitan et leurs traductions. Les th\u00e8mes tournent autour de l\u2019amour, la passion, et la sorcellerie.<\/p>\n<p><iframe loading=\"lazy\" src=\"https:\/\/www.youtube.com\/embed\/xCsjQZHAS6g\" width=\"560\" height=\"315\" frameborder=\"0\" allowfullscreen=\"allowfullscreen\"><\/iframe><\/p>\n<p><strong>Titres :<\/strong><br \/>\n1. Jo me&#8217;n vau pausar mas b\u00f2tas (Rond\u00e8u) 4&#8217;10<br \/>\n2. Man encantada (Cong\u00f2) 2&#8217;21<br \/>\n3. La Mandrag\u00f2ra (Borr\u00e8ia plani\u00e8ra) 3&#8217;56<br \/>\n4. N&#8217;\u00e8i tant cercat m&#8217;aimia (Masurc\u00e0) 5&#8217;09<br \/>\n5. Civada (Branle) 5&#8217;15<br \/>\n6. Sus la montanha (Valsa) 4&#8217;27<br \/>\n7. Asmodet 0&#8217;22<br \/>\n8. Au sabat &#8216;squ&#8217;i a nau filhas (Cong\u00f2) 3&#8217;22<br \/>\n9. La Calorada (Escotisha) 4&#8217;48<br \/>\n10. Jo ves i vulh d\u00edder ua can\u00e7on (Rond\u00e8u) 3&#8217;02<br \/>\n11. Devath deu p\u00e8 (Branle) 4&#8217;10<br \/>\n12. \u00c7\u00f2 qu&#8217;atz donc h\u00e8it de jo (Borr\u00e8ia a dus temps) 4&#8217;30<br \/>\n13. Devath l&#8217;emban dau Mercat-Diu (Masurc\u00e0) 4&#8217;57<br \/>\n14. Can\u00e7on de Maian (Planh) 2&#8217;36<\/p>\n","protected":false},"excerpt":{"rendered":"<p>Joachim Montbord : Chant, mandole, cistre, percussions, boha Gilles de Becdeli\u00e8vre : Accord\u00e9on diatonique, ch\u0153urs J\u00e9r\u00f4me Dubois : Bugle, trompette, coquillages, ch\u0153urs La \u00ab Man Encantada \u00bb, c\u2019est la main du chaman qui trouble la volont\u00e9 et le discernement. On ne sait plus si le chanteur \u00e0 la mandole nous tra\u00eene dans les rades des [&hellip;]<\/p>\n","protected":false},"featured_media":53408,"template":"","meta":{"_acf_changed":false,"_genesis_hide_title":false,"_genesis_hide_breadcrumbs":false,"_genesis_hide_singular_image":false,"_genesis_hide_footer_widgets":false,"_genesis_custom_body_class":"","_genesis_custom_post_class":"","_genesis_layout":""},"product_brand":[],"product_cat":[16683,7229],"product_tag":[],"class_list":{"0":"post-53410","1":"product","2":"type-product","3":"status-publish","4":"has-post-thumbnail","6":"product_cat-musica-oc","7":"product_cat-novela-tradicion-oc","8":"pa_auteur-man-encantada-oc","9":"pa_editeur-man-encantada-1-oc","10":"pa_langue-occitan-oc","11":"pa_langue-occitan-gascon-oc","12":"pa_langue-occitan-francais-oc","13":"entry","15":"first","16":"outofstock","17":"shipping-taxable","18":"purchasable","19":"product-type-simple"},"acf":[],"_links":{"self":[{"href":"https:\/\/www.libraria-occitana.org\/oc\/wp-json\/wp\/v2\/product\/53410","targetHints":{"allow":["GET"]}}],"collection":[{"href":"https:\/\/www.libraria-occitana.org\/oc\/wp-json\/wp\/v2\/product"}],"about":[{"href":"https:\/\/www.libraria-occitana.org\/oc\/wp-json\/wp\/v2\/types\/product"}],"wp:featuredmedia":[{"embeddable":true,"href":"https:\/\/www.libraria-occitana.org\/oc\/wp-json\/wp\/v2\/media\/53408"}],"wp:attachment":[{"href":"https:\/\/www.libraria-occitana.org\/oc\/wp-json\/wp\/v2\/media?parent=53410"}],"wp:term":[{"taxonomy":"product_brand","embeddable":true,"href":"https:\/\/www.libraria-occitana.org\/oc\/wp-json\/wp\/v2\/product_brand?post=53410"},{"taxonomy":"product_cat","embeddable":true,"href":"https:\/\/www.libraria-occitana.org\/oc\/wp-json\/wp\/v2\/product_cat?post=53410"},{"taxonomy":"product_tag","embeddable":true,"href":"https:\/\/www.libraria-occitana.org\/oc\/wp-json\/wp\/v2\/product_tag?post=53410"}],"curies":[{"name":"wp","href":"https:\/\/api.w.org\/{rel}","templated":true}]}}