{"id":53427,"date":"2020-12-18T15:04:55","date_gmt":"2020-12-18T14:04:55","guid":{"rendered":"http:\/\/www.libraria-occitana.org\/product\/magdalena\/"},"modified":"2026-04-29T07:26:15","modified_gmt":"2026-04-29T05:26:15","slug":"magdalena","status":"publish","type":"product","link":"https:\/\/www.libraria-occitana.org\/oc\/produch\/magdalena\/","title":{"rendered":"Magdalena"},"content":{"rendered":"<p><strong>Edicion revisada e aumentada.<\/strong><\/p>\n<p>Ce court roman, comme le d\u00e9finit Jules Cubaynes, son auteur, est certes dat\u00e9 et emprunt d&#8217;une morale chr\u00e9tienne parfois na\u00efve comme peut l&#8217;\u00eatre l&#8217;\u0153uvre d&#8217;un jeune homme qui a quitt\u00e9 la ferme familiale pour entrer au grand s\u00e9minaire de Cahors.<br \/>\nSon int\u00e9r\u00eat majeur r\u00e9side en la peinture exacte et vivante du milieu rural quercynois du tout d\u00e9but du XX\u00e8me si\u00e8cle, tel qu&#8217;il n&#8217;existe plus.<br \/>\nOn y trouvera surtout un vocabulaire riche et pr\u00e9cis de ce milieu, un vocabulaire qui aurait pu se perdre sans de telles \u0153uvres et qui en fait tout le sel.<br \/>\nC&#8217;est aussi, \u00e9tant la premi\u00e8re production d&#8217;un jeune \u00e9crivain, la promesse d&#8217;une \u0153uvre litt\u00e9raire remarquable par sa profusion comme par sa qualit\u00e9.<br \/>\nLe chanoine Cubaynes a de toute \u00e9vidence sa place au Panth\u00e9on des grands auteurs occitans.<\/p>\n<p>Normalisation, traduction et pr\u00e9face de Roger Lassaque.<\/p>\n","protected":false},"excerpt":{"rendered":"<p>Edicion revisada e aumentada. Ce court roman, comme le d\u00e9finit Jules Cubaynes, son auteur, est certes dat\u00e9 et emprunt d&#8217;une morale chr\u00e9tienne parfois na\u00efve comme peut l&#8217;\u00eatre l&#8217;\u0153uvre d&#8217;un jeune homme qui a quitt\u00e9 la ferme familiale pour entrer au grand s\u00e9minaire de Cahors. Son int\u00e9r\u00eat majeur r\u00e9side en la peinture exacte et vivante du [&hellip;]<\/p>\n","protected":false},"featured_media":53425,"template":"","meta":{"_acf_changed":false,"_genesis_hide_title":false,"_genesis_hide_breadcrumbs":false,"_genesis_hide_singular_image":false,"_genesis_hide_footer_widgets":false,"_genesis_custom_body_class":"","_genesis_custom_post_class":"","_genesis_layout":""},"product_brand":[],"product_cat":[7133,7175,7183],"product_tag":[],"class_list":{"0":"post-53427","1":"product","2":"type-product","3":"status-publish","4":"has-post-thumbnail","6":"product_cat-libres-oc","7":"product_cat-literatura-oc","8":"product_cat-romans-novelas-oc","9":"pa_auteur-cubaynes-jules-oc","10":"pa_editeur-ieo-dolt-oc","11":"pa_illustrateur-lassaque-roger-oc","12":"pa_langue-occitan-lengadocian-oc","13":"pa_langue-occitan-francais-oc","14":"entry","16":"first","17":"instock","18":"shipping-taxable","19":"purchasable","20":"product-type-simple"},"acf":[],"_links":{"self":[{"href":"https:\/\/www.libraria-occitana.org\/oc\/wp-json\/wp\/v2\/product\/53427","targetHints":{"allow":["GET"]}}],"collection":[{"href":"https:\/\/www.libraria-occitana.org\/oc\/wp-json\/wp\/v2\/product"}],"about":[{"href":"https:\/\/www.libraria-occitana.org\/oc\/wp-json\/wp\/v2\/types\/product"}],"wp:featuredmedia":[{"embeddable":true,"href":"https:\/\/www.libraria-occitana.org\/oc\/wp-json\/wp\/v2\/media\/53425"}],"wp:attachment":[{"href":"https:\/\/www.libraria-occitana.org\/oc\/wp-json\/wp\/v2\/media?parent=53427"}],"wp:term":[{"taxonomy":"product_brand","embeddable":true,"href":"https:\/\/www.libraria-occitana.org\/oc\/wp-json\/wp\/v2\/product_brand?post=53427"},{"taxonomy":"product_cat","embeddable":true,"href":"https:\/\/www.libraria-occitana.org\/oc\/wp-json\/wp\/v2\/product_cat?post=53427"},{"taxonomy":"product_tag","embeddable":true,"href":"https:\/\/www.libraria-occitana.org\/oc\/wp-json\/wp\/v2\/product_tag?post=53427"}],"curies":[{"name":"wp","href":"https:\/\/api.w.org\/{rel}","templated":true}]}}