{"id":53553,"date":"2021-01-19T14:06:43","date_gmt":"2021-01-19T13:06:43","guid":{"rendered":"http:\/\/www.libraria-occitana.org\/?post_type=product&#038;p=53553"},"modified":"2026-04-29T02:01:45","modified_gmt":"2026-04-29T00:01:45","slug":"zo-musique-traditionnelle-limousin-marche","status":"publish","type":"product","link":"https:\/\/www.libraria-occitana.org\/oc\/produch\/zo-musique-traditionnelle-limousin-marche\/","title":{"rendered":"Zo ! : Musique traditionnelle Limousin-Marche"},"content":{"rendered":"<p><strong>Alexandra Lacouchie :<\/strong> violons<br \/>\n<strong>Anne Rivaud :<\/strong> accord\u00e9ons diatoniques<\/p>\n<p>Ce n\u2019est pas un deuxi\u00e8me CD, c\u2019est comme un deuxi\u00e8me premier CD : on ressent le m\u00eame effet de d\u00e9couverte \u00e9blouie, le m\u00eame choc \u00e9merveill\u00e9 devant ce son fort, subtil, cadenc\u00e9, fin, inextricablement entrem\u00eal\u00e9, accentu\u00e9, souple, et toujours r\u00e9solument au service (et quel service !) de la musique traditionnelle de la Marche et du Limousin. Merci \u00e0 ces deux Dames qui nous offrent ce somptueux CD.<\/p>\n<p>Indication des sources. Traditionnel : Limousin (23 titres), Marche (10 titres).<\/p>\n<p><strong>Titres :<\/strong><br \/>\n1. Mazurka de M. Rouffet \/ Mazurka de L\u00e9on Peyrat (Limousin) 3&#8217;19<br \/>\n2. Bourr\u00e9e de Michel Meilhac \/ Bourr\u00e9e de L\u00e9on Peyrat (Limousin) 3&#8217;13<br \/>\n3. Scottish de Gaston Pouget \/ Scottish d\u2019Ars\u00e8ne Courty (Limousin, Marche) 2&#8217;46<br \/>\n4. Polka de Naillat \/ Cinc s\u00f2us (Marche, Limousin) 2&#8217;47<br \/>\n5. Bourr\u00e9e \u00abd\u2019a Ros\u00bb \/ Bourr\u00e9e de Fernand Pauliac (Limousin) 3&#8217;36<br \/>\n6. Scottish d\u2019Andr\u00e9 Gaume (Marche) 2&#8217;31<br \/>\n7. Sauti\u00e8re d\u2019Emile Daurat \/ N\u00f2stra chabra (Limousin) 1&#8217;55<br \/>\n8. Vous n\u2019irez plus au bal (Marche) 3&#8217;09<br \/>\n9. Bourr\u00e9es Montava la marmita \/ La courbiase (Limousin) 2&#8217;56<br \/>\n10. Polka d\u2019Andr\u00e9 Gaume \/ Chas nos aviam un tr\u00f2\u00e7 de bela-maire (Marche, Limousin) 2&#8217;43<br \/>\n11. L\u00e0-haut sur la montagne (Limousin) 4&#8217;42<br \/>\n12. Giate d\u2019Eug\u00e8ne Thomas \/ Giate (Marche) 2&#8217;41<br \/>\n13. Le pas bris\u00e9 (Limousin) \/ Bourr\u00e9e de Gimel (Limousin) 3&#8217;54<br \/>\n14. Mazurkas d\u2019Andr\u00e9 Gaume (Marche) 3&#8217;22<br \/>\n15. Si tu volias mos tres ganhons \/ Per la bien far la sautiera (Limousin) 2&#8217;16<br \/>\n16. La vilaine b\u00eate \/ Piere labora \/ Piere la bora (Limousin) 2&#8217;14<br \/>\n17. La vilaine b\u00eate \/ \u00d2c-b\u2019aqu\u00ed paubres gar\u00e7ons (Limousin) 1&#8217;42<br \/>\n18. Maridon la Liseta (Limousin) 2&#8217;53<br \/>\n19. M\u2019sieur l\u2019cur\u00e9 ne veut pas (Marche) 1&#8217;21<\/p>\n","protected":false},"excerpt":{"rendered":"<p>Alexandra Lacouchie : violons Anne Rivaud : accord\u00e9ons diatoniques Ce n\u2019est pas un deuxi\u00e8me CD, c\u2019est comme un deuxi\u00e8me premier CD : on ressent le m\u00eame effet de d\u00e9couverte \u00e9blouie, le m\u00eame choc \u00e9merveill\u00e9 devant ce son fort, subtil, cadenc\u00e9, fin, inextricablement entrem\u00eal\u00e9, accentu\u00e9, souple, et toujours r\u00e9solument au service (et quel service !) de [&hellip;]<\/p>\n","protected":false},"featured_media":53556,"template":"","meta":{"_acf_changed":false,"_genesis_hide_title":false,"_genesis_hide_breadcrumbs":false,"_genesis_hide_singular_image":false,"_genesis_hide_footer_widgets":false,"_genesis_custom_body_class":"","_genesis_custom_post_class":"","_genesis_layout":""},"product_brand":[],"product_cat":[16683,7229],"product_tag":[],"class_list":{"0":"post-53553","1":"product","2":"type-product","3":"status-publish","4":"has-post-thumbnail","6":"product_cat-musica-oc","7":"product_cat-novela-tradicion-oc","8":"pa_auteur-lacouchie-alexandra-oc","9":"pa_auteur-rivaud-anne-oc","10":"pa_editeur-aepem-oc","11":"pa_langue-francais-oc","12":"pa_langue-occitan-oc","13":"pa_langue-occitan-lemosin-oc","14":"entry","16":"first","17":"outofstock","18":"shipping-taxable","19":"purchasable","20":"product-type-simple"},"acf":[],"_links":{"self":[{"href":"https:\/\/www.libraria-occitana.org\/oc\/wp-json\/wp\/v2\/product\/53553","targetHints":{"allow":["GET"]}}],"collection":[{"href":"https:\/\/www.libraria-occitana.org\/oc\/wp-json\/wp\/v2\/product"}],"about":[{"href":"https:\/\/www.libraria-occitana.org\/oc\/wp-json\/wp\/v2\/types\/product"}],"wp:featuredmedia":[{"embeddable":true,"href":"https:\/\/www.libraria-occitana.org\/oc\/wp-json\/wp\/v2\/media\/53556"}],"wp:attachment":[{"href":"https:\/\/www.libraria-occitana.org\/oc\/wp-json\/wp\/v2\/media?parent=53553"}],"wp:term":[{"taxonomy":"product_brand","embeddable":true,"href":"https:\/\/www.libraria-occitana.org\/oc\/wp-json\/wp\/v2\/product_brand?post=53553"},{"taxonomy":"product_cat","embeddable":true,"href":"https:\/\/www.libraria-occitana.org\/oc\/wp-json\/wp\/v2\/product_cat?post=53553"},{"taxonomy":"product_tag","embeddable":true,"href":"https:\/\/www.libraria-occitana.org\/oc\/wp-json\/wp\/v2\/product_tag?post=53553"}],"curies":[{"name":"wp","href":"https:\/\/api.w.org\/{rel}","templated":true}]}}