{"id":53661,"date":"2021-02-11T16:15:37","date_gmt":"2021-02-11T15:15:37","guid":{"rendered":"http:\/\/www.libraria-occitana.org\/product\/metafriccions-a-collisioncity\/"},"modified":"2026-04-29T10:43:31","modified_gmt":"2026-04-29T08:43:31","slug":"metafriccions-a-collisioncity","status":"publish","type":"product","link":"https:\/\/www.libraria-occitana.org\/oc\/produch\/metafriccions-a-collisioncity\/","title":{"rendered":"Metaf(r)iccions a Collisioncity"},"content":{"rendered":"<p>Emai o volgu\u00e8ssetz pas creire, dins una vila coma Collisioncity e pel temps que fa, riscatz d\u2019i rencontrar de tot : un biologista (demoniac) ; un detectiu (facultatiu) ; de Ninjas (aquestes guerri\u00e8rs implacables desguisats en caucetas) ; de pensionaris d\u2019un ostal de retirats (sul camin de l\u2019evasion).<\/p>\n<p>E s\u2019aqu\u00f2 vira una bombineta antilhesa (inspectritz de pol\u00edcia) ; un papagai jos acide que se pren per un teleevangelista ; un capitalista ancian legionari afectat d\u2019un compl\u00e8xe d\u2019Edip de competicion. Un yacht gaireben clandestin dins lo p\u00f2rt de Badag\u00f2bi ; una sex-tape originala e lo Turbo Brain per metre lo f\u00f2c a las estopas.<\/p>\n<p>Sens comptar \u00e7\u00f2 qu\u2019auretz evitat.<\/p>\n","protected":false},"excerpt":{"rendered":"<p>Emai o volgu\u00e8ssetz pas creire, dins una vila coma Collisioncity e pel temps que fa, riscatz d\u2019i rencontrar de tot : un biologista (demoniac) ; un detectiu (facultatiu) ; de Ninjas (aquestes guerri\u00e8rs implacables desguisats en caucetas) ; de pensionaris d\u2019un ostal de retirats (sul camin de l\u2019evasion). E s\u2019aqu\u00f2 vira una bombineta antilhesa (inspectritz [&hellip;]<\/p>\n","protected":false},"featured_media":53659,"template":"","meta":{"_acf_changed":false,"_genesis_hide_title":false,"_genesis_hide_breadcrumbs":false,"_genesis_hide_singular_image":false,"_genesis_hide_footer_widgets":false,"_genesis_custom_body_class":"","_genesis_custom_post_class":"","_genesis_layout":""},"product_brand":[],"product_cat":[7133,7175,7183],"product_tag":[],"class_list":{"0":"post-53661","1":"product","2":"type-product","3":"status-publish","4":"has-post-thumbnail","6":"product_cat-libres-oc","7":"product_cat-literatura-oc","8":"product_cat-romans-novelas-oc","9":"pa_auteur-vernet-florian-oc","10":"pa_editeur-ieo-fr-oc","11":"pa_langue-occitan-oc","12":"pa_langue-occitan-lengadocian-oc","13":"entry","15":"first","16":"outofstock","17":"shipping-taxable","18":"purchasable","19":"product-type-simple"},"acf":[],"_links":{"self":[{"href":"https:\/\/www.libraria-occitana.org\/oc\/wp-json\/wp\/v2\/product\/53661","targetHints":{"allow":["GET"]}}],"collection":[{"href":"https:\/\/www.libraria-occitana.org\/oc\/wp-json\/wp\/v2\/product"}],"about":[{"href":"https:\/\/www.libraria-occitana.org\/oc\/wp-json\/wp\/v2\/types\/product"}],"wp:featuredmedia":[{"embeddable":true,"href":"https:\/\/www.libraria-occitana.org\/oc\/wp-json\/wp\/v2\/media\/53659"}],"wp:attachment":[{"href":"https:\/\/www.libraria-occitana.org\/oc\/wp-json\/wp\/v2\/media?parent=53661"}],"wp:term":[{"taxonomy":"product_brand","embeddable":true,"href":"https:\/\/www.libraria-occitana.org\/oc\/wp-json\/wp\/v2\/product_brand?post=53661"},{"taxonomy":"product_cat","embeddable":true,"href":"https:\/\/www.libraria-occitana.org\/oc\/wp-json\/wp\/v2\/product_cat?post=53661"},{"taxonomy":"product_tag","embeddable":true,"href":"https:\/\/www.libraria-occitana.org\/oc\/wp-json\/wp\/v2\/product_tag?post=53661"}],"curies":[{"name":"wp","href":"https:\/\/api.w.org\/{rel}","templated":true}]}}