{"id":53674,"date":"2021-02-11T18:36:56","date_gmt":"2021-02-11T17:36:56","guid":{"rendered":"http:\/\/www.libraria-occitana.org\/product\/danca-amb-los-voltres\/"},"modified":"2026-04-17T05:07:00","modified_gmt":"2026-04-17T03:07:00","slug":"danca-amb-los-voltres","status":"publish","type":"product","link":"https:\/\/www.libraria-occitana.org\/oc\/produch\/danca-amb-los-voltres\/","title":{"rendered":"Dan\u00e7a amb los voltres"},"content":{"rendered":"<p>La nov\u00e8la sembla un genre literari que convenga plan a la lenga n\u00f2stra e S\u00e8rgi Viaule s\u2019i adona amb golardisa. Servam totes en mem\u00f2ria son recu\u00e8lh <em>Fotuda planeta !<\/em> Amb aquesta <em>Dan\u00e7a amb los voltres<\/em> vos ne prepausam un floril\u00e8gi de mai.<\/p>\n<p>Los vint-e-quatre t\u00e8xtes recampats dins aqueste volume son totes despari\u00e8rs amb lor color pr\u00f2pria, mas son tanben marcats de l\u2019emprenta indelebila de l\u2019autor. La de proposar una casuda inesperada per clavar cada p\u00e8\u00e7a.<\/p>\n<p>La pr\u00f2sa de S\u00e8rgi Viaule p\u00f2t \u00e8sser a l\u2019enc\u00f2p poetica e umoristica. D\u2019unes t\u00e8xtes an un sens teatral afortit. D\u2019un a l\u2019autre passan pr\u00e8stament del symbolisme al fantastic, e mai qualques c\u00f2ps tenon, perqu\u00e9 pas ?, un pecilh de naturo-romantisme.<\/p>\n<p>L\u2019autor escriu dins la lenga rica e naturala que li coneiss\u00e8m. Una lenga que s\u2019atissa de t\u00f2rcer dins totes los sens per li tirar tot son chuc.<\/p>\n","protected":false},"excerpt":{"rendered":"<p>La nov\u00e8la sembla un genre literari que convenga plan a la lenga n\u00f2stra e S\u00e8rgi Viaule s\u2019i adona amb golardisa. Servam totes en mem\u00f2ria son recu\u00e8lh Fotuda planeta ! Amb aquesta Dan\u00e7a amb los voltres vos ne prepausam un floril\u00e8gi de mai. Los vint-e-quatre t\u00e8xtes recampats dins aqueste volume son totes despari\u00e8rs amb lor color [&hellip;]<\/p>\n","protected":false},"featured_media":53672,"template":"","meta":{"_acf_changed":false,"_genesis_hide_title":false,"_genesis_hide_breadcrumbs":false,"_genesis_hide_singular_image":false,"_genesis_hide_footer_widgets":false,"_genesis_custom_body_class":"","_genesis_custom_post_class":"","_genesis_layout":""},"product_brand":[],"product_cat":[7133,7175,7183],"product_tag":[],"class_list":{"0":"post-53674","1":"product","2":"type-product","3":"status-publish","4":"has-post-thumbnail","6":"product_cat-libres-oc","7":"product_cat-literatura-oc","8":"product_cat-romans-novelas-oc","9":"pa_auteur-viaule-sergi-oc","10":"pa_editeur-ieo-fr-oc","11":"pa_langue-occitan-oc","12":"pa_langue-occitan-lengadocian-oc","13":"entry","15":"first","16":"outofstock","17":"shipping-taxable","18":"purchasable","19":"product-type-simple"},"acf":[],"_links":{"self":[{"href":"https:\/\/www.libraria-occitana.org\/oc\/wp-json\/wp\/v2\/product\/53674","targetHints":{"allow":["GET"]}}],"collection":[{"href":"https:\/\/www.libraria-occitana.org\/oc\/wp-json\/wp\/v2\/product"}],"about":[{"href":"https:\/\/www.libraria-occitana.org\/oc\/wp-json\/wp\/v2\/types\/product"}],"wp:featuredmedia":[{"embeddable":true,"href":"https:\/\/www.libraria-occitana.org\/oc\/wp-json\/wp\/v2\/media\/53672"}],"wp:attachment":[{"href":"https:\/\/www.libraria-occitana.org\/oc\/wp-json\/wp\/v2\/media?parent=53674"}],"wp:term":[{"taxonomy":"product_brand","embeddable":true,"href":"https:\/\/www.libraria-occitana.org\/oc\/wp-json\/wp\/v2\/product_brand?post=53674"},{"taxonomy":"product_cat","embeddable":true,"href":"https:\/\/www.libraria-occitana.org\/oc\/wp-json\/wp\/v2\/product_cat?post=53674"},{"taxonomy":"product_tag","embeddable":true,"href":"https:\/\/www.libraria-occitana.org\/oc\/wp-json\/wp\/v2\/product_tag?post=53674"}],"curies":[{"name":"wp","href":"https:\/\/api.w.org\/{rel}","templated":true}]}}