{"id":53710,"date":"2019-10-12T17:03:18","date_gmt":"2019-10-12T15:03:18","guid":{"rendered":"http:\/\/www.libraria-occitana.org\/?post_type=product&#038;p=53710"},"modified":"2026-04-16T05:11:13","modified_gmt":"2026-04-16T03:11:13","slug":"trobas-ii-poemes-ii-1960-1971","status":"publish","type":"product","link":"https:\/\/www.libraria-occitana.org\/oc\/produch\/trobas-ii-poemes-ii-1960-1971\/","title":{"rendered":"Tr\u00f2bas II &#8211; Po\u00e8mes II : 1960-1971"},"content":{"rendered":"<p>Enric Espieux, nascut en 1923 a Tolon, es un dels grands noms de la poesia occitana. Amb <em>Tr\u00f2bas<\/em> II, las edicions Jorn contunhan l'edicion de son \u00f2bra poetica compl\u00e8ta. Dins aqueste volum caupon los recu\u00e8lhs escriches de 1960 a 1971, presentats e tradusits en franc\u00e9s per Clara Torreilles.<\/p>\n<p>A la garba de po\u00e8mas longs d'inspiracion epica escriches a Par\u00eds en 1962, de \u00ab Sirvent\u00e8s \u00bb a \u00ab La nuech l\u00f2nga \u00bb succed\u00eds la meisson b\u00e8la del peri\u00f2de nimesenc ont s'entend la votz lirica de la madurason. Dins un univ\u00e8rs \u00ab tr\u00f2p confle de poesia \u00bb, lo po\u00e8ta tra\u00e7a los \u00ab nauts camins de l'escriure \u00bb que lo menan cap a la lutz e la libertat dels \u00f2mes :<\/p>\n<blockquote><p>Nos es revengut lo temps de n\u00f2stre amor<br \/>\nLo temps de n\u00f2stra libertat.<\/p>\n<p>Il est revenu le temps de notre amour<br \/>\nLe temps de notre libert\u00e9<\/p><\/blockquote>\n<p><a href=\"http:\/\/www.libraria-occitana.org\/produit\/trobas-i-poemes-i-1947-1960\/\"><em>Tr\u00f2bas I \u2013 Po\u00e8mes I : 1947-1960<\/em><\/a><\/p>\n","protected":false},"excerpt":{"rendered":"<p>Enric Espieux, nascut en 1923 a Tolon, es un dels grands noms de la poesia occitana. Amb Tr\u00f2bas II, las edicions Jorn contunhan l&#8217;edicion de son \u00f2bra poetica compl\u00e8ta. Dins aqueste volum caupon los recu\u00e8lhs escriches de 1960 a 1971, presentats e tradusits en franc\u00e9s per Clara Torreilles. A la garba de po\u00e8mas longs d&#8217;inspiracion [&hellip;]<\/p>\n","protected":false},"featured_media":53713,"template":"","meta":{"_acf_changed":false,"_genesis_hide_title":false,"_genesis_hide_breadcrumbs":false,"_genesis_hide_singular_image":false,"_genesis_hide_footer_widgets":false,"_genesis_custom_body_class":"","_genesis_custom_post_class":"","_genesis_layout":""},"product_brand":[],"product_cat":[7133,7175,7181],"product_tag":[],"class_list":{"0":"post-53710","1":"product","2":"type-product","3":"status-publish","4":"has-post-thumbnail","6":"product_cat-libres-oc","7":"product_cat-literatura-oc","8":"product_cat-poesia-oc","9":"pa_auteur-espieu-enric-espieux-henri-oc","10":"pa_editeur-jorn-oc","11":"pa_langue-occitan-provencau-oc","12":"pa_langue-occitan-francais-oc","13":"entry","15":"first","16":"instock","17":"shipping-taxable","18":"purchasable","19":"product-type-simple"},"acf":[],"_links":{"self":[{"href":"https:\/\/www.libraria-occitana.org\/oc\/wp-json\/wp\/v2\/product\/53710","targetHints":{"allow":["GET"]}}],"collection":[{"href":"https:\/\/www.libraria-occitana.org\/oc\/wp-json\/wp\/v2\/product"}],"about":[{"href":"https:\/\/www.libraria-occitana.org\/oc\/wp-json\/wp\/v2\/types\/product"}],"wp:featuredmedia":[{"embeddable":true,"href":"https:\/\/www.libraria-occitana.org\/oc\/wp-json\/wp\/v2\/media\/53713"}],"wp:attachment":[{"href":"https:\/\/www.libraria-occitana.org\/oc\/wp-json\/wp\/v2\/media?parent=53710"}],"wp:term":[{"taxonomy":"product_brand","embeddable":true,"href":"https:\/\/www.libraria-occitana.org\/oc\/wp-json\/wp\/v2\/product_brand?post=53710"},{"taxonomy":"product_cat","embeddable":true,"href":"https:\/\/www.libraria-occitana.org\/oc\/wp-json\/wp\/v2\/product_cat?post=53710"},{"taxonomy":"product_tag","embeddable":true,"href":"https:\/\/www.libraria-occitana.org\/oc\/wp-json\/wp\/v2\/product_tag?post=53710"}],"curies":[{"name":"wp","href":"https:\/\/api.w.org\/{rel}","templated":true}]}}