{"id":53721,"date":"2019-11-12T18:27:15","date_gmt":"2019-11-12T17:27:15","guid":{"rendered":"http:\/\/www.libraria-occitana.org\/product\/serranas-serannes\/"},"modified":"2026-04-18T06:41:15","modified_gmt":"2026-04-18T04:41:15","slug":"serranas-serannes","status":"publish","type":"product","link":"https:\/\/www.libraria-occitana.org\/oc\/produch\/serranas-serannes\/","title":{"rendered":"Serranas &#8211; S\u00e9rannes"},"content":{"rendered":"<p>Las quinze nov\u00e8las del recu\u00e8lh poiri\u00e1n \u00e8sser caduna un cap\u00edtol de roman. Totas racontan un tr\u00f2\u00e7 d'ist\u00f2ria, a l'instant d'intensitat dramatica mai grand, marcat pel destin, quand se j\u00f2ga l'astrada d'una vida. La m\u00e0ger part son de racontes d'ascension, passatges de c\u00f2l o viatges iniciatics, que l'autor a posats dins son experi\u00e9ncia de marchaire e de montanh\u00f2l. Aqu\u00f2's per exemple l'agonia d'un soldat de l'armada d'Hannibal, que se remembra amb una fiertat malenc\u00f2nia lo passatge dels Alps. O l'ex\u00f2di dels protestants d'Oisans que passan lo c\u00f2l de la Mus\u00e8la per fugir las persecucions religiosas de Lo\u00eds XIV. Aqu\u00f2's la davalada del c\u00f2l d'Ares, pendent la Retirada en geni\u00e8r 39, d'un drollet endecat que dona la man a un ancian pelut franc\u00e9s vengut l'ajudar, unijambista coma el. O lo sabotatge per un soldat du comandant Massod d'un pont de l'Hindu-Kouch ont deu passar una colomna de Talibans. A aqueles racontes, la montanha pr\u00e8sta son quadre, lo destin son moment e l'Ist\u00f2ria sas diferentas ep\u00f2cas.<\/p>\n<p>La mitat del libre es escricha en lengadocian, parlar d'adopcion de l'autor, l'autra en proven\u00e7al, son parlar d'origina, de cada part del raconte central, l'Incendi de Cartalhat, allegoria possibla de totas las catastr\u00f2fas. La narracion densa porg\u00eds una granda diversitat de lu\u00f2cs e de peri\u00f2des, amb totjorn a l'avalida montanhas magicas o s\u00e8rras inspiradas, que resum\u00eds lo t\u00edtol <em>Serranas<\/em>, allusion al crestenc salvatge que b\u00f2rda lo Larzac mi\u00e8gjornal, qu'a son p\u00e8 viu l'autor.<\/p>\n","protected":false},"excerpt":{"rendered":"<p>Las quinze nov\u00e8las del recu\u00e8lh poiri\u00e1n \u00e8sser caduna un cap\u00edtol de roman. Totas racontan un tr\u00f2\u00e7 d&#8217;ist\u00f2ria, a l&#8217;instant d&#8217;intensitat dramatica mai grand, marcat pel destin, quand se j\u00f2ga l&#8217;astrada d&#8217;una vida. La m\u00e0ger part son de racontes d&#8217;ascension, passatges de c\u00f2l o viatges iniciatics, que l&#8217;autor a posats dins son experi\u00e9ncia de marchaire e [&hellip;]<\/p>\n","protected":false},"featured_media":53716,"template":"","meta":{"_acf_changed":false,"_genesis_hide_title":false,"_genesis_hide_breadcrumbs":false,"_genesis_hide_singular_image":false,"_genesis_hide_footer_widgets":false,"_genesis_custom_body_class":"","_genesis_custom_post_class":"","_genesis_layout":""},"product_brand":[],"product_cat":[7133,7175,7183],"product_tag":[],"class_list":{"0":"post-53721","1":"product","2":"type-product","3":"status-publish","4":"has-post-thumbnail","6":"product_cat-libres-oc","7":"product_cat-literatura-oc","8":"product_cat-romans-novelas-oc","9":"pa_auteur-chabaud-silvan-chabaud-sylvan-oc","10":"pa_editeur-jorn-oc","11":"pa_langue-occitan-lengadocian-oc","12":"pa_langue-occitan-provencau-oc","13":"pa_langue-occitan-francais-oc","14":"entry","16":"first","17":"instock","18":"shipping-taxable","19":"purchasable","20":"product-type-simple"},"acf":[],"_links":{"self":[{"href":"https:\/\/www.libraria-occitana.org\/oc\/wp-json\/wp\/v2\/product\/53721","targetHints":{"allow":["GET"]}}],"collection":[{"href":"https:\/\/www.libraria-occitana.org\/oc\/wp-json\/wp\/v2\/product"}],"about":[{"href":"https:\/\/www.libraria-occitana.org\/oc\/wp-json\/wp\/v2\/types\/product"}],"wp:featuredmedia":[{"embeddable":true,"href":"https:\/\/www.libraria-occitana.org\/oc\/wp-json\/wp\/v2\/media\/53716"}],"wp:attachment":[{"href":"https:\/\/www.libraria-occitana.org\/oc\/wp-json\/wp\/v2\/media?parent=53721"}],"wp:term":[{"taxonomy":"product_brand","embeddable":true,"href":"https:\/\/www.libraria-occitana.org\/oc\/wp-json\/wp\/v2\/product_brand?post=53721"},{"taxonomy":"product_cat","embeddable":true,"href":"https:\/\/www.libraria-occitana.org\/oc\/wp-json\/wp\/v2\/product_cat?post=53721"},{"taxonomy":"product_tag","embeddable":true,"href":"https:\/\/www.libraria-occitana.org\/oc\/wp-json\/wp\/v2\/product_tag?post=53721"}],"curies":[{"name":"wp","href":"https:\/\/api.w.org\/{rel}","templated":true}]}}