{"id":53750,"date":"2014-09-17T13:47:11","date_gmt":"2014-09-17T11:47:11","guid":{"rendered":"http:\/\/www.libraria-occitana.org\/product\/arantxa\/"},"modified":"2026-04-29T10:54:45","modified_gmt":"2026-04-29T08:54:45","slug":"arantxa","status":"publish","type":"product","link":"https:\/\/www.libraria-occitana.org\/oc\/produch\/arantxa\/","title":{"rendered":"Arantxa"},"content":{"rendered":"<p><em>Arantxa<\/em>, qu'ei lo tresau roman d'Eric Gonzales, apr\u00e8s <em>L'\u00f2rra istu\u00e8ra d'un hilh de Gel\u00f2s<\/em> e <em>Lo melic de Silvia Chasaus<\/em>. Un roman d\u2019amor e de sang qui\u2019ns h\u00e8 tornar v\u00edver quauques uas de las \u00f2ras mei dificilas de l\u2019ist\u00f2ria basca recenta.<br \/>\nLo libe qu'amuisha l'inter\u00e9s de l'autor d'<em>Arantxa<\/em> per las lengas occitanas, basca e espanh\u00f2u.<\/p>\n<p>1986. Un estudiant occitan que se\u2019n va t\u00e0 Vitoria har un mem\u00f2ri de mestria sus escurs t\u00e8xtes medievaus. Un c\u00f2p sus pla\u00e7a, n\u2019ei pas aqu\u00f2 qui ap\u00e8ra la soa atencion, mes lo particularisme deu pa\u00eds e la situacion de conflicte en la quau e\u2019s tr\u00f2ba. Ua situacion viscuda de diferentas fai\u00e7ons peus estudiants encontrats...<\/p>\n","protected":false},"excerpt":{"rendered":"<p>Arantxa, qu&#8217;ei lo tresau roman d&#8217;Eric Gonzales, apr\u00e8s L&#8217;\u00f2rra istu\u00e8ra d&#8217;un hilh de Gel\u00f2s e Lo melic de Silvia Chasaus. Un roman d\u2019amor e de sang qui\u2019ns h\u00e8 tornar v\u00edver quauques uas de las \u00f2ras mei dificilas de l\u2019ist\u00f2ria basca recenta. Lo libe qu&#8217;amuisha l&#8217;inter\u00e9s de l&#8217;autor d&#8217;Arantxa per las lengas occitanas, basca e espanh\u00f2u. [&hellip;]<\/p>\n","protected":false},"featured_media":53748,"template":"","meta":{"_acf_changed":false,"_genesis_hide_title":false,"_genesis_hide_breadcrumbs":false,"_genesis_hide_singular_image":false,"_genesis_hide_footer_widgets":false,"_genesis_custom_body_class":"","_genesis_custom_post_class":"","_genesis_layout":""},"product_brand":[],"product_cat":[7133,7175,7183],"product_tag":[],"class_list":{"0":"post-53750","1":"product","2":"type-product","3":"status-publish","4":"has-post-thumbnail","6":"product_cat-libres-oc","7":"product_cat-literatura-oc","8":"product_cat-romans-novelas-oc","9":"pa_auteur-gonzales-eric-oc","10":"pa_editeur-reclams-oc","11":"pa_langue-occitan-oc","12":"pa_langue-occitan-gascon-oc","13":"entry","15":"first","16":"instock","17":"shipping-taxable","18":"purchasable","19":"product-type-simple"},"acf":[],"_links":{"self":[{"href":"https:\/\/www.libraria-occitana.org\/oc\/wp-json\/wp\/v2\/product\/53750","targetHints":{"allow":["GET"]}}],"collection":[{"href":"https:\/\/www.libraria-occitana.org\/oc\/wp-json\/wp\/v2\/product"}],"about":[{"href":"https:\/\/www.libraria-occitana.org\/oc\/wp-json\/wp\/v2\/types\/product"}],"wp:featuredmedia":[{"embeddable":true,"href":"https:\/\/www.libraria-occitana.org\/oc\/wp-json\/wp\/v2\/media\/53748"}],"wp:attachment":[{"href":"https:\/\/www.libraria-occitana.org\/oc\/wp-json\/wp\/v2\/media?parent=53750"}],"wp:term":[{"taxonomy":"product_brand","embeddable":true,"href":"https:\/\/www.libraria-occitana.org\/oc\/wp-json\/wp\/v2\/product_brand?post=53750"},{"taxonomy":"product_cat","embeddable":true,"href":"https:\/\/www.libraria-occitana.org\/oc\/wp-json\/wp\/v2\/product_cat?post=53750"},{"taxonomy":"product_tag","embeddable":true,"href":"https:\/\/www.libraria-occitana.org\/oc\/wp-json\/wp\/v2\/product_tag?post=53750"}],"curies":[{"name":"wp","href":"https:\/\/api.w.org\/{rel}","templated":true}]}}