{"id":53780,"date":"2002-02-19T11:31:57","date_gmt":"2002-02-19T10:31:57","guid":{"rendered":"http:\/\/www.libraria-occitana.org\/product\/lei-miraus-infideus\/"},"modified":"2026-04-18T06:16:15","modified_gmt":"2026-04-18T04:16:15","slug":"lei-miraus-infideus","status":"publish","type":"product","link":"https:\/\/www.libraria-occitana.org\/oc\/produch\/lei-miraus-infideus\/","title":{"rendered":"Lei miraus infid\u00e8us"},"content":{"rendered":"<blockquote><p>Son paire se rasava au cot\u00e8u grand, coide levat, en cantant la Traviata. Lo talh ne preni\u00e1 un ritme de valsa e l\u2019escuma blanca, a dicha que se gonflava sus la lama, evocava la crinolina. Eu, lo fiu, se conservava de l\u2019adolesc\u00e9ncia lo repert\u00f2ri dei Beatles. One, two, three, four..., lo rasador de plastica davalava la gauta a sautets e la quitava tot blanc escrum\u00f3s dins l\u2019emfasi d\u2019un I love you.<\/p>\n<p>Son paire, de c\u00f2ps se talhava coma se fai un faus pas, lo sang perlejava e la maire portava la fi\u00f2la de tres-si\u00e8is. Eu, per pas s\u2019entalhar, devi\u00e1 faire av\u00eds a la verruga qu\u2019avi\u00e1 au c\u00f2u, aqu\u00ed que s\u2019acaba lo peu, e que vesi\u00e1 pas b\u00e8n, un pauc detr\u00e0s qu\u2019\u00e8ra, a sen\u00e8stra. Abordava l\u2019endrech lentament e en reten\u00e8nt lo cant.<\/p><\/blockquote>\n<p><strong>Rob\u00e8rt August Cesar Lafont<\/strong> (Robert Lafont en franc\u00e9s) (Nimes, 1923 - Floren\u00e7a, It\u00e0lia, 2009) \u00e8ra un intellectuau occitan e pus particularament un ling\u00fcista, un escrivan, un istorian, un especialista de la literatura e un teorician politic. Es una dei pus grandei figuras istoricas de l\u2019occitanisme.<\/p>\n","protected":false},"excerpt":{"rendered":"<p>Son paire se rasava au cot\u00e8u grand, coide levat, en cantant la Traviata. Lo talh ne preni\u00e1 un ritme de valsa e l\u2019escuma blanca, a dicha que se gonflava sus la lama, evocava la crinolina. Eu, lo fiu, se conservava de l\u2019adolesc\u00e9ncia lo repert\u00f2ri dei Beatles. One, two, three, four&#8230;, lo rasador de plastica davalava [&hellip;]<\/p>\n","protected":false},"featured_media":53778,"template":"","meta":{"_acf_changed":false,"_genesis_hide_title":false,"_genesis_hide_breadcrumbs":false,"_genesis_hide_singular_image":false,"_genesis_hide_footer_widgets":false,"_genesis_custom_body_class":"","_genesis_custom_post_class":"","_genesis_layout":""},"product_brand":[],"product_cat":[7133,7175,7183],"product_tag":[],"class_list":{"0":"post-53780","1":"product","2":"type-product","3":"status-publish","4":"has-post-thumbnail","6":"product_cat-libres-oc","7":"product_cat-literatura-oc","8":"product_cat-romans-novelas-oc","9":"pa_editeur-ieo-fr-oc","10":"pa_illustrateur-lafont-robert-oc","11":"pa_langue-occitan-oc","12":"pa_langue-occitan-provencau-oc","13":"entry","15":"first","16":"instock","17":"shipping-taxable","18":"purchasable","19":"product-type-simple"},"acf":[],"_links":{"self":[{"href":"https:\/\/www.libraria-occitana.org\/oc\/wp-json\/wp\/v2\/product\/53780","targetHints":{"allow":["GET"]}}],"collection":[{"href":"https:\/\/www.libraria-occitana.org\/oc\/wp-json\/wp\/v2\/product"}],"about":[{"href":"https:\/\/www.libraria-occitana.org\/oc\/wp-json\/wp\/v2\/types\/product"}],"wp:featuredmedia":[{"embeddable":true,"href":"https:\/\/www.libraria-occitana.org\/oc\/wp-json\/wp\/v2\/media\/53778"}],"wp:attachment":[{"href":"https:\/\/www.libraria-occitana.org\/oc\/wp-json\/wp\/v2\/media?parent=53780"}],"wp:term":[{"taxonomy":"product_brand","embeddable":true,"href":"https:\/\/www.libraria-occitana.org\/oc\/wp-json\/wp\/v2\/product_brand?post=53780"},{"taxonomy":"product_cat","embeddable":true,"href":"https:\/\/www.libraria-occitana.org\/oc\/wp-json\/wp\/v2\/product_cat?post=53780"},{"taxonomy":"product_tag","embeddable":true,"href":"https:\/\/www.libraria-occitana.org\/oc\/wp-json\/wp\/v2\/product_tag?post=53780"}],"curies":[{"name":"wp","href":"https:\/\/api.w.org\/{rel}","templated":true}]}}