{"id":53855,"date":"2021-02-24T20:09:14","date_gmt":"2021-02-24T19:09:14","guid":{"rendered":"http:\/\/www.libraria-occitana.org\/?post_type=product&#038;p=53855"},"modified":"2026-04-29T02:17:01","modified_gmt":"2026-04-29T00:17:01","slug":"pantais-clus","status":"publish","type":"product","link":"https:\/\/www.libraria-occitana.org\/oc\/produch\/pantais-clus\/","title":{"rendered":"Pantais clus"},"content":{"rendered":"<p>\u00ab Pantais Clus ou r\u00eave clos, m\u00e9lange de hip hop, d\u2019\u00e9lectro et de chants traditionnels, bouleverse les codes et dynamite les fronti\u00e8res. Un son \u00e9clectique difficile \u00e0 cerner, qui puise ses influences dans diff\u00e9rentes cultures et diff\u00e9rentes \u00e9poques. \u00bb (Julien, opus-musiques.fr)<\/p>\n<p>\u00ab Pour dire la chose : on a bien failli passer \u00e0 c\u00f4t\u00e9 de ce premier album du chanteur\/rappeur occitan Rodin, en consid\u00e9rant qu\u2019il n\u2019\u00e9tait pas fait pour nous. Le rappeur est originaire de Marseille. Il est n\u00e9 en Allemagne et a \u00e9t\u00e9 \u00e9lev\u00e9 quelque part entre le Maroc, le Liban et l\u2019\u00c9gypte. Actif depuis sept ou huit ans, Rodin, nous dit la feuille de presse, a fond\u00e9 en 2015 avec Denis Sampieri un groupe baptis\u00e9 U\u00e8i, m\u00ealant en langue occitane, engagement militant, Occitanie et musique \u00e9lectronique. \u00c0 l\u2019origine d\u2019un genre unique et qu\u2019eux seuls pratiquent, <em>la cridesta<\/em>, les U\u00e8i sont par nature des d\u00e9fricheurs de sons, \u00e9voluant entre les langues et les mondes. C\u2019est dans une entreprise pionni\u00e8re du m\u00eame type que nous pr\u00e9cipite Rodin avec son premier disque, m\u00e9lange de musiques traditionnelles, d\u2019\u00e9lectronique et de hip-hop. L\u2019objet, adopt\u00e9 par le label transgenre Dora Dorovitch, qui ne vit que pour ces exp\u00e9riences, et les Am\u00e9ricains de Fake Four, est une d\u00e9couverte et une confrontation radicale avec l\u2019insoup\u00e7onnable.<br \/>\nRodin ne fait pas que proposer une musique radicalement nouvelle, il invente et nous projette dans un espace po\u00e9tique dont on avait pas la moindre id\u00e9e avant que ne r\u00e9sonnent les premi\u00e8res notes d\u2019un <em>Pich\u00f2ta Flor<\/em>, bouleversant et dont on ignorera tout de bout en bout. <em>Pantais Clus<\/em> signifie \u201cr\u00eave clos\u201d, un titre aussi abscond que f\u00e9cond, quand on y pipe que dalle. La chanson incorpore des motifs familiers qui appartiennent au champ world, \u00e0 l\u2019univers plus contemporain de la trap, en m\u00eame temps qu\u2019elle dessine d\u2019\u00e9tranges arabesques vocales qui rel\u00e8vent d\u2019h\u00e9ritages inconnus. Entre le spoken word sensuel du d\u00e9but, les motifs jazzy, les souffles de jouissance et le flow fluide \u00e0 l\u2019am\u00e9ricaine, Rodin chante sans laisser d\u2019adresse. On pense \u00e0 un Tricky d\u00e9sarticul\u00e9 et transpos\u00e9 dans la culture m\u00e9diterran\u00e9enne, aux montages et collages fous d\u2019un Senbe\u00ef ou d\u2019un Al\u2019Tarba, nourris \u00e0 mille sources vives, \u00e0 une forme de rencontre improbable entre des MCs de banlieue et des bergers des Pyr\u00e9n\u00e9es. <em>Rei de la luna<\/em> \u00e9voque les polyphonies m\u00e9di\u00e9vales par son utilisation des voix de femmes avant de laisser place \u00e0 un couplet d\u2019amour courtois slamm\u00e9 comme \u00e0 la parade. Rodin se joue des genres et file sur un rai de lumi\u00e8re. <em>Leis Alas dau Temps<\/em> est une comptine miniature qui parle d\u2019amour et du temps qui passe. On capte quelques mots. On croit comprendre ce qu\u2019on ne comprend pas, et puis on finit balanc\u00e9 par les pieds, contre-pieds d\u2019un arrangement qui tient autant de la musique de mus\u00e9e que des musiques urbaines. <em>Pensarai en Tu<\/em> d\u00e9gage une puissance \u00e9vocatrice redoutable, virile et caressante, en m\u00eame temps qu\u2019un raffinement \u00e0 faire fr\u00e9mir d\u2019envie Ma\u00eetre Gims.<br \/>\n<em>Pantais Clus<\/em> est une \u00e9nigme, suspendue entre les genres et les \u00e9poques. La production est \u00e9trangement mainstream et accessible (<em>Ma can\u00e7on<\/em>) mais suffisamment sophistiqu\u00e9e et \u00e9labor\u00e9e pour pouvoir provenir de n\u2019importe o\u00f9 ou de nulle part. On pense parfois aux travaux d\u2019Antipop Consortium, \u00e0 l\u2019arythmie cardiaque de Dose One et des t\u00eates chercheuses d\u2019Anticon. C\u2019est dans cette absence de r\u00e9f\u00e9rent esth\u00e9tique partag\u00e9, de source et d\u2019origine, que la musique de Rodin produit l\u2019\u00e9motion. Le r\u00eave clos est un r\u00eave aux yeux grands ouverts, sublim\u00e9 par la po\u00e9sie irr\u00e9sistible de <em>Temps dei s\u00f2mis<\/em>. Le ton r\u00e9sonne \u00e0 l\u2019Est (oriental) puis \u00e0 l\u2019Ouest, dans un grand \u00e9cart qui d\u00e9sar\u00e7onne autant qu\u2019il fascine.<br \/>\nL\u2019impression g\u00e9n\u00e9rale est qu\u2019on baigne, \u00e0 chaque \u00e9coute, r\u00e9p\u00e9t\u00e9e, dans une confusion croissante aussi d\u00e9concertante que d\u00e9licieuse. La musique de Rodin n\u2019invite pas au voyage. Elle n\u2019agit pas dans l\u2019ostentation ou la recherche d\u2019exotisme. Elle se contente d\u2019exister et de r\u00e9sonner sur et dans une fr\u00e9quence qui lui est propre, avec laquelle on arrivera (ou pas) \u00e0 entrer, par la magie de la rencontre, en synchronie. C\u2019est dans ces instants, irr\u00e9ductibles, o\u00f9 les sinuso\u00efdes, culturelles, amoureuses, sensuelles s\u2019associent et cheminent ensemble que le pouvoir de cette musique est immense et irrempla\u00e7able. \u00bb (Benjamin Berton, sunburnsout.com)<\/p>\n<p>Livret artistique 32 pages couleur + paroles.<br \/>\nLivret 40 pages noir &amp; blanc + paroles, traduction anglais &amp; fran\u00e7ais.<\/p>\n<p><strong>Titres :<\/strong><br \/>\n1. Pich\u00f2ta flor (paroles et musique Rod\u00edn) 4&#8217;08<br \/>\n2. Rei de la luna (paroles et musique Rod\u00edn) 4&#8217;18<br \/>\n3. Leis alas dau temps (paroles et musique Rod\u00edn) 6&#8217;32<br \/>\n4. Pensarai en tu (paroles Rod\u00edn, musique Valentin &amp; Corentin Laborde et Rod\u00edn) 5&#8217;28<br \/>\n5. Ma can\u00e7on (paroles Rod\u00edn, musique Valentin &amp; Corentin Laborde et Rod\u00edn) 4&#8217;41<br \/>\n6. V\u00f2li (paroles Rod\u00edn, musique Denis Sampieri et Rod\u00edn) 7&#8217;02<br \/>\n7. Camin de l&#8217;estela (paroles et musique Rod\u00edn) 3&#8217;41<br \/>\n8. Lo bau\u00e7 (paroles et musique Rod\u00edn) 5&#8217;46<br \/>\n9. Temps deis s\u00f2mis (paroles Rod\u00edn, Lo\u00eds Pezet, Alaa Mansour, musique Rod\u00edn, Phonkhead, Lo\u00eds Pezet) 5&#8217;21<br \/>\n10. Me&#8217;n vau (paroles et musique Rod\u00edn) 7&#8217;00<\/p>\n","protected":false},"excerpt":{"rendered":"<p>\u00ab Pantais Clus ou r\u00eave clos, m\u00e9lange de hip hop, d\u2019\u00e9lectro et de chants traditionnels, bouleverse les codes et dynamite les fronti\u00e8res. Un son \u00e9clectique difficile \u00e0 cerner, qui puise ses influences dans diff\u00e9rentes cultures et diff\u00e9rentes \u00e9poques. \u00bb (Julien, opus-musiques.fr) \u00ab Pour dire la chose : on a bien failli passer \u00e0 c\u00f4t\u00e9 de [&hellip;]<\/p>\n","protected":false},"featured_media":53867,"template":"","meta":{"_acf_changed":false,"_genesis_hide_title":false,"_genesis_hide_breadcrumbs":false,"_genesis_hide_singular_image":false,"_genesis_hide_footer_widgets":false,"_genesis_custom_body_class":"","_genesis_custom_post_class":"","_genesis_layout":""},"product_brand":[],"product_cat":[7221,16683],"product_tag":[],"class_list":{"0":"post-53855","1":"product","2":"type-product","3":"status-publish","4":"has-post-thumbnail","6":"product_cat-hip-hop-electro-oc","7":"product_cat-musica-oc","8":"pa_auteur-rodin-oc","9":"pa_editeur-pantais-records-oc","10":"pa_langue-autras-lingas-oc","11":"pa_langue-occitan-oc","12":"pa_langue-occitan-provencau-oc","13":"entry","15":"first","16":"instock","17":"shipping-taxable","18":"purchasable","19":"product-type-simple"},"acf":[],"_links":{"self":[{"href":"https:\/\/www.libraria-occitana.org\/oc\/wp-json\/wp\/v2\/product\/53855","targetHints":{"allow":["GET"]}}],"collection":[{"href":"https:\/\/www.libraria-occitana.org\/oc\/wp-json\/wp\/v2\/product"}],"about":[{"href":"https:\/\/www.libraria-occitana.org\/oc\/wp-json\/wp\/v2\/types\/product"}],"wp:featuredmedia":[{"embeddable":true,"href":"https:\/\/www.libraria-occitana.org\/oc\/wp-json\/wp\/v2\/media\/53867"}],"wp:attachment":[{"href":"https:\/\/www.libraria-occitana.org\/oc\/wp-json\/wp\/v2\/media?parent=53855"}],"wp:term":[{"taxonomy":"product_brand","embeddable":true,"href":"https:\/\/www.libraria-occitana.org\/oc\/wp-json\/wp\/v2\/product_brand?post=53855"},{"taxonomy":"product_cat","embeddable":true,"href":"https:\/\/www.libraria-occitana.org\/oc\/wp-json\/wp\/v2\/product_cat?post=53855"},{"taxonomy":"product_tag","embeddable":true,"href":"https:\/\/www.libraria-occitana.org\/oc\/wp-json\/wp\/v2\/product_tag?post=53855"}],"curies":[{"name":"wp","href":"https:\/\/api.w.org\/{rel}","templated":true}]}}