{"id":53878,"date":"2021-02-26T16:22:33","date_gmt":"2021-02-26T15:22:33","guid":{"rendered":"http:\/\/www.libraria-occitana.org\/product\/53873\/"},"modified":"2026-04-29T10:19:50","modified_gmt":"2026-04-29T08:19:50","slug":"lo-suau-daus-buous-memoria-de-la-nevia","status":"publish","type":"product","link":"https:\/\/www.libraria-occitana.org\/oc\/produch\/lo-suau-daus-buous-memoria-de-la-nevia\/","title":{"rendered":"Lo Suau daus bu\u00f2us, Mem\u00f2ria de la nevia"},"content":{"rendered":"<p>Jan dau Melhau, escrivan e po\u00e8ta, a revirat en lenga d\u2019\u00f2c <em>Lo Suau daus bu\u00f2us<\/em> e <em>Mem\u00f2ria de la nevia<\/em>, dos recuelhs de Julio Llamazares escrits en castelhan.<br \/>\nAitau, los po\u00e8mas de Julio Llamazares (Vegami\u00e1n, 1955), un daus autors que comptan dins la literatura espanh\u00f2la contemporan\u00e9ia, escrits au comen\u00e7ament de son itinerari d\u2019escrivan e totjorn reeditats d\u2019aiciant\u2019au jorn d\u2019anuech dins sa lenga originala, tr\u00f2ban d\u2019aura en lai ressons e correspond\u00e9ncias en terras lemosinas.<\/p>\n<p><em>La lentitud de los bueyes \u2013 Memoria de la nieve<\/em> de Julio Llamazares, revirats dau texte originau per Jan dau Melhau.<\/p>\n","protected":false},"excerpt":{"rendered":"<p>Jan dau Melhau, escrivan e po\u00e8ta, a revirat en lenga d\u2019\u00f2c Lo Suau daus bu\u00f2us e Mem\u00f2ria de la nevia, dos recuelhs de Julio Llamazares escrits en castelhan. Aitau, los po\u00e8mas de Julio Llamazares (Vegami\u00e1n, 1955), un daus autors que comptan dins la literatura espanh\u00f2la contemporan\u00e9ia, escrits au comen\u00e7ament de son itinerari d\u2019escrivan e totjorn [&hellip;]<\/p>\n","protected":false},"featured_media":53876,"template":"","meta":{"_acf_changed":false,"_genesis_hide_title":false,"_genesis_hide_breadcrumbs":false,"_genesis_hide_singular_image":false,"_genesis_hide_footer_widgets":false,"_genesis_custom_body_class":"","_genesis_custom_post_class":"","_genesis_layout":""},"product_brand":[],"product_cat":[7133,7175,7181],"product_tag":[],"class_list":{"0":"post-53878","1":"product","2":"type-product","3":"status-publish","4":"has-post-thumbnail","6":"product_cat-libres-oc","7":"product_cat-literatura-oc","8":"product_cat-poesia-oc","9":"pa_auteur-llamazares-julio-oc","10":"pa_editeur-letras-doc-oc","11":"pa_illustrateur-melhau-jan-dau-oc","12":"pa_langue-occitan-oc","13":"pa_langue-occitan-lemosin-oc","14":"entry","16":"first","17":"instock","18":"shipping-taxable","19":"purchasable","20":"product-type-simple"},"acf":[],"_links":{"self":[{"href":"https:\/\/www.libraria-occitana.org\/oc\/wp-json\/wp\/v2\/product\/53878","targetHints":{"allow":["GET"]}}],"collection":[{"href":"https:\/\/www.libraria-occitana.org\/oc\/wp-json\/wp\/v2\/product"}],"about":[{"href":"https:\/\/www.libraria-occitana.org\/oc\/wp-json\/wp\/v2\/types\/product"}],"wp:featuredmedia":[{"embeddable":true,"href":"https:\/\/www.libraria-occitana.org\/oc\/wp-json\/wp\/v2\/media\/53876"}],"wp:attachment":[{"href":"https:\/\/www.libraria-occitana.org\/oc\/wp-json\/wp\/v2\/media?parent=53878"}],"wp:term":[{"taxonomy":"product_brand","embeddable":true,"href":"https:\/\/www.libraria-occitana.org\/oc\/wp-json\/wp\/v2\/product_brand?post=53878"},{"taxonomy":"product_cat","embeddable":true,"href":"https:\/\/www.libraria-occitana.org\/oc\/wp-json\/wp\/v2\/product_cat?post=53878"},{"taxonomy":"product_tag","embeddable":true,"href":"https:\/\/www.libraria-occitana.org\/oc\/wp-json\/wp\/v2\/product_tag?post=53878"}],"curies":[{"name":"wp","href":"https:\/\/api.w.org\/{rel}","templated":true}]}}