{"id":53972,"date":"2021-03-24T15:30:54","date_gmt":"2021-03-24T14:30:54","guid":{"rendered":"http:\/\/www.libraria-occitana.org\/product\/1871-les-limousins-et-la-commune\/"},"modified":"2024-07-04T00:02:05","modified_gmt":"2024-07-03T22:02:05","slug":"1871-les-limousins-et-la-commune","status":"publish","type":"product","link":"https:\/\/www.libraria-occitana.org\/oc\/produch\/1871-les-limousins-et-la-commune\/","title":{"rendered":"1871 : Les Limousins et la Commune"},"content":{"rendered":"<p>Par milliers, ils travaillaient sur les chantiers de construction du baron Haussmann pour la transformation de la Capitale. Ils ont alors \u00e9t\u00e9 les premiers \u00e0 s\u2019engager dans la Garde nationale \u00e0 la t\u00eate du soul\u00e8vement. Dans le m\u00eame temps, et \u00e0 l\u2019instar de sept autres villes fran\u00e7aises, la fi\u00e8vre sociale explosait \u00e0 Limoges et se propageait jusque dans les bourgs les plus \u00e9loign\u00e9s.<\/p>\n<p>Le Limousin, arch\u00e9type d\u2019une terre paysanne immuable, a v\u00e9cu intens\u00e9ment la Commune de 1871. On ne le sait pas. Les ouvriers limousins ont pay\u00e9 un lourd tribut. On ne compte ni les morts sur les barricades, ni les fusill\u00e9s, ni les emprisonn\u00e9s, ni les d\u00e9port\u00e9s en Nouvelle-Cal\u00e9donie et en Guyane. On les a presque oubli\u00e9s.<\/p>\n<p>L\u2019insurrection communarde du printemps 1871 a longtemps \u00e9t\u00e9 trait\u00e9e comme une br\u00e8ve convulsion de l\u2019histoire, une anecdote tr\u00e8s parisienne sans cons\u00e9quence, vite effac\u00e9e par l\u2019indiff\u00e9rence ou l\u2019hostilit\u00e9 de la France profonde. Des travaux r\u00e9cents ont mis \u00e0 mal cette id\u00e9e re\u00e7ue et c\u2019est dans cette perspective de recherche que s\u2019inscrit cet ouvrage\u2005: la Commune est aussi une histoire limousine.<\/p>\n<p>Journaliste ind\u00e9pendant, Georges Ch\u00e2tain a travaill\u00e9 pour la presse r\u00e9gionale, nationale et \u00e9trang\u00e8re. Il a r\u00e9alis\u00e9 des films documentaires et a sign\u00e9 plusieurs livres sur le patrimoine et l\u2019histoire du Limousin.<\/p>\n<p>Pr\u00e9face de Maurice Robert, docteur en ethnologie, directeur de recherche au CNRS.<\/p>\n","protected":false},"excerpt":{"rendered":"<p>Par milliers, ils travaillaient sur les chantiers de construction du baron Haussmann pour la transformation de la Capitale. Ils ont alors \u00e9t\u00e9 les premiers \u00e0 s\u2019engager dans la Garde nationale \u00e0 la t\u00eate du soul\u00e8vement. Dans le m\u00eame temps, et \u00e0 l\u2019instar de sept autres villes fran\u00e7aises, la fi\u00e8vre sociale explosait \u00e0 Limoges et se [&hellip;]<\/p>\n","protected":false},"featured_media":53970,"template":"","meta":{"_acf_changed":false,"_genesis_hide_title":false,"_genesis_hide_breadcrumbs":false,"_genesis_hide_singular_image":false,"_genesis_hide_footer_widgets":false,"_genesis_custom_body_class":"","_genesis_custom_post_class":"","_genesis_layout":""},"product_brand":[],"product_cat":[7133,7149,7159],"product_tag":[],"class_list":{"0":"post-53972","1":"product","2":"type-product","3":"status-publish","4":"has-post-thumbnail","6":"product_cat-libres-oc","7":"product_cat-istoria-geografia-oc","8":"product_cat-istoria-moderna-e-contemporala-oc","9":"pa_auteur-chatain-georges-oc","10":"pa_editeur-lucien-souny-oc","11":"pa_langue-francais-oc","12":"entry","14":"first","15":"outofstock","16":"shipping-taxable","17":"purchasable","18":"product-type-simple"},"acf":[],"_links":{"self":[{"href":"https:\/\/www.libraria-occitana.org\/oc\/wp-json\/wp\/v2\/product\/53972","targetHints":{"allow":["GET"]}}],"collection":[{"href":"https:\/\/www.libraria-occitana.org\/oc\/wp-json\/wp\/v2\/product"}],"about":[{"href":"https:\/\/www.libraria-occitana.org\/oc\/wp-json\/wp\/v2\/types\/product"}],"wp:featuredmedia":[{"embeddable":true,"href":"https:\/\/www.libraria-occitana.org\/oc\/wp-json\/wp\/v2\/media\/53970"}],"wp:attachment":[{"href":"https:\/\/www.libraria-occitana.org\/oc\/wp-json\/wp\/v2\/media?parent=53972"}],"wp:term":[{"taxonomy":"product_brand","embeddable":true,"href":"https:\/\/www.libraria-occitana.org\/oc\/wp-json\/wp\/v2\/product_brand?post=53972"},{"taxonomy":"product_cat","embeddable":true,"href":"https:\/\/www.libraria-occitana.org\/oc\/wp-json\/wp\/v2\/product_cat?post=53972"},{"taxonomy":"product_tag","embeddable":true,"href":"https:\/\/www.libraria-occitana.org\/oc\/wp-json\/wp\/v2\/product_tag?post=53972"}],"curies":[{"name":"wp","href":"https:\/\/api.w.org\/{rel}","templated":true}]}}