{"id":54019,"date":"2020-12-31T17:48:48","date_gmt":"2020-12-31T16:48:48","guid":{"rendered":"http:\/\/www.libraria-occitana.org\/?post_type=product&#038;p=54019"},"modified":"2026-04-03T05:56:29","modified_gmt":"2026-04-03T03:56:29","slug":"le-pti-prinss","status":"publish","type":"product","link":"https:\/\/www.libraria-occitana.org\/oc\/produch\/le-pti-prinss\/","title":{"rendered":"L\u00eb P&#8217;ti Prinss&#8217;"},"content":{"rendered":"<p>&#8216;Na version en occitan d&#8217;\u00c9guzon-Chant\u00f4me (36) dau <em>Petit Prince<\/em> de Saint-Exup\u00e9ry. Grafia fonetica de l&#8217;autor.<\/p>\n<p>\u00ab Adje\u00fb, dissi l\u00eb r&#8217;n\u00e2.<br \/>\nT\u00e8, v&#8217; \u00e9 qu\u00f4 mon s\u00ebcr\u00e8. O z&#8217; \u00e9 bin simpye :<br \/>\nN&#8217;vou\u00e9yin byin qu&#8217;av\u00e8c l\u00eb qcheur.<br \/>\nL&#8217;pu impohrtan n&#8217;s\u00eb vou\u00e8y p\u00e2 av\u00e8c l\u00f4s euy&#8217;. \u00bb<\/p>\n<p>Traduccion : Roselyne Chomette-Newhouse. Edicion : Nicolas Quint.<\/p>\n","protected":false},"excerpt":{"rendered":"<p>&#8216;Na version en occitan d&#8217;\u00c9guzon-Chant\u00f4me (36) dau Petit Prince de Saint-Exup\u00e9ry. Grafia fonetica de l&#8217;autor. \u00ab Adje\u00fb, dissi l\u00eb r&#8217;n\u00e2. T\u00e8, v&#8217; \u00e9 qu\u00f4 mon s\u00ebcr\u00e8. O z&#8217; \u00e9 bin simpye : N&#8217;vou\u00e9yin byin qu&#8217;av\u00e8c l\u00eb qcheur. L&#8217;pu impohrtan n&#8217;s\u00eb vou\u00e8y p\u00e2 av\u00e8c l\u00f4s euy&#8217;. \u00bb Traduccion : Roselyne Chomette-Newhouse. Edicion : Nicolas Quint.<\/p>\n","protected":false},"featured_media":54028,"template":"","meta":{"_acf_changed":false,"_genesis_hide_title":false,"_genesis_hide_breadcrumbs":false,"_genesis_hide_singular_image":false,"_genesis_hide_footer_widgets":false,"_genesis_custom_body_class":"","_genesis_custom_post_class":"","_genesis_layout":""},"product_brand":[],"product_cat":[7133,7137,7141],"product_tag":[],"class_list":{"0":"post-54019","1":"product","2":"type-product","3":"status-publish","4":"has-post-thumbnail","6":"product_cat-libres-oc","7":"product_cat-diccionaris-lenga-escolar-oc","8":"product_cat-linguistica-oc","9":"pa_auteur-saint-exupery-antoine-de-fr-oc","10":"pa_editeur-tintenfass-oc","11":"pa_illustrateur-chomette-newhouse-roselyne-oc","12":"pa_illustrateur-quint-nicolas-oc-1","13":"pa_langue-occitan-oc","14":"pa_langue-occitan-lemosin-oc","15":"entry","17":"first","18":"instock","19":"shipping-taxable","20":"purchasable","21":"product-type-simple"},"acf":[],"_links":{"self":[{"href":"https:\/\/www.libraria-occitana.org\/oc\/wp-json\/wp\/v2\/product\/54019","targetHints":{"allow":["GET"]}}],"collection":[{"href":"https:\/\/www.libraria-occitana.org\/oc\/wp-json\/wp\/v2\/product"}],"about":[{"href":"https:\/\/www.libraria-occitana.org\/oc\/wp-json\/wp\/v2\/types\/product"}],"wp:featuredmedia":[{"embeddable":true,"href":"https:\/\/www.libraria-occitana.org\/oc\/wp-json\/wp\/v2\/media\/54028"}],"wp:attachment":[{"href":"https:\/\/www.libraria-occitana.org\/oc\/wp-json\/wp\/v2\/media?parent=54019"}],"wp:term":[{"taxonomy":"product_brand","embeddable":true,"href":"https:\/\/www.libraria-occitana.org\/oc\/wp-json\/wp\/v2\/product_brand?post=54019"},{"taxonomy":"product_cat","embeddable":true,"href":"https:\/\/www.libraria-occitana.org\/oc\/wp-json\/wp\/v2\/product_cat?post=54019"},{"taxonomy":"product_tag","embeddable":true,"href":"https:\/\/www.libraria-occitana.org\/oc\/wp-json\/wp\/v2\/product_tag?post=54019"}],"curies":[{"name":"wp","href":"https:\/\/api.w.org\/{rel}","templated":true}]}}