{"id":54035,"date":"2020-10-31T18:18:41","date_gmt":"2020-10-31T17:18:41","guid":{"rendered":"http:\/\/www.libraria-occitana.org\/?post_type=product&#038;p=54035"},"modified":"2026-04-29T01:37:01","modified_gmt":"2026-04-28T23:37:01","slug":"questions-autour-de-la-mort-de-trois-maquisards-compreignac-le-8-fevrier-1944-la-fin-du-maquis-de-palutras","status":"publish","type":"product","link":"https:\/\/www.libraria-occitana.org\/oc\/produch\/questions-autour-de-la-mort-de-trois-maquisards-compreignac-le-8-fevrier-1944-la-fin-du-maquis-de-palutras\/","title":{"rendered":"Questions autour de la mort de trois maquisards : Compreignac le 8 f\u00e9vrier 1944 : la fin du maquis de Palutras"},"content":{"rendered":"<p>D\u00e9but 1944, un groupe de jeunes r\u00e9sistants se constitue et se cache dans un bois au sud de Compreignac, en Haute-Vienne. Le 8 f\u00e9vrier 1944, une op\u00e9ration de la police fran\u00e7aise tue trois d\u2019entre eux. La st\u00e8le du Mas-Barry ne rend hommage qu\u2019\u00e0 un seul \u00ab combattant du maquis, mort pour la France \u00bb. Mais qui \u00e9tait-il, et qui \u00e9taient ces deux autres hommes ? Nous suivons avec l\u2019auteur la qu\u00eate qui va l\u2019amener \u00e0 \u00e9tablir comment ces jeunes gens se sont retrouv\u00e9s dans les bois de Compreignac\u2026 Cette recherche de documents dura quatre ans. Les t\u00e9moignages se faisaient rares : les bouches sont rest\u00e9es ferm\u00e9es trop longtemps. On sent le poids d\u2019un pass\u00e9 complexe. Une enqu\u00eate brillamment men\u00e9e qui \u00e9tablit les faits, contextualise, permettant d\u2019\u00e9tablir la \u00ab v\u00e9rit\u00e9 \u00bb, d\u2019effectuer la mise \u00e0 jour des faits ignor\u00e9s ou tus pendant des d\u00e9cennies et d\u2019\u00e9clairer des points aveugles de la m\u00e9moire collective.<\/p>\n","protected":false},"excerpt":{"rendered":"<p>D\u00e9but 1944, un groupe de jeunes r\u00e9sistants se constitue et se cache dans un bois au sud de Compreignac, en Haute-Vienne. Le 8 f\u00e9vrier 1944, une op\u00e9ration de la police fran\u00e7aise tue trois d\u2019entre eux. La st\u00e8le du Mas-Barry ne rend hommage qu\u2019\u00e0 un seul \u00ab combattant du maquis, mort pour la France \u00bb. Mais [&hellip;]<\/p>\n","protected":false},"featured_media":54022,"template":"","meta":{"_acf_changed":false,"_genesis_hide_title":false,"_genesis_hide_breadcrumbs":false,"_genesis_hide_singular_image":false,"_genesis_hide_footer_widgets":false,"_genesis_custom_body_class":"","_genesis_custom_post_class":"","_genesis_layout":""},"product_brand":[],"product_cat":[7159,7149,7133],"product_tag":[],"class_list":{"0":"post-54035","1":"product","2":"type-product","3":"status-publish","4":"has-post-thumbnail","6":"product_cat-istoria-moderna-e-contemporala-oc","7":"product_cat-istoria-geografia-oc","8":"product_cat-libres-oc","9":"pa_auteur-penot-christian-oc","10":"pa_editeur-geste-oc","11":"pa_langue-francais-oc","12":"entry","14":"first","15":"instock","16":"shipping-taxable","17":"purchasable","18":"product-type-simple"},"acf":[],"_links":{"self":[{"href":"https:\/\/www.libraria-occitana.org\/oc\/wp-json\/wp\/v2\/product\/54035","targetHints":{"allow":["GET"]}}],"collection":[{"href":"https:\/\/www.libraria-occitana.org\/oc\/wp-json\/wp\/v2\/product"}],"about":[{"href":"https:\/\/www.libraria-occitana.org\/oc\/wp-json\/wp\/v2\/types\/product"}],"wp:featuredmedia":[{"embeddable":true,"href":"https:\/\/www.libraria-occitana.org\/oc\/wp-json\/wp\/v2\/media\/54022"}],"wp:attachment":[{"href":"https:\/\/www.libraria-occitana.org\/oc\/wp-json\/wp\/v2\/media?parent=54035"}],"wp:term":[{"taxonomy":"product_brand","embeddable":true,"href":"https:\/\/www.libraria-occitana.org\/oc\/wp-json\/wp\/v2\/product_brand?post=54035"},{"taxonomy":"product_cat","embeddable":true,"href":"https:\/\/www.libraria-occitana.org\/oc\/wp-json\/wp\/v2\/product_cat?post=54035"},{"taxonomy":"product_tag","embeddable":true,"href":"https:\/\/www.libraria-occitana.org\/oc\/wp-json\/wp\/v2\/product_tag?post=54035"}],"curies":[{"name":"wp","href":"https:\/\/api.w.org\/{rel}","templated":true}]}}