{"id":54043,"date":"2021-03-31T19:35:49","date_gmt":"2021-03-31T17:35:49","guid":{"rendered":"http:\/\/www.libraria-occitana.org\/?post_type=product&#038;p=54043"},"modified":"2026-04-11T05:56:51","modified_gmt":"2026-04-11T03:56:51","slug":"eu-lui","status":"publish","type":"product","link":"https:\/\/www.libraria-occitana.org\/oc\/produch\/eu-lui\/","title":{"rendered":"Eu &#8211; Lui"},"content":{"rendered":"<p>Temptar de tornar constituir un \u00f2me a partir de tr\u00f2ces usats per lo temps, un vas espe\u00e7at qu'avi\u00e1 contengut una vida \u2013 carn, sentiments, \u00e8ime, actes, ligams amb d'autres...<br \/>\nForfolhar dins la p\u00f2ussa das sovenirs, faire parlar de documents \u2013 tal element tr\u00f2p pichon non significant s'av\u00e8ra pasmens indispensable per ne rassemblar dos autres, los esclairar...<br \/>\nD'unes tr\u00f2ces se gardan de colors passidas. Coma \u00e8ran las d'origina ? Las vertadi\u00e8ras ? Qu\u00e9 dison d'un \u00e8sser brisums e colors ?<br \/>\nSer\u00e0 pas completament reconstituit lo vas...<\/p>\n<p>Traduccion francesa de l'autor.<\/p>\n","protected":false},"excerpt":{"rendered":"<p>Temptar de tornar constituir un \u00f2me a partir de tr\u00f2ces usats per lo temps, un vas espe\u00e7at qu&#8217;avi\u00e1 contengut una vida \u2013 carn, sentiments, \u00e8ime, actes, ligams amb d&#8217;autres&#8230; Forfolhar dins la p\u00f2ussa das sovenirs, faire parlar de documents \u2013 tal element tr\u00f2p pichon non significant s&#8217;av\u00e8ra pasmens indispensable per ne rassemblar dos autres, los [&hellip;]<\/p>\n","protected":false},"featured_media":53994,"template":"","meta":{"_acf_changed":false,"_genesis_hide_title":false,"_genesis_hide_breadcrumbs":false,"_genesis_hide_singular_image":false,"_genesis_hide_footer_widgets":false,"_genesis_custom_body_class":"","_genesis_custom_post_class":"","_genesis_layout":""},"product_brand":[],"product_cat":[7133,7175,7187],"product_tag":[],"class_list":{"0":"post-54043","1":"product","2":"type-product","3":"status-publish","4":"has-post-thumbnail","6":"product_cat-libres-oc","7":"product_cat-literatura-oc","8":"product_cat-temonhatges-memoris-oc","9":"pa_auteur-stenta-miquela-oc","10":"pa_editeur-lauceu-libre-oc","11":"pa_langue-occitan-lengadocian-oc","12":"pa_langue-occitan-francais-oc","13":"entry","15":"first","16":"outofstock","17":"shipping-taxable","18":"purchasable","19":"product-type-simple"},"acf":[],"_links":{"self":[{"href":"https:\/\/www.libraria-occitana.org\/oc\/wp-json\/wp\/v2\/product\/54043","targetHints":{"allow":["GET"]}}],"collection":[{"href":"https:\/\/www.libraria-occitana.org\/oc\/wp-json\/wp\/v2\/product"}],"about":[{"href":"https:\/\/www.libraria-occitana.org\/oc\/wp-json\/wp\/v2\/types\/product"}],"wp:featuredmedia":[{"embeddable":true,"href":"https:\/\/www.libraria-occitana.org\/oc\/wp-json\/wp\/v2\/media\/53994"}],"wp:attachment":[{"href":"https:\/\/www.libraria-occitana.org\/oc\/wp-json\/wp\/v2\/media?parent=54043"}],"wp:term":[{"taxonomy":"product_brand","embeddable":true,"href":"https:\/\/www.libraria-occitana.org\/oc\/wp-json\/wp\/v2\/product_brand?post=54043"},{"taxonomy":"product_cat","embeddable":true,"href":"https:\/\/www.libraria-occitana.org\/oc\/wp-json\/wp\/v2\/product_cat?post=54043"},{"taxonomy":"product_tag","embeddable":true,"href":"https:\/\/www.libraria-occitana.org\/oc\/wp-json\/wp\/v2\/product_tag?post=54043"}],"curies":[{"name":"wp","href":"https:\/\/api.w.org\/{rel}","templated":true}]}}