{"id":54060,"date":"2021-04-08T18:50:51","date_gmt":"2021-04-08T16:50:51","guid":{"rendered":"http:\/\/www.libraria-occitana.org\/?post_type=product&#038;p=54060"},"modified":"2026-04-29T01:01:56","modified_gmt":"2026-04-28T23:01:56","slug":"desesperancas-salutarias-diari-literari-desesperances-salutaires-journal-litteraire","status":"publish","type":"product","link":"https:\/\/www.libraria-occitana.org\/oc\/produch\/desesperancas-salutarias-diari-literari-desesperances-salutaires-journal-litteraire\/","title":{"rendered":"Desesperan\u00e7as salut\u00e0rias, diari literari &#8211; D\u00e9sesp\u00e9rances salutaires, journal litt\u00e9raire"},"content":{"rendered":"<blockquote><p>Aquelei t\u00e8xtes son estats escrichs entre 2014 e 2019, au fieu dei jorns. Constituisson de testim\u00f2nis, de reaccions a d'eveniments, d'analisis de la lenga \u00f2 de pensadas sus de lecturas, l'escritura. Lo lector de uei podr\u00e0 pensar que son datats, \u00e7\u00f2 verai. Lei conceb\u00e8m coma de tralhs, la marca dau temps que va. Es per aqu\u00f2 que lei manten\u00e8m dins sa forma, son estil e son contengut.<\/p>\n<p>Lei prepaus d'un panflet son d'evid\u00e9ncia pastats d'ironia critica ; es la l\u00e8i dau genre e l'av\u00e8m pas defugida. D'unei trobar\u00e0n benl\u00e8u que quauqueis afirmacions pareisson exageradas, mai se p\u00f2t pas, sens riscar l'aflaquiment, trebolar un genre per l'aplanir e lo rendre flasc. Aquela ironia critica fogu\u00e8t sempre companha de grafinhadura que, sota l'arpa, s'i devina la volontat d'anar mai avant dins la pensada e la discutida necita per tota lenga e tota cultura.<\/p><\/blockquote>\n<p style=\"text-align: right;\">Portisson<\/p>\n<p>Traduccion francesa de l'autor.<\/p>\n","protected":false},"excerpt":{"rendered":"<p>Aquelei t\u00e8xtes son estats escrichs entre 2014 e 2019, au fieu dei jorns. Constituisson de testim\u00f2nis, de reaccions a d&#8217;eveniments, d&#8217;analisis de la lenga \u00f2 de pensadas sus de lecturas, l&#8217;escritura. Lo lector de uei podr\u00e0 pensar que son datats, \u00e7\u00f2 verai. Lei conceb\u00e8m coma de tralhs, la marca dau temps que va. Es per [&hellip;]<\/p>\n","protected":false},"featured_media":53988,"template":"","meta":{"_acf_changed":false,"_genesis_hide_title":false,"_genesis_hide_breadcrumbs":false,"_genesis_hide_singular_image":false,"_genesis_hide_footer_widgets":false,"_genesis_custom_body_class":"","_genesis_custom_post_class":"","_genesis_layout":""},"product_brand":[],"product_cat":[7133,7175,7187],"product_tag":[],"class_list":{"0":"post-54060","1":"product","2":"type-product","3":"status-publish","4":"has-post-thumbnail","6":"product_cat-libres-oc","7":"product_cat-literatura-oc","8":"product_cat-temonhatges-memoris-oc","9":"pa_auteur-casanova-jean-yves-oc","10":"pa_editeur-lauceu-libre-oc","11":"pa_langue-occitan-provencau-oc","12":"pa_langue-occitan-francais-oc","13":"entry","15":"first","16":"instock","17":"shipping-taxable","18":"purchasable","19":"product-type-simple"},"acf":[],"_links":{"self":[{"href":"https:\/\/www.libraria-occitana.org\/oc\/wp-json\/wp\/v2\/product\/54060","targetHints":{"allow":["GET"]}}],"collection":[{"href":"https:\/\/www.libraria-occitana.org\/oc\/wp-json\/wp\/v2\/product"}],"about":[{"href":"https:\/\/www.libraria-occitana.org\/oc\/wp-json\/wp\/v2\/types\/product"}],"wp:featuredmedia":[{"embeddable":true,"href":"https:\/\/www.libraria-occitana.org\/oc\/wp-json\/wp\/v2\/media\/53988"}],"wp:attachment":[{"href":"https:\/\/www.libraria-occitana.org\/oc\/wp-json\/wp\/v2\/media?parent=54060"}],"wp:term":[{"taxonomy":"product_brand","embeddable":true,"href":"https:\/\/www.libraria-occitana.org\/oc\/wp-json\/wp\/v2\/product_brand?post=54060"},{"taxonomy":"product_cat","embeddable":true,"href":"https:\/\/www.libraria-occitana.org\/oc\/wp-json\/wp\/v2\/product_cat?post=54060"},{"taxonomy":"product_tag","embeddable":true,"href":"https:\/\/www.libraria-occitana.org\/oc\/wp-json\/wp\/v2\/product_tag?post=54060"}],"curies":[{"name":"wp","href":"https:\/\/api.w.org\/{rel}","templated":true}]}}