{"id":54087,"date":"2021-04-15T19:33:58","date_gmt":"2021-04-15T17:33:58","guid":{"rendered":"http:\/\/www.libraria-occitana.org\/product\/setorias-setoises\/"},"modified":"2026-04-21T01:26:45","modified_gmt":"2026-04-20T23:26:45","slug":"setorias-setoises","status":"publish","type":"product","link":"https:\/\/www.libraria-occitana.org\/oc\/produch\/setorias-setoises\/","title":{"rendered":"Set\u00f2rias &#8211; S\u00e9toises"},"content":{"rendered":"<p>Des po\u00e8mes actuels.<\/p>\n<blockquote>\n<p>Quand la figui\u00e8ra de la nu\u00e8it deslarga sa mar\u00e8ia sobeirana, t&#8217;estranhes pas, \u00e7a dison, s&#8217;i veses pi\u00e8l de frucha pel capfu\u00e8lh.<\/p>\n<p>Pas res de confle qu&#8217;amadure, pas res de mofle d&#8217;amanar. Ni figa ni figon per te levar la fam de m\u00f2rdre.<\/p>\n<p>Quand le grand figuier de la nuit r\u00e9pand sa mar\u00e9e souveraine, ne t\u2019\u00e9tonne pas, disent-elles, si tu ne vois aucun fruit parmi les feuilles.<\/p>\n<p>Rien de pulpeux qui m\u00fbrisse, rien de moelleux \u00e0 cueillir. Ni belle ni petite, aucune figue pour t\u2019enlever la faim de mordre.<\/p>\n<\/blockquote>\n<p>Traduction fran\u00e7aise de l&#8217;auteur. Illustration de Ga\u00e9tan Cabannes.<\/p>\n","protected":false},"excerpt":{"rendered":"<p>Des po\u00e8mes actuels. Quand la figui\u00e8ra de la nu\u00e8it deslarga sa mar\u00e8ia sobeirana, t&#8217;estranhes pas, \u00e7a dison, s&#8217;i veses pi\u00e8l de frucha pel capfu\u00e8lh. Pas res de confle qu&#8217;amadure, pas res de mofle d&#8217;amanar. Ni figa ni figon per te levar la fam de m\u00f2rdre. Quand le grand figuier de la nuit r\u00e9pand sa mar\u00e9e [&hellip;]<\/p>\n","protected":false},"featured_media":53979,"template":"","meta":{"_acf_changed":false,"_genesis_hide_title":false,"_genesis_hide_breadcrumbs":false,"_genesis_hide_singular_image":false,"_genesis_hide_footer_widgets":false,"_genesis_custom_body_class":"","_genesis_custom_post_class":"","_genesis_layout":""},"product_brand":[],"product_cat":[7133,7175,7181],"product_tag":[],"class_list":{"0":"post-54087","1":"product","2":"type-product","3":"status-publish","4":"has-post-thumbnail","6":"product_cat-libres-oc","7":"product_cat-literatura-oc","8":"product_cat-poesia-oc","9":"pa_auteur-fijac-frederic-oc-2","10":"pa_editeur-lauceu-libre-oc","11":"pa_langue-occitan-lengadocian-oc","12":"pa_langue-occitan-francais-oc","13":"entry","15":"first","16":"instock","17":"shipping-taxable","18":"purchasable","19":"product-type-simple"},"acf":[],"_links":{"self":[{"href":"https:\/\/www.libraria-occitana.org\/oc\/wp-json\/wp\/v2\/product\/54087","targetHints":{"allow":["GET"]}}],"collection":[{"href":"https:\/\/www.libraria-occitana.org\/oc\/wp-json\/wp\/v2\/product"}],"about":[{"href":"https:\/\/www.libraria-occitana.org\/oc\/wp-json\/wp\/v2\/types\/product"}],"wp:featuredmedia":[{"embeddable":true,"href":"https:\/\/www.libraria-occitana.org\/oc\/wp-json\/wp\/v2\/media\/53979"}],"wp:attachment":[{"href":"https:\/\/www.libraria-occitana.org\/oc\/wp-json\/wp\/v2\/media?parent=54087"}],"wp:term":[{"taxonomy":"product_brand","embeddable":true,"href":"https:\/\/www.libraria-occitana.org\/oc\/wp-json\/wp\/v2\/product_brand?post=54087"},{"taxonomy":"product_cat","embeddable":true,"href":"https:\/\/www.libraria-occitana.org\/oc\/wp-json\/wp\/v2\/product_cat?post=54087"},{"taxonomy":"product_tag","embeddable":true,"href":"https:\/\/www.libraria-occitana.org\/oc\/wp-json\/wp\/v2\/product_tag?post=54087"}],"curies":[{"name":"wp","href":"https:\/\/api.w.org\/{rel}","templated":true}]}}