{"id":54094,"date":"2021-04-16T13:33:57","date_gmt":"2021-04-16T11:33:57","guid":{"rendered":"http:\/\/www.libraria-occitana.org\/product\/luna-roja\/"},"modified":"2026-04-29T05:47:06","modified_gmt":"2026-04-29T03:47:06","slug":"luna-roja","status":"publish","type":"product","link":"https:\/\/www.libraria-occitana.org\/oc\/produch\/luna-roja\/","title":{"rendered":"Luna Roja"},"content":{"rendered":"<p><strong>Fred :<\/strong> Chant, <em>pifre<\/em><br \/>\n<strong>Floreta :<\/strong> Flabiol, <em>gralla<\/em>, <em>sac de gemecs<\/em>, tambour, ch\u0153ur<br \/>\n<strong>Dario :<\/strong> Trompette, <em>gralla<\/em>,<em> sac de gemecs<\/em>, hautbois, ch\u0153ur<br \/>\n<strong>Polo :<\/strong> Synth\u00e9, sax t\u00e9nor, bouzouki, machine, percus, ch\u0153ur<br \/>\n<strong>Franky :<\/strong> Guitare, chant, ch\u0153ur<br \/>\n<strong>N\u00e9n\u00e9 :<\/strong> Basse, ch\u0153ur<br \/>\n<strong>Victor :<\/strong> Batterie, ch\u0153ur<\/p>\n<blockquote>\n<p><strong>Cantarem e dansarem jols la luna roja<\/strong><\/p>\n<p>La lune rouge est une promesse de nuits folles<br \/>\nO\u00f9 les enfants sauvages chanteront et danseront<br \/>\nLa Luna Roja, c\u2019est le pouvoir de l\u2019imaginaire et de la s\u00e9duction<br \/>\nLa Luna Roja, c\u2019est la violence de l\u2019insomnie et l\u2019espoir de l\u2019inconnu<\/p>\n<\/blockquote>\n<p>Au fronti\u00e8re de diff\u00e9rents styles, Goulamas\u2019K revient avec un nouvel album, <em>Luna Roja<\/em>, fid\u00e8le \u00e0 ses pr\u00e9d\u00e9cesseurs : un ska punk bien envoy\u00e9 aux envol\u00e9es m\u00e9tal, une \u00e9nergie brute et contagieuse, des ch\u0153urs rassembleurs, des textes engag\u00e9s en occitan, catalan et fran\u00e7ais.<br \/>\n<em>Luna Roja<\/em>, c\u2019est aussi l\u2019arriv\u00e9e de nouveaux musiciens et de nouvelles sonorit\u00e9s : l\u2019exploration du synth\u00e9 et des machines, le retour de la trompette, le <em>flabiol <\/em>enrichissant les instruments traditionnels au c\u00f4t\u00e9 du sac de <em>gemecs<\/em> et de la <em>gralla<\/em>, marque de fabrique de Goulamas\u2019K.<br \/>\nPass\u00e9s au mixeur de la maturit\u00e9, cela donne un ska rock trad unique, puissant et fougueux.<br \/>\n<em>Luna Roja<\/em> ouvre d\u2019autres horizons dans l\u2019\u00e9criture, une invitation au voyage sous la lune rouge, la force de r\u00eaver au-del\u00e0 de la violence des th\u00e8mes abord\u00e9s.<br \/>\n<em>Luna Roja<\/em> est un album qui r\u00e9jouit et bouscule.<\/p>\n<p>Livret avec les paroles et la traduction en fran\u00e7ais pour les chansons en occitan\/catalan.<\/p>\n<p><strong>Titres :<\/strong><br \/>\n1. Crebar de viure 5&#8217;04<br \/>\n2. Le R\u00f4deur 3&#8217;43<br \/>\n3. Tranquilet 4&#8217;17<br \/>\n4. Luna Roja 4&#8217;21<br \/>\n5. Cash Partie 3&#8217;58<br \/>\n6. Illusoire 4&#8217;22<br \/>\n7. Soi 4&#8217;21<br \/>\n8. La Nuit des Anges 4&#8217;21<br \/>\n9. Maudits 4&#8217;23<\/p>\n","protected":false},"excerpt":{"rendered":"<p>Fred : Chant, pifre Floreta : Flabiol, gralla, sac de gemecs, tambour, ch\u0153ur Dario : Trompette, gralla, sac de gemecs, hautbois, ch\u0153ur Polo : Synth\u00e9, sax t\u00e9nor, bouzouki, machine, percus, ch\u0153ur Franky : Guitare, chant, ch\u0153ur N\u00e9n\u00e9 : Basse, ch\u0153ur Victor : Batterie, ch\u0153ur Cantarem e dansarem jols la luna roja La lune rouge est [&hellip;]<\/p>\n","protected":false},"featured_media":54092,"template":"","meta":{"_acf_changed":false,"_genesis_hide_title":false,"_genesis_hide_breadcrumbs":false,"_genesis_hide_singular_image":false,"_genesis_hide_footer_widgets":false,"_genesis_custom_body_class":"","_genesis_custom_post_class":"","_genesis_layout":""},"product_brand":[],"product_cat":[7235,16683],"product_tag":[],"class_list":{"0":"post-54094","1":"product","2":"type-product","3":"status-publish","4":"has-post-thumbnail","6":"product_cat-eska-reggae-dub-oc","7":"product_cat-musica-oc","8":"pa_auteur-goulamask-oc","9":"pa_editeur-goulamask-fr-oc","10":"pa_langue-autras-lingas-oc","11":"pa_langue-francais-oc","12":"pa_langue-occitan-oc","13":"pa_langue-occitan-lengadocian-oc","14":"entry","16":"first","17":"instock","18":"shipping-taxable","19":"purchasable","20":"product-type-simple"},"acf":[],"_links":{"self":[{"href":"https:\/\/www.libraria-occitana.org\/oc\/wp-json\/wp\/v2\/product\/54094","targetHints":{"allow":["GET"]}}],"collection":[{"href":"https:\/\/www.libraria-occitana.org\/oc\/wp-json\/wp\/v2\/product"}],"about":[{"href":"https:\/\/www.libraria-occitana.org\/oc\/wp-json\/wp\/v2\/types\/product"}],"wp:featuredmedia":[{"embeddable":true,"href":"https:\/\/www.libraria-occitana.org\/oc\/wp-json\/wp\/v2\/media\/54092"}],"wp:attachment":[{"href":"https:\/\/www.libraria-occitana.org\/oc\/wp-json\/wp\/v2\/media?parent=54094"}],"wp:term":[{"taxonomy":"product_brand","embeddable":true,"href":"https:\/\/www.libraria-occitana.org\/oc\/wp-json\/wp\/v2\/product_brand?post=54094"},{"taxonomy":"product_cat","embeddable":true,"href":"https:\/\/www.libraria-occitana.org\/oc\/wp-json\/wp\/v2\/product_cat?post=54094"},{"taxonomy":"product_tag","embeddable":true,"href":"https:\/\/www.libraria-occitana.org\/oc\/wp-json\/wp\/v2\/product_tag?post=54094"}],"curies":[{"name":"wp","href":"https:\/\/api.w.org\/{rel}","templated":true}]}}