{"id":54101,"date":"2021-02-16T16:50:25","date_gmt":"2021-02-16T15:50:25","guid":{"rendered":"http:\/\/www.libraria-occitana.org\/product\/les-identites-meurtrieres\/"},"modified":"2026-04-19T20:26:51","modified_gmt":"2026-04-19T18:26:51","slug":"les-identites-meurtrieres","status":"publish","type":"product","link":"https:\/\/www.libraria-occitana.org\/oc\/produch\/les-identites-meurtrieres\/","title":{"rendered":"Les identit\u00e9s meurtri\u00e8res"},"content":{"rendered":"<p>Que signifie le besoin d\u2019appartenance collective, qu\u2019elle soit culturelle, religieuse ou nationale ? Pourquoi ce d\u00e9sir, en soi l\u00e9gitime, conduit-il si souvent \u00e0 la peur de l\u2019autre et \u00e0 sa n\u00e9gation ? Nos soci\u00e9t\u00e9s sont-elles condamn\u00e9es \u00e0 la violence sous pr\u00e9texte que tous les \u00eatres n\u2019ont pas la m\u00eame langue, la m\u00eame foi ou la m\u00eame couleur ?<\/p>\n<p>N\u00e9 au confluent de plusieurs traditions, le romancier du Rocher de Tanios (prix Goncourt 1993) puise dans son exp\u00e9rience personnelle, aussi bien que dans l\u2019histoire, l\u2019actualit\u00e9 ou la philosophie, pour interroger cette notion cruciale d\u2019identit\u00e9. Il montre comment, loin d\u2019\u00eatre donn\u00e9e une fois pour toutes, l\u2019identit\u00e9 est une construction qui peut varier. Il en d\u00e9nonce les illusions, les pi\u00e8ges, les instrumentations. Il nous invite \u00e0 un humanisme ouvert qui refuse \u00e0 la fois l\u2019uniformisation plan\u00e9taire et le repli sur la \u00abtribu\u00bb.<\/p>\n","protected":false},"excerpt":{"rendered":"<p>Que signifie le besoin d\u2019appartenance collective, qu\u2019elle soit culturelle, religieuse ou nationale ? Pourquoi ce d\u00e9sir, en soi l\u00e9gitime, conduit-il si souvent \u00e0 la peur de l\u2019autre et \u00e0 sa n\u00e9gation ? Nos soci\u00e9t\u00e9s sont-elles condamn\u00e9es \u00e0 la violence sous pr\u00e9texte que tous les \u00eatres n\u2019ont pas la m\u00eame langue, la m\u00eame foi ou la [&hellip;]<\/p>\n","protected":false},"featured_media":54099,"template":"","meta":{"_acf_changed":false,"_genesis_hide_title":false,"_genesis_hide_breadcrumbs":false,"_genesis_hide_singular_image":false,"_genesis_hide_footer_widgets":false,"_genesis_custom_body_class":"","_genesis_custom_post_class":"","_genesis_layout":""},"product_brand":[],"product_cat":[7133,7203],"product_tag":[],"class_list":{"0":"post-54101","1":"product","2":"type-product","3":"status-publish","4":"has-post-thumbnail","6":"product_cat-libres-oc","7":"product_cat-politica-sociologia-actualitat-oc","8":"pa_auteur-maalouf-amin-oc","9":"pa_editeur-grasset-oc","10":"pa_langue-francais-oc","11":"entry","13":"first","14":"instock","15":"shipping-taxable","16":"purchasable","17":"product-type-simple"},"acf":[],"_links":{"self":[{"href":"https:\/\/www.libraria-occitana.org\/oc\/wp-json\/wp\/v2\/product\/54101","targetHints":{"allow":["GET"]}}],"collection":[{"href":"https:\/\/www.libraria-occitana.org\/oc\/wp-json\/wp\/v2\/product"}],"about":[{"href":"https:\/\/www.libraria-occitana.org\/oc\/wp-json\/wp\/v2\/types\/product"}],"wp:featuredmedia":[{"embeddable":true,"href":"https:\/\/www.libraria-occitana.org\/oc\/wp-json\/wp\/v2\/media\/54099"}],"wp:attachment":[{"href":"https:\/\/www.libraria-occitana.org\/oc\/wp-json\/wp\/v2\/media?parent=54101"}],"wp:term":[{"taxonomy":"product_brand","embeddable":true,"href":"https:\/\/www.libraria-occitana.org\/oc\/wp-json\/wp\/v2\/product_brand?post=54101"},{"taxonomy":"product_cat","embeddable":true,"href":"https:\/\/www.libraria-occitana.org\/oc\/wp-json\/wp\/v2\/product_cat?post=54101"},{"taxonomy":"product_tag","embeddable":true,"href":"https:\/\/www.libraria-occitana.org\/oc\/wp-json\/wp\/v2\/product_tag?post=54101"}],"curies":[{"name":"wp","href":"https:\/\/api.w.org\/{rel}","templated":true}]}}