{"id":54148,"date":"2021-04-30T12:07:42","date_gmt":"2021-04-30T10:07:42","guid":{"rendered":"http:\/\/www.libraria-occitana.org\/?post_type=product&#038;p=54148"},"modified":"2026-04-16T21:11:19","modified_gmt":"2026-04-16T19:11:19","slug":"la-vannerie-avec-des-plantes-sauvages","status":"publish","type":"product","link":"https:\/\/www.libraria-occitana.org\/oc\/produch\/la-vannerie-avec-des-plantes-sauvages\/","title":{"rendered":"La vannerie avec des plantes sauvages"},"content":{"rendered":"<p><strong>Techniques et pas \u00e0 pas d\u00e9taill\u00e9s pour r\u00e9aliser des objets de vannerie avec des plantes sauvages communes<\/strong><\/p>\n<p>Alors que la vannerie traditionnelle se pratique essentiellement avec de l&#8217;osier, il est possible d&#8217;utiliser en vannerie un grand nombre d&#8217;autres plantes, disponibles en abondance dans la nature, telles que ronce, gen\u00eat, noisetier, lierre, jonc, ortie, etc.<\/p>\n<p>Avec ce livre, cette vannerie avec des plantes sauvages n&#8217;aura plus de secret pour vous. Vous saurez reconna\u00eetre et pr\u00e9parer les esp\u00e8ces appropri\u00e9es et apprendrez, gr\u00e2ce \u00e0 des pas \u00e0 pas photographiques d\u00e9taill\u00e9s, \u00e0 les tresser pour fabriquer une quinzaine d&#8217;objets utilitaires, comme des paniers ou des pots \u00e0 crayons, ludiques, comme des hochets ou des bateaux de jonc, ou tout simplement d\u00e9coratifs.<\/p>\n<p><strong>Sommaire<\/strong><\/p>\n<ul>\n<li><strong>Plantes utilis\u00e9es en vannerie sauvage<\/strong><br \/>\nBourdaine (Frangula alnus)<br \/>\nCh\u00e2taignier commun (Castanea sativa)<br \/>\nCh\u00e8vrefeuille des bois (Lonicera periclymenum)<br \/>\nCl\u00e9matite des haies (Clematis vitalba)<br \/>\nCornouiller sanguin (Cornus sanguinea)<br \/>\nFragon (Ruscus aculeatus)<br \/>\nGen\u00eat \u00e0 balais (Cytisus scoparius)<br \/>\nGrande ortie (Urtica dioica)<br \/>\nHoublon (Humulus lupulus)<br \/>\nJonc \u00e9pars (Juncus effusus)<br \/>\nLierre grimpant (Hedera helix)<br \/>\nMassette \u00e0 larges feuilles (Typha latifolia)<br \/>\nNoisetier (Corylus avellana)<br \/>\nPetite pervenche (Vinca minor)<br \/>\nRonce des bois (Rubus fruticosus)<br \/>\nSaule marsault (Salix caprea)<br \/>\nTro\u00e8ne commun (Ligustrum vulgare)<br \/>\nViorne lantane (Viburnum lantana)<\/li>\n<\/ul>\n<p>&nbsp;<\/p>\n<ul>\n<li><strong>Outils du vannier techniques de vannerie<\/strong><br \/>\nLes \u00e9clisses<br \/>\nL\u2019\u00e9cor\u00e7age<br \/>\nLes fonds<br \/>\nLes ligatures<br \/>\nLes tressages<\/li>\n<\/ul>\n<p>&nbsp;<\/p>\n<ul>\n<li><strong>Pas \u00e0 pas<\/strong><br \/>\nFabriquer une cordelette en ortie<br \/>\nFabriquer une cordelette en jonc<br \/>\nFabriquer un panier sur arceaux<br \/>\nFabriquer une besace<br \/>\nFabriquer un pot \u00e0 crayons<br \/>\nFabriquer une mangeoire \u00e0 oiseaux<br \/>\nFabriquer un paillassou<br \/>\nFabriquer une sph\u00e8re v\u00e9g\u00e9tale<br \/>\nFabriquer un oiseau<br \/>\nFabriquer un nid<br \/>\nFabriquer un hochet en jonc<br \/>\nFabriquer un panier en jonc<br \/>\nFabriquer une croix de Sainte Brigitte<br \/>\nFabriquer un bateau en jonc<br \/>\nFabriquer un \u00e9l\u00e9ment d\u00e9coratif en plantain lanc\u00e9ol\u00e9<\/li>\n<\/ul>\n","protected":false},"excerpt":{"rendered":"<p>Techniques et pas \u00e0 pas d\u00e9taill\u00e9s pour r\u00e9aliser des objets de vannerie avec des plantes sauvages communes Alors que la vannerie traditionnelle se pratique essentiellement avec de l&#8217;osier, il est possible d&#8217;utiliser en vannerie un grand nombre d&#8217;autres plantes, disponibles en abondance dans la nature, telles que ronce, gen\u00eat, noisetier, lierre, jonc, ortie, etc. Avec [&hellip;]<\/p>\n","protected":false},"featured_media":54139,"template":"","meta":{"_acf_changed":false,"_genesis_hide_title":false,"_genesis_hide_breadcrumbs":false,"_genesis_hide_singular_image":false,"_genesis_hide_footer_widgets":false,"_genesis_custom_body_class":"","_genesis_custom_post_class":"","_genesis_layout":""},"product_brand":[],"product_cat":[7133,7213,7207],"product_tag":[],"class_list":{"0":"post-54148","1":"product","2":"type-product","3":"status-publish","4":"has-post-thumbnail","6":"product_cat-libres-oc","7":"product_cat-metiers-saubre-far-oc","8":"product_cat-tradicions-patrimoni-oc","9":"pa_auteur-bonnal-christelle-oc","10":"pa_editeur-editions-ulmer-oc","11":"pa_langue-francais-oc","12":"entry","14":"first","15":"outofstock","16":"shipping-taxable","17":"purchasable","18":"product-type-simple"},"acf":[],"_links":{"self":[{"href":"https:\/\/www.libraria-occitana.org\/oc\/wp-json\/wp\/v2\/product\/54148","targetHints":{"allow":["GET"]}}],"collection":[{"href":"https:\/\/www.libraria-occitana.org\/oc\/wp-json\/wp\/v2\/product"}],"about":[{"href":"https:\/\/www.libraria-occitana.org\/oc\/wp-json\/wp\/v2\/types\/product"}],"wp:featuredmedia":[{"embeddable":true,"href":"https:\/\/www.libraria-occitana.org\/oc\/wp-json\/wp\/v2\/media\/54139"}],"wp:attachment":[{"href":"https:\/\/www.libraria-occitana.org\/oc\/wp-json\/wp\/v2\/media?parent=54148"}],"wp:term":[{"taxonomy":"product_brand","embeddable":true,"href":"https:\/\/www.libraria-occitana.org\/oc\/wp-json\/wp\/v2\/product_brand?post=54148"},{"taxonomy":"product_cat","embeddable":true,"href":"https:\/\/www.libraria-occitana.org\/oc\/wp-json\/wp\/v2\/product_cat?post=54148"},{"taxonomy":"product_tag","embeddable":true,"href":"https:\/\/www.libraria-occitana.org\/oc\/wp-json\/wp\/v2\/product_tag?post=54148"}],"curies":[{"name":"wp","href":"https:\/\/api.w.org\/{rel}","templated":true}]}}