{"id":54191,"date":"2021-01-12T19:07:01","date_gmt":"2021-01-12T18:07:01","guid":{"rendered":"http:\/\/www.libraria-occitana.org\/product\/loliu-del-giratori-conte-ecologic\/"},"modified":"2026-04-23T08:06:19","modified_gmt":"2026-04-23T06:06:19","slug":"loliu-del-giratori-conte-ecologic","status":"publish","type":"product","link":"https:\/\/www.libraria-occitana.org\/oc\/produch\/loliu-del-giratori-conte-ecologic\/","title":{"rendered":"L&#8217;oliu del girat\u00f2ri : Conte ecologic"},"content":{"rendered":"<blockquote>\n<p>M\u2019an plantat aic\u00ed al mi\u00e8g d\u2019aquel girat\u00f2ri ont milierats de veiculs de tota mena se preissan en grand tarabast, en redond, s\u2019ag\u00eds da\u2019una ronda ? Curiosa ronda ! Son\u00f2ra, bronzinanta e que pud\u00eds&#8230;<\/p>\n<p>Mon exili\u2026 aqueste cercle de missanta t\u00e8rra ont los \u00f2mes vestits de jaune flu\u00f2 an escampat, d\u2019aqu\u00ed entr\u2019aqu\u00ed, unis bl\u00f2cs de p\u00e8ira que fan mina de me protegir de las veituras calugas e retenon coma p\u00f2don lo s\u00f2l a mas rasigas.<\/p>\n<\/blockquote>\n<p>Per los 9-12 ans.<\/p>\n","protected":false},"excerpt":{"rendered":"<p>M\u2019an plantat aic\u00ed al mi\u00e8g d\u2019aquel girat\u00f2ri ont milierats de veiculs de tota mena se preissan en grand tarabast, en redond, s\u2019ag\u00eds da\u2019una ronda ? Curiosa ronda ! Son\u00f2ra, bronzinanta e que pud\u00eds&#8230; Mon exili\u2026 aqueste cercle de missanta t\u00e8rra ont los \u00f2mes vestits de jaune flu\u00f2 an escampat, d\u2019aqu\u00ed entr\u2019aqu\u00ed, unis bl\u00f2cs de p\u00e8ira [&hellip;]<\/p>\n","protected":false},"featured_media":54189,"template":"","meta":{"_acf_changed":false,"_genesis_hide_title":false,"_genesis_hide_breadcrumbs":false,"_genesis_hide_singular_image":false,"_genesis_hide_footer_widgets":false,"_genesis_custom_body_class":"","_genesis_custom_post_class":"","_genesis_layout":""},"product_brand":[],"product_cat":[7167,7165,7133],"product_tag":[],"class_list":{"0":"post-54191","1":"product","2":"type-product","3":"status-publish","4":"has-post-thumbnail","6":"product_cat-ados-oc","7":"product_cat-jounessa-bd-umor","8":"product_cat-libres-oc","9":"pa_auteur-jahan-annick-oc","10":"pa_editeur-editions-lan-demain-oc","11":"pa_illustrateur-puig-cecile-oc","12":"pa_illustrateur-rey-paul-oc","13":"pa_langue-occitan-oc","14":"pa_langue-occitan-lengadocian-oc","15":"entry","17":"first","18":"instock","19":"shipping-taxable","20":"purchasable","21":"product-type-simple"},"acf":[],"_links":{"self":[{"href":"https:\/\/www.libraria-occitana.org\/oc\/wp-json\/wp\/v2\/product\/54191","targetHints":{"allow":["GET"]}}],"collection":[{"href":"https:\/\/www.libraria-occitana.org\/oc\/wp-json\/wp\/v2\/product"}],"about":[{"href":"https:\/\/www.libraria-occitana.org\/oc\/wp-json\/wp\/v2\/types\/product"}],"wp:featuredmedia":[{"embeddable":true,"href":"https:\/\/www.libraria-occitana.org\/oc\/wp-json\/wp\/v2\/media\/54189"}],"wp:attachment":[{"href":"https:\/\/www.libraria-occitana.org\/oc\/wp-json\/wp\/v2\/media?parent=54191"}],"wp:term":[{"taxonomy":"product_brand","embeddable":true,"href":"https:\/\/www.libraria-occitana.org\/oc\/wp-json\/wp\/v2\/product_brand?post=54191"},{"taxonomy":"product_cat","embeddable":true,"href":"https:\/\/www.libraria-occitana.org\/oc\/wp-json\/wp\/v2\/product_cat?post=54191"},{"taxonomy":"product_tag","embeddable":true,"href":"https:\/\/www.libraria-occitana.org\/oc\/wp-json\/wp\/v2\/product_tag?post=54191"}],"curies":[{"name":"wp","href":"https:\/\/api.w.org\/{rel}","templated":true}]}}