{"id":54213,"date":"2021-05-14T18:14:41","date_gmt":"2021-05-14T16:14:41","guid":{"rendered":"http:\/\/www.libraria-occitana.org\/?post_type=product&#038;p=54213"},"modified":"2026-04-29T01:31:26","modified_gmt":"2026-04-28T23:31:26","slug":"de-tiala-boiradissa-de-toile-metisse","status":"publish","type":"product","link":"https:\/\/www.libraria-occitana.org\/oc\/produch\/de-tiala-boiradissa-de-toile-metisse\/","title":{"rendered":"De tiala boiradissa &#8211; De toile m\u00e9tisse"},"content":{"rendered":"<p>En occitan lemosin sus la paja de drecha, emb la revirada en franc\u00e9s sus la paja de&#8217;n f\u00e0cia.<\/p>\n<blockquote>\n<p>Chasque matin, ieu m&#8217;esvelhava d&#8217;abora e esperava la clardat per partir dins las venas dau boesc dau plafons ente rescontrava dau monde au nas f\u00f2rt, aus bra\u00e7 solides coma daus marns de chaisne, a la g\u00f2rja badanta, que s&#8217;esbraciavan e credavan e dan\u00e7avan ; qu&#8217;avian una arma. Daus chens que japavan, daus chavaus cavalants, de las lebres finas, daus picataus mocandiers, daus monts, daus fons, daus chamins, de las fonts, daus aubres a la caborna prunda ente demoravan lo chavan e la chi\u00f2ta, \u00ab sa femna \u00bb&#8230; davant de tornar cloncar dins &#8216;queu monde ente los rais dau solelh que colavan entre las br\u00f2chas folhadas &#8216;ribavan pas de trauchar l&#8217;aiga bruna daus estanhs prunds e silencios ente prenia la mendra f\u00f2rma blancha jos la surfacia per una nejada.<\/p>\n<\/blockquote>\n<p>Descubriguerem Francesa Dudognon fai dos ans quand las edicions Maiade fagueren pareisser d&#8217;ela <a href=\"http:\/\/www.libraria-occitana.org\/produit\/le-limon-de-lame\/\"><em>Le limon de l\u2019\u00e2me<\/em><\/a>.<br \/>\nUn ton, un biais de menar son afar, &#8216;n estil que !<br \/>\nL-i auria &#8216;na autra definicion de la literatura ?<br \/>\nDempuei es tornada a la lenga daus seus, a fach, coma disen, lo pas.<br \/>\nE &#8216;quo es lo mesma bona\u00fcr de zo legir.<br \/>\n&#8216;Na escriveiritz es nascuda a l&#8217;occitan.<\/p>\n<p>Qu&#8217;es daus sovenirs dau temps que &#8216;l&#8217;era goiata que l&#8217;autora desb\u00f2tja &#8216;qu\u00ed. Daus sovenirs ente se parla mai que mai de las femnas e de lor pla\u00e7a dins &#8216;quela societat rurala. Lo libre se drueba sur una ist\u00f2ria d&#8217;a\u00fcei, qu&#8217;un t\u00f2rna trobar en sega de chasque sovenir contat : l&#8217;ist\u00f2ria d&#8217;una femna que viu tota sola a la campanha, einoiada de l&#8217;avan\u00e7as apoiadas que son vesin paisan, malaude de viure tot sol, ne &#8216;resta pas de li far.<\/p>\n<p>\u00ab Trobaretz &#8216;qui los crestians e las chausas contats taus coma se caten dins ma charn, enguera que dins la lonhdor dau passat de gaza leugiera ; mas &#8216;qu\u00f2 seri\u00e1 plan vertadier de dire que me cate darrier ilhs ; me, e \u00e7\u00f2 que p\u00f2rte de mon a\u00fcei de tiala boiradissa tenchida color de n\u00f2stre temps. \u00bb<\/p>\n<p>\u00ab Emai z&#8217;aia tot &#8216;dobat a ma m\u00f2da, res de pus vrai que \u00e7\u00f2 que conte &#8216;qui, tan simple fuguessa&#8230; &#8216;Quo es l&#8217;ist\u00f2ria de tot lo monde. &#8216;N autre biais de l&#8217;Ist\u00f2ria. N-i en a que disen \u00ab la p&#8217;ita ist\u00f2ria \u00bb, l&#8217;ist\u00f2ria de paubra gent, d&#8217;una femna&#8230; Ieu, dise de las femnas ; l&#8217;ist\u00f2ria prunda, la font. \u00bb<\/p>\n","protected":false},"excerpt":{"rendered":"<p>En occitan lemosin sus la paja de drecha, emb la revirada en franc\u00e9s sus la paja de&#8217;n f\u00e0cia. Chasque matin, ieu m&#8217;esvelhava d&#8217;abora e esperava la clardat per partir dins las venas dau boesc dau plafons ente rescontrava dau monde au nas f\u00f2rt, aus bra\u00e7 solides coma daus marns de chaisne, a la g\u00f2rja badanta, [&hellip;]<\/p>\n","protected":false},"featured_media":54216,"template":"","meta":{"_acf_changed":false,"_genesis_hide_title":false,"_genesis_hide_breadcrumbs":false,"_genesis_hide_singular_image":false,"_genesis_hide_footer_widgets":false,"_genesis_custom_body_class":"","_genesis_custom_post_class":"","_genesis_layout":""},"product_brand":[],"product_cat":[7133,7175,7187],"product_tag":[],"class_list":{"0":"post-54213","1":"product","2":"type-product","3":"status-publish","4":"has-post-thumbnail","6":"product_cat-libres-oc","7":"product_cat-literatura-oc","8":"product_cat-temonhatges-memoris-oc","9":"pa_auteur-dudognon-francoise-oc","10":"pa_editeur-ieo-lemosin-oc","11":"pa_langue-occitan-lemosin-oc","12":"pa_langue-occitan-francais-oc","13":"entry","15":"first","16":"instock","17":"shipping-taxable","18":"purchasable","19":"product-type-simple"},"acf":[],"_links":{"self":[{"href":"https:\/\/www.libraria-occitana.org\/oc\/wp-json\/wp\/v2\/product\/54213","targetHints":{"allow":["GET"]}}],"collection":[{"href":"https:\/\/www.libraria-occitana.org\/oc\/wp-json\/wp\/v2\/product"}],"about":[{"href":"https:\/\/www.libraria-occitana.org\/oc\/wp-json\/wp\/v2\/types\/product"}],"wp:featuredmedia":[{"embeddable":true,"href":"https:\/\/www.libraria-occitana.org\/oc\/wp-json\/wp\/v2\/media\/54216"}],"wp:attachment":[{"href":"https:\/\/www.libraria-occitana.org\/oc\/wp-json\/wp\/v2\/media?parent=54213"}],"wp:term":[{"taxonomy":"product_brand","embeddable":true,"href":"https:\/\/www.libraria-occitana.org\/oc\/wp-json\/wp\/v2\/product_brand?post=54213"},{"taxonomy":"product_cat","embeddable":true,"href":"https:\/\/www.libraria-occitana.org\/oc\/wp-json\/wp\/v2\/product_cat?post=54213"},{"taxonomy":"product_tag","embeddable":true,"href":"https:\/\/www.libraria-occitana.org\/oc\/wp-json\/wp\/v2\/product_tag?post=54213"}],"curies":[{"name":"wp","href":"https:\/\/api.w.org\/{rel}","templated":true}]}}