{"id":54239,"date":"2020-02-19T12:52:55","date_gmt":"2020-02-19T11:52:55","guid":{"rendered":"http:\/\/www.libraria-occitana.org\/?post_type=product&#038;p=54239"},"modified":"2026-04-02T21:36:51","modified_gmt":"2026-04-02T19:36:51","slug":"creuse-les-30-plus-beaux-sentiers-chamina","status":"publish","type":"product","link":"https:\/\/www.libraria-occitana.org\/oc\/produch\/creuse-les-30-plus-beaux-sentiers-chamina\/","title":{"rendered":"Creuse : Les 30 plus beaux sentiers Chamina"},"content":{"rendered":"<p>Les plus belles randonn\u00e9es, issues d\u2019une s\u00e9lection rigoureuse, r\u00e9unies en un seul ouvrage avec carnet pratique, pages consacr\u00e9es \u00e0 la d\u00e9couverte patrimoniales, descriptifs d\u00e9taill\u00e9s et cartes faciles \u00e0 lire.<\/p>\n<p>Les 30 plus beaux sentiers Chamina en Creuse, r\u00e9unis dans un seul ouvrage, pour arpenter \u00e0 pied ce territoire historique du Limousin dont une partie est prot\u00e9g\u00e9e par le Parc naturel r\u00e9gional de Millevaches en Limousin.<\/p>\n<p>Paysages travers\u00e9s :<br \/>\n&#8211; la Combraille limousine, pays de bocage (nord-est, limite du Bourbonnais)<br \/>\n&#8211; le Bas-Berry creusois, sillonn\u00e9 par la Creuse et la petite Creuse<br \/>\n&#8211; la Marche, autour de Gu\u00e9ret<br \/>\n&#8211; le plateau de Millevaches, point culminant de la Creuse (932 m d\u2019altitude)<\/p>\n","protected":false},"excerpt":{"rendered":"<p>Les plus belles randonn\u00e9es, issues d\u2019une s\u00e9lection rigoureuse, r\u00e9unies en un seul ouvrage avec carnet pratique, pages consacr\u00e9es \u00e0 la d\u00e9couverte patrimoniales, descriptifs d\u00e9taill\u00e9s et cartes faciles \u00e0 lire. Les 30 plus beaux sentiers Chamina en Creuse, r\u00e9unis dans un seul ouvrage, pour arpenter \u00e0 pied ce territoire historique du Limousin dont une partie est [&hellip;]<\/p>\n","protected":false},"featured_media":54242,"template":"","meta":{"_acf_changed":false,"_genesis_hide_title":false,"_genesis_hide_breadcrumbs":false,"_genesis_hide_singular_image":false,"_genesis_hide_footer_widgets":false,"_genesis_custom_body_class":"","_genesis_custom_post_class":"","_genesis_layout":""},"product_brand":[],"product_cat":[7133,7197,7199],"product_tag":[],"class_list":{"0":"post-54239","1":"product","2":"type-product","3":"status-publish","4":"has-post-thumbnail","6":"product_cat-libres-oc","7":"product_cat-natura-torisme-oc","8":"product_cat-guides-torisme-viatge-oc","9":"pa_auteur-collectiu-oc-2","10":"pa_editeur-chamina-edition-oc","11":"pa_langue-francais-oc","12":"entry","14":"first","15":"outofstock","16":"shipping-taxable","17":"purchasable","18":"product-type-simple"},"acf":[],"_links":{"self":[{"href":"https:\/\/www.libraria-occitana.org\/oc\/wp-json\/wp\/v2\/product\/54239","targetHints":{"allow":["GET"]}}],"collection":[{"href":"https:\/\/www.libraria-occitana.org\/oc\/wp-json\/wp\/v2\/product"}],"about":[{"href":"https:\/\/www.libraria-occitana.org\/oc\/wp-json\/wp\/v2\/types\/product"}],"wp:featuredmedia":[{"embeddable":true,"href":"https:\/\/www.libraria-occitana.org\/oc\/wp-json\/wp\/v2\/media\/54242"}],"wp:attachment":[{"href":"https:\/\/www.libraria-occitana.org\/oc\/wp-json\/wp\/v2\/media?parent=54239"}],"wp:term":[{"taxonomy":"product_brand","embeddable":true,"href":"https:\/\/www.libraria-occitana.org\/oc\/wp-json\/wp\/v2\/product_brand?post=54239"},{"taxonomy":"product_cat","embeddable":true,"href":"https:\/\/www.libraria-occitana.org\/oc\/wp-json\/wp\/v2\/product_cat?post=54239"},{"taxonomy":"product_tag","embeddable":true,"href":"https:\/\/www.libraria-occitana.org\/oc\/wp-json\/wp\/v2\/product_tag?post=54239"}],"curies":[{"name":"wp","href":"https:\/\/api.w.org\/{rel}","templated":true}]}}