{"id":54248,"date":"2019-03-19T13:13:39","date_gmt":"2019-03-19T12:13:39","guid":{"rendered":"http:\/\/www.libraria-occitana.org\/product\/curiosites-geologiques-de-la-correze-limousin\/"},"modified":"2026-04-25T22:01:24","modified_gmt":"2026-04-25T20:01:24","slug":"curiosites-geologiques-de-la-correze-limousin","status":"publish","type":"product","link":"https:\/\/www.libraria-occitana.org\/oc\/produch\/curiosites-geologiques-de-la-correze-limousin\/","title":{"rendered":"Curiosit\u00e9s g\u00e9ologiques de la Corr\u00e8ze (Limousin)"},"content":{"rendered":"<p>Rouge \u00e9blouissant de Collonges, plateaux ouverts et chaos granitiques du Millevaches, Turenne et sa butte t\u00e9moin du causse corr\u00e9zien, ou bien encore les vall\u00e9es encaiss\u00e9es et les forteresses m\u00e9di\u00e9vales de la Xaintrie, la Corr\u00e8ze est assur\u00e9ment le d\u00e9partement du Limousin le plus contrast\u00e9.<br \/>\nTourbi\u00e8res, \u00e9tangs et sources, ardoises, or ou charbon : des ressources naturelles qui ont particip\u00e9 \u00e0 l&#8217;essor du d\u00e9partement.<\/p>\n<p>Des paysages naturels issus de plusieurs millions d&#8217;ann\u00e9es d&#8217;\u00e9volution reposant sur un sous-sol dont le patrimoine g\u00e9ologique constitue le socle pour tous les autres. Indissociable de celle du Massif central, l&#8217;histoire g\u00e9ologique de la Corr\u00e8ze r\u00e9sulte d&#8217;une \u00e9volution complexe sur pr\u00e8s de 550 millions d&#8217;ann\u00e9es !<br \/>\n26 sites remarquables vous feront d\u00e9couvrir la g\u00e9odiversit\u00e9 \u00e0 l&#8217;origine des magnifiques paysages de cette partie du Limousin. Et pour parfaire ce tour d&#8217;horizon g\u00e9ologique, un aper\u00e7u de la biodiversit\u00e9 corr\u00e9zienne vous est propos\u00e9.<\/p>\n","protected":false},"excerpt":{"rendered":"<p>Rouge \u00e9blouissant de Collonges, plateaux ouverts et chaos granitiques du Millevaches, Turenne et sa butte t\u00e9moin du causse corr\u00e9zien, ou bien encore les vall\u00e9es encaiss\u00e9es et les forteresses m\u00e9di\u00e9vales de la Xaintrie, la Corr\u00e8ze est assur\u00e9ment le d\u00e9partement du Limousin le plus contrast\u00e9. Tourbi\u00e8res, \u00e9tangs et sources, ardoises, or ou charbon : des ressources naturelles [&hellip;]<\/p>\n","protected":false},"featured_media":54246,"template":"","meta":{"_acf_changed":false,"_genesis_hide_title":false,"_genesis_hide_breadcrumbs":false,"_genesis_hide_singular_image":false,"_genesis_hide_footer_widgets":false,"_genesis_custom_body_class":"","_genesis_custom_post_class":"","_genesis_layout":""},"product_brand":[],"product_cat":[7199,7133,7197],"product_tag":[],"class_list":{"0":"post-54248","1":"product","2":"type-product","3":"status-publish","4":"has-post-thumbnail","6":"product_cat-guides-torisme-viatge-oc","7":"product_cat-libres-oc","8":"product_cat-natura-torisme-oc","9":"pa_auteur-bost-nicolas-oc","10":"pa_auteur-charles-nicolas-oc","11":"pa_editeur-brgm-editions-oc","12":"pa_langue-francais-oc","13":"entry","15":"first","16":"instock","17":"shipping-taxable","18":"purchasable","19":"product-type-simple"},"acf":[],"_links":{"self":[{"href":"https:\/\/www.libraria-occitana.org\/oc\/wp-json\/wp\/v2\/product\/54248","targetHints":{"allow":["GET"]}}],"collection":[{"href":"https:\/\/www.libraria-occitana.org\/oc\/wp-json\/wp\/v2\/product"}],"about":[{"href":"https:\/\/www.libraria-occitana.org\/oc\/wp-json\/wp\/v2\/types\/product"}],"wp:featuredmedia":[{"embeddable":true,"href":"https:\/\/www.libraria-occitana.org\/oc\/wp-json\/wp\/v2\/media\/54246"}],"wp:attachment":[{"href":"https:\/\/www.libraria-occitana.org\/oc\/wp-json\/wp\/v2\/media?parent=54248"}],"wp:term":[{"taxonomy":"product_brand","embeddable":true,"href":"https:\/\/www.libraria-occitana.org\/oc\/wp-json\/wp\/v2\/product_brand?post=54248"},{"taxonomy":"product_cat","embeddable":true,"href":"https:\/\/www.libraria-occitana.org\/oc\/wp-json\/wp\/v2\/product_cat?post=54248"},{"taxonomy":"product_tag","embeddable":true,"href":"https:\/\/www.libraria-occitana.org\/oc\/wp-json\/wp\/v2\/product_tag?post=54248"}],"curies":[{"name":"wp","href":"https:\/\/api.w.org\/{rel}","templated":true}]}}